{"id":9497,"date":"2023-10-18T12:47:42","date_gmt":"2023-10-18T10:47:42","guid":{"rendered":"https:\/\/fablab21.fr\/?page_id=6405"},"modified":"2025-12-02T15:56:09","modified_gmt":"2025-12-02T14:56:09","slug":"prise-en-main-du-meta-quest-pro","status":"publish","type":"page","link":"https:\/\/www.association-ore.fr\/fr\/tutos\/tutos-realite-virtuelle\/prise-en-main-du-meta-quest-pro\/","title":{"rendered":"Prise en main du Meta Quest Pro"},"content":{"rendered":"\t\t<div data-elementor-type=\"wp-page\" data-elementor-id=\"9497\" class=\"elementor elementor-9497\" data-elementor-post-type=\"page\">\n\t\t\t\t\t\t<section class=\"elementor-section elementor-top-section elementor-element elementor-element-837474f elementor-section-boxed elementor-section-height-default elementor-section-height-default jltma-glass-effect-no\" data-id=\"837474f\" data-element_type=\"section\">\n\t\t\t\t\t\t<div class=\"elementor-container elementor-column-gap-default\">\n\t\t\t\t\t<div class=\"elementor-column elementor-col-100 elementor-top-column elementor-element elementor-element-afcaa7a jltma-glass-effect-no\" data-id=\"afcaa7a\" data-element_type=\"column\">\n\t\t\t<div class=\"elementor-widget-wrap elementor-element-populated\">\n\t\t\t\t\t\t<div class=\"elementor-element elementor-element-c8f79fc jltma-glass-effect-no elementor-widget elementor-widget-heading\" data-id=\"c8f79fc\" data-element_type=\"widget\" data-widget_type=\"heading.default\">\n\t\t\t\t<div class=\"elementor-widget-container\">\n\t\t\t\t\t<h1 class=\"elementor-heading-title elementor-size-default\">Prise en main du Meta Quest Pro<\/h1>\t\t\t\t<\/div>\n\t\t\t\t<\/div>\n\t\t\t\t\t<\/div>\n\t\t<\/div>\n\t\t\t\t\t<\/div>\n\t\t<\/section>\n\t\t\t\t<section class=\"elementor-section elementor-top-section elementor-element elementor-element-909e271 elementor-section-boxed elementor-section-height-default elementor-section-height-default jltma-glass-effect-no\" data-id=\"909e271\" data-element_type=\"section\">\n\t\t\t\t\t\t<div class=\"elementor-container elementor-column-gap-default\">\n\t\t\t\t\t<div class=\"elementor-column elementor-col-100 elementor-top-column elementor-element elementor-element-21b28c5 jltma-glass-effect-no\" data-id=\"21b28c5\" data-element_type=\"column\">\n\t\t\t<div class=\"elementor-widget-wrap elementor-element-populated\">\n\t\t\t\t\t\t<div class=\"elementor-element elementor-element-5f53d7e jltma-glass-effect-no elementor-widget elementor-widget-image\" data-id=\"5f53d7e\" data-element_type=\"widget\" data-widget_type=\"image.default\">\n\t\t\t\t<div class=\"elementor-widget-container\">\n\t\t\t\t\t\t\t\t\t\t\t\t\t\t\t<img fetchpriority=\"high\" decoding=\"async\" width=\"612\" height=\"408\" src=\"https:\/\/www.association-ore.fr\/fr\/wp-content\/uploads\/2023\/10\/istockphoto-1324380506-612x612-1-612x408.jpg\" class=\"attachment-large size-large wp-image-6477\" alt=\"\" srcset=\"https:\/\/www.association-ore.fr\/fr\/wp-content\/uploads\/2023\/10\/istockphoto-1324380506-612x612-1.jpg 612w, https:\/\/www.association-ore.fr\/fr\/wp-content\/uploads\/2023\/10\/istockphoto-1324380506-612x612-1-300x200.jpg 300w\" sizes=\"(max-width: 612px) 100vw, 612px\" \/>\t\t\t\t\t\t\t\t\t\t\t\t\t\t\t<\/div>\n\t\t\t\t<\/div>\n\t\t\t\t<div class=\"elementor-element elementor-element-fbbcb3c jltma-glass-effect-no elementor-widget elementor-widget-heading\" data-id=\"fbbcb3c\" data-element_type=\"widget\" data-widget_type=\"heading.default\">\n\t\t\t\t<div class=\"elementor-widget-container\">\n\t\t\t\t\t<h2 class=\"elementor-heading-title elementor-size-default\">Pr\u00e9cautions <\/h2>\t\t\t\t<\/div>\n\t\t\t\t<\/div>\n\t\t\t\t<div class=\"elementor-element elementor-element-60699ae jltma-glass-effect-no elementor-widget elementor-widget-text-editor\" data-id=\"60699ae\" data-element_type=\"widget\" data-widget_type=\"text-editor.default\">\n\t\t\t\t<div class=\"elementor-widget-container\">\n\t\t\t\t\t\t\t\t\t<p>Si vous \u00eates \u00e9pileptique ou que vous avez d\u00e9j\u00e0 eu des convulsions, veuillez pr\u00e9venir l\u2019animateur pr\u00e9sent au FabLab. Important : si vous utilisez les casques VR pour la premi\u00e8re fois, veuillez ne pas vous attarder car le cerveau a besoin d\u2019adaptation \u00e0 ce genre de technologie.<strong> Ne pas d\u00e9passer les 20 minutes pour la premi\u00e8re utilisation.<\/strong><\/p>\t\t\t\t\t\t\t\t<\/div>\n\t\t\t\t<\/div>\n\t\t\t\t<section class=\"elementor-section elementor-inner-section elementor-element elementor-element-0b9c6e7 elementor-section-boxed elementor-section-height-default elementor-section-height-default jltma-glass-effect-no\" data-id=\"0b9c6e7\" data-element_type=\"section\">\n\t\t\t\t\t\t<div class=\"elementor-container elementor-column-gap-default\">\n\t\t\t\t\t<div class=\"elementor-column elementor-col-100 elementor-inner-column elementor-element elementor-element-c56e05b jltma-glass-effect-no\" data-id=\"c56e05b\" data-element_type=\"column\">\n\t\t\t<div class=\"elementor-widget-wrap elementor-element-populated\">\n\t\t\t\t\t\t<div class=\"elementor-element elementor-element-11682a0 jltma-glass-effect-no elementor-widget elementor-widget-text-editor\" data-id=\"11682a0\" data-element_type=\"widget\" data-widget_type=\"text-editor.default\">\n\t\t\t\t<div class=\"elementor-widget-container\">\n\t\t\t\t\t\t\t\t\t<p><strong>1<\/strong>. Avant d\u2019enfiler le casque veuillez enfiler les dragonnes des manettes autour de vos poignets et celle du casque autour de votre cou.<\/p>\t\t\t\t\t\t\t\t<\/div>\n\t\t\t\t<\/div>\n\t\t\t\t\t<\/div>\n\t\t<\/div>\n\t\t\t\t\t<\/div>\n\t\t<\/section>\n\t\t\t\t<section class=\"elementor-section elementor-inner-section elementor-element elementor-element-0e30bc0 elementor-section-boxed elementor-section-height-default elementor-section-height-default jltma-glass-effect-no\" data-id=\"0e30bc0\" data-element_type=\"section\">\n\t\t\t\t\t\t<div class=\"elementor-container elementor-column-gap-default\">\n\t\t\t\t\t<div class=\"elementor-column elementor-col-100 elementor-inner-column elementor-element elementor-element-a0328ad jltma-glass-effect-no\" data-id=\"a0328ad\" data-element_type=\"column\">\n\t\t\t<div class=\"elementor-widget-wrap elementor-element-populated\">\n\t\t\t\t\t\t<div class=\"elementor-element elementor-element-ef854e9 jltma-glass-effect-no elementor-widget elementor-widget-image\" data-id=\"ef854e9\" data-element_type=\"widget\" data-widget_type=\"image.default\">\n\t\t\t\t<div class=\"elementor-widget-container\">\n\t\t\t\t\t\t\t\t\t\t\t\t\t\t\t<img decoding=\"async\" src=\"https:\/\/www.association-ore.fr\/fr\/wp-content\/uploads\/2023\/10\/61p8xScfc4L.jpg\" title=\"61p8xScfc4L\" alt=\"61p8xScfc4L\" loading=\"lazy\" \/>\t\t\t\t\t\t\t\t\t\t\t\t\t\t\t<\/div>\n\t\t\t\t<\/div>\n\t\t\t\t\t<\/div>\n\t\t<\/div>\n\t\t\t\t\t<\/div>\n\t\t<\/section>\n\t\t\t\t<div class=\"elementor-element elementor-element-b92af4e jltma-glass-effect-no elementor-widget elementor-widget-spacer\" data-id=\"b92af4e\" data-element_type=\"widget\" data-widget_type=\"spacer.default\">\n\t\t\t\t<div class=\"elementor-widget-container\">\n\t\t\t\t\t\t\t<div class=\"elementor-spacer\">\n\t\t\t<div class=\"elementor-spacer-inner\"><\/div>\n\t\t<\/div>\n\t\t\t\t\t\t<\/div>\n\t\t\t\t<\/div>\n\t\t\t\t<div class=\"elementor-element elementor-element-f7ab674 jltma-glass-effect-no elementor-widget elementor-widget-text-editor\" data-id=\"f7ab674\" data-element_type=\"widget\" data-widget_type=\"text-editor.default\">\n\t\t\t\t<div class=\"elementor-widget-container\">\n\t\t\t\t\t\t\t\t\t<p><strong>2<\/strong>. Desserrer la molette situ\u00e9e \u00e0 l\u2019arri\u00e8re.<\/p>\t\t\t\t\t\t\t\t<\/div>\n\t\t\t\t<\/div>\n\t\t\t\t<div class=\"elementor-element elementor-element-e50611c jltma-glass-effect-no elementor-widget elementor-widget-image\" data-id=\"e50611c\" data-element_type=\"widget\" data-widget_type=\"image.default\">\n\t\t\t\t<div class=\"elementor-widget-container\">\n\t\t\t\t\t\t\t\t\t\t\t\t\t\t\t<img decoding=\"async\" width=\"696\" height=\"564\" src=\"https:\/\/www.association-ore.fr\/fr\/wp-content\/uploads\/2023\/10\/Sans-titre-696x564.png\" class=\"attachment-large size-large wp-image-6460\" alt=\"\" srcset=\"https:\/\/www.association-ore.fr\/fr\/wp-content\/uploads\/2023\/10\/Sans-titre.png 696w, https:\/\/www.association-ore.fr\/fr\/wp-content\/uploads\/2023\/10\/Sans-titre-300x243.png 300w\" sizes=\"(max-width: 696px) 100vw, 696px\" \/>\t\t\t\t\t\t\t\t\t\t\t\t\t\t\t<\/div>\n\t\t\t\t<\/div>\n\t\t\t\t<div class=\"elementor-element elementor-element-f74e924 jltma-glass-effect-no elementor-widget elementor-widget-spacer\" data-id=\"f74e924\" data-element_type=\"widget\" data-widget_type=\"spacer.default\">\n\t\t\t\t<div class=\"elementor-widget-container\">\n\t\t\t\t\t\t\t<div class=\"elementor-spacer\">\n\t\t\t<div class=\"elementor-spacer-inner\"><\/div>\n\t\t<\/div>\n\t\t\t\t\t\t<\/div>\n\t\t\t\t<\/div>\n\t\t\t\t<div class=\"elementor-element elementor-element-99724d2 jltma-glass-effect-no elementor-widget elementor-widget-spacer\" data-id=\"99724d2\" data-element_type=\"widget\" data-widget_type=\"spacer.default\">\n\t\t\t\t<div class=\"elementor-widget-container\">\n\t\t\t\t\t\t\t<div class=\"elementor-spacer\">\n\t\t\t<div class=\"elementor-spacer-inner\"><\/div>\n\t\t<\/div>\n\t\t\t\t\t\t<\/div>\n\t\t\t\t<\/div>\n\t\t\t\t<div class=\"elementor-element elementor-element-cb6aaf3 jltma-glass-effect-no elementor-widget elementor-widget-text-editor\" data-id=\"cb6aaf3\" data-element_type=\"widget\" data-widget_type=\"text-editor.default\">\n\t\t\t\t<div class=\"elementor-widget-container\">\n\t\t\t\t\t\t\t\t\t<p><strong>2<\/strong>. Mettez le casque sur votre t\u00eate puis serrer \u00e0 nouveau la molette. Appuyez pendant quelques secondes sur le bouton \u00e0 gauche du casque comme indiqu\u00e9 sur l\u2019image<\/p>\t\t\t\t\t\t\t\t<\/div>\n\t\t\t\t<\/div>\n\t\t\t\t<div class=\"elementor-element elementor-element-44089e6 jltma-glass-effect-no elementor-widget elementor-widget-image\" data-id=\"44089e6\" data-element_type=\"widget\" data-widget_type=\"image.default\">\n\t\t\t\t<div class=\"elementor-widget-container\">\n\t\t\t\t\t\t\t\t\t\t\t\t\t\t\t<img decoding=\"async\" width=\"696\" height=\"564\" src=\"https:\/\/www.association-ore.fr\/fr\/wp-content\/uploads\/2023\/10\/bouton-on--696x564.png\" class=\"attachment-large size-large wp-image-6461\" alt=\"\" srcset=\"https:\/\/www.association-ore.fr\/fr\/wp-content\/uploads\/2023\/10\/bouton-on-.png 696w, https:\/\/www.association-ore.fr\/fr\/wp-content\/uploads\/2023\/10\/bouton-on--300x243.png 300w\" sizes=\"(max-width: 696px) 100vw, 696px\" \/>\t\t\t\t\t\t\t\t\t\t\t\t\t\t\t<\/div>\n\t\t\t\t<\/div>\n\t\t\t\t<div class=\"elementor-element elementor-element-4d7ff57 jltma-glass-effect-no elementor-widget elementor-widget-text-editor\" data-id=\"4d7ff57\" data-element_type=\"widget\" data-widget_type=\"text-editor.default\">\n\t\t\t\t<div class=\"elementor-widget-container\">\n\t\t\t\t\t\t\t\t\t<p><strong>3.<\/strong> Pour les manettes vous allez apercevoir vos mains et les manettes ainsi que deux traits horizontaux pour choisir ou s\u00e9lectionner quelque chose il vous faudra diriger la ligne vers votre choix.<\/p>\t\t\t\t\t\t\t\t<\/div>\n\t\t\t\t<\/div>\n\t\t\t\t<div class=\"elementor-element elementor-element-42c1b08 jltma-glass-effect-no elementor-widget elementor-widget-image\" data-id=\"42c1b08\" data-element_type=\"widget\" data-widget_type=\"image.default\">\n\t\t\t\t<div class=\"elementor-widget-container\">\n\t\t\t\t\t\t\t\t\t\t\t\t\t\t\t<img loading=\"lazy\" decoding=\"async\" width=\"643\" height=\"692\" src=\"https:\/\/www.association-ore.fr\/fr\/wp-content\/uploads\/2023\/10\/Capture-decran-2023-10-19-152758-643x692.png\" class=\"attachment-large size-large wp-image-6462\" alt=\"\" srcset=\"https:\/\/www.association-ore.fr\/fr\/wp-content\/uploads\/2023\/10\/Capture-decran-2023-10-19-152758.png 643w, https:\/\/www.association-ore.fr\/fr\/wp-content\/uploads\/2023\/10\/Capture-decran-2023-10-19-152758-279x300.png 279w\" sizes=\"(max-width: 643px) 100vw, 643px\" \/>\t\t\t\t\t\t\t\t\t\t\t\t\t\t\t<\/div>\n\t\t\t\t<\/div>\n\t\t\t\t<div class=\"elementor-element elementor-element-eff647d jltma-glass-effect-no elementor-widget elementor-widget-text-editor\" data-id=\"eff647d\" data-element_type=\"widget\" data-widget_type=\"text-editor.default\">\n\t\t\t\t<div class=\"elementor-widget-container\">\n\t\t\t\t\t\t\t\t\t<p><strong>4<\/strong>. Une bo\u00eete de dialogue va apparaitre \u00e0 l\u2019aide du bouton A de la manette de droite vous allez pointer vers cr\u00e9e une nouvelle limite et cliquer dessus.<\/p>\t\t\t\t\t\t\t\t<\/div>\n\t\t\t\t<\/div>\n\t\t\t\t<div class=\"elementor-element elementor-element-5798c11 jltma-glass-effect-no elementor-widget elementor-widget-spacer\" data-id=\"5798c11\" data-element_type=\"widget\" data-widget_type=\"spacer.default\">\n\t\t\t\t<div class=\"elementor-widget-container\">\n\t\t\t\t\t\t\t<div class=\"elementor-spacer\">\n\t\t\t<div class=\"elementor-spacer-inner\"><\/div>\n\t\t<\/div>\n\t\t\t\t\t\t<\/div>\n\t\t\t\t<\/div>\n\t\t\t\t<div class=\"elementor-element elementor-element-afe5256 jltma-glass-effect-no elementor-widget elementor-widget-text-editor\" data-id=\"afe5256\" data-element_type=\"widget\" data-widget_type=\"text-editor.default\">\n\t\t\t\t<div class=\"elementor-widget-container\">\n\t\t\t\t\t\t\t\t\t<p><strong>5<\/strong>. Vous allez voir appara\u00eetre des + par terre qui vous indiquent le niveau du sol. Confirmez qu\u2019il est au bon niveau.<\/p>\t\t\t\t\t\t\t\t<\/div>\n\t\t\t\t<\/div>\n\t\t\t\t<div class=\"elementor-element elementor-element-93c28fb jltma-glass-effect-no elementor-widget elementor-widget-image\" data-id=\"93c28fb\" data-element_type=\"widget\" data-widget_type=\"image.default\">\n\t\t\t\t<div class=\"elementor-widget-container\">\n\t\t\t\t\t\t\t\t\t\t\t\t\t\t\t<img loading=\"lazy\" decoding=\"async\" width=\"415\" height=\"687\" src=\"https:\/\/www.association-ore.fr\/fr\/wp-content\/uploads\/2023\/10\/Capture-decran-2023-10-19-120127-415x687.png\" class=\"attachment-large size-large wp-image-6464\" alt=\"\" srcset=\"https:\/\/www.association-ore.fr\/fr\/wp-content\/uploads\/2023\/10\/Capture-decran-2023-10-19-120127.png 415w, https:\/\/www.association-ore.fr\/fr\/wp-content\/uploads\/2023\/10\/Capture-decran-2023-10-19-120127-181x300.png 181w\" sizes=\"(max-width: 415px) 100vw, 415px\" \/>\t\t\t\t\t\t\t\t\t\t\t\t\t\t\t<\/div>\n\t\t\t\t<\/div>\n\t\t\t\t<div class=\"elementor-element elementor-element-b090b0b jltma-glass-effect-no elementor-widget elementor-widget-spacer\" data-id=\"b090b0b\" data-element_type=\"widget\" data-widget_type=\"spacer.default\">\n\t\t\t\t<div class=\"elementor-widget-container\">\n\t\t\t\t\t\t\t<div class=\"elementor-spacer\">\n\t\t\t<div class=\"elementor-spacer-inner\"><\/div>\n\t\t<\/div>\n\t\t\t\t\t\t<\/div>\n\t\t\t\t<\/div>\n\t\t\t\t<div class=\"elementor-element elementor-element-bfb9832 jltma-glass-effect-no elementor-widget elementor-widget-text-editor\" data-id=\"bfb9832\" data-element_type=\"widget\" data-widget_type=\"text-editor.default\">\n\t\t\t\t<div class=\"elementor-widget-container\">\n\t\t\t\t\t\t\t\t\t<p><strong>6<\/strong>. Nous allons choisir la limite, cela d\u00e9pendra de votre utilisation si vous souhaitez utiliser l\u2019application sur place, vous s\u00e9lectionnez &#8220;Cr\u00e9er limite stationnaire&#8221; puis confirmez, vous devez rester dans le cercle pour ne pas perdre l\u2019image. Si par contre dans l\u2019application que vous souhaitez utiliser vous devez bouger, alors il faudra s\u00e9lectionner &#8220;Cr\u00e9er une limite Roomscale&#8221; et vous allez devoir dessiner un p\u00e9rim\u00e8tre de s\u00e9curit\u00e9 \u00e0 l\u2019aide du bouton &#8220;A&#8221; de la manette, en tra\u00e7ant vous-m\u00eame la limite.<\/p>\t\t\t\t\t\t\t\t<\/div>\n\t\t\t\t<\/div>\n\t\t\t\t<div class=\"elementor-element elementor-element-c7d063b jltma-glass-effect-no elementor-widget elementor-widget-image\" data-id=\"c7d063b\" data-element_type=\"widget\" data-widget_type=\"image.default\">\n\t\t\t\t<div class=\"elementor-widget-container\">\n\t\t\t\t\t\t\t\t\t\t\t\t\t\t\t<img loading=\"lazy\" decoding=\"async\" width=\"236\" height=\"328\" src=\"https:\/\/www.association-ore.fr\/fr\/wp-content\/uploads\/2023\/10\/Capture-decran-2023-10-19-120403-236x328.png\" class=\"attachment-large size-large wp-image-6467\" alt=\"\" srcset=\"https:\/\/www.association-ore.fr\/fr\/wp-content\/uploads\/2023\/10\/Capture-decran-2023-10-19-120403.png 236w, https:\/\/www.association-ore.fr\/fr\/wp-content\/uploads\/2023\/10\/Capture-decran-2023-10-19-120403-216x300.png 216w\" sizes=\"(max-width: 236px) 100vw, 236px\" \/>\t\t\t\t\t\t\t\t\t\t\t\t\t\t\t<\/div>\n\t\t\t\t<\/div>\n\t\t\t\t<div class=\"elementor-element elementor-element-45519c4 jltma-glass-effect-no elementor-widget elementor-widget-spacer\" data-id=\"45519c4\" data-element_type=\"widget\" data-widget_type=\"spacer.default\">\n\t\t\t\t<div class=\"elementor-widget-container\">\n\t\t\t\t\t\t\t<div class=\"elementor-spacer\">\n\t\t\t<div class=\"elementor-spacer-inner\"><\/div>\n\t\t<\/div>\n\t\t\t\t\t\t<\/div>\n\t\t\t\t<\/div>\n\t\t\t\t<div class=\"elementor-element elementor-element-40ba789 jltma-glass-effect-no elementor-widget elementor-widget-text-editor\" data-id=\"40ba789\" data-element_type=\"widget\" data-widget_type=\"text-editor.default\">\n\t\t\t\t<div class=\"elementor-widget-container\">\n\t\t\t\t\t\t\t\t\t<p><strong>7<\/strong>. Vous avez maintenant le menu devant votre espace VR. Afin de lancer une application, nous allons pointer l&#8217;App library (les petits cubes \u00e0 droite sur la barre des t\u00e2ches).<\/p>\t\t\t\t\t\t\t\t<\/div>\n\t\t\t\t<\/div>\n\t\t\t\t<div class=\"elementor-element elementor-element-a48bdb3 jltma-glass-effect-no elementor-widget elementor-widget-image\" data-id=\"a48bdb3\" data-element_type=\"widget\" data-widget_type=\"image.default\">\n\t\t\t\t<div class=\"elementor-widget-container\">\n\t\t\t\t\t\t\t\t\t\t\t\t\t\t\t<img loading=\"lazy\" decoding=\"async\" width=\"622\" height=\"478\" src=\"https:\/\/www.association-ore.fr\/fr\/wp-content\/uploads\/2023\/10\/Capture-decran-2023-10-19-121622-622x478.png\" class=\"attachment-large size-large wp-image-6468\" alt=\"\" srcset=\"https:\/\/www.association-ore.fr\/fr\/wp-content\/uploads\/2023\/10\/Capture-decran-2023-10-19-121622.png 622w, https:\/\/www.association-ore.fr\/fr\/wp-content\/uploads\/2023\/10\/Capture-decran-2023-10-19-121622-300x231.png 300w\" sizes=\"(max-width: 622px) 100vw, 622px\" \/>\t\t\t\t\t\t\t\t\t\t\t\t\t\t\t<\/div>\n\t\t\t\t<\/div>\n\t\t\t\t<div class=\"elementor-element elementor-element-5197b8e jltma-glass-effect-no elementor-widget elementor-widget-text-editor\" data-id=\"5197b8e\" data-element_type=\"widget\" data-widget_type=\"text-editor.default\">\n\t\t\t\t<div class=\"elementor-widget-container\">\n\t\t\t\t\t\t\t\t\t<p><strong>8<\/strong>. Vous avez la liste de toutes les applications devant vous. Afin de faire d\u00e9filer la liste, on utilise le bouton &#8220;A&#8221; ou le bouton arri\u00e8re de la manette en pointant dans le vide entre les applications.<\/p>\t\t\t\t\t\t\t\t<\/div>\n\t\t\t\t<\/div>\n\t\t\t\t<div class=\"elementor-element elementor-element-c66bc46 jltma-glass-effect-no elementor-widget elementor-widget-image\" data-id=\"c66bc46\" data-element_type=\"widget\" data-widget_type=\"image.default\">\n\t\t\t\t<div class=\"elementor-widget-container\">\n\t\t\t\t\t\t\t\t\t\t\t\t\t\t\t<img loading=\"lazy\" decoding=\"async\" width=\"827\" height=\"795\" src=\"https:\/\/www.association-ore.fr\/fr\/wp-content\/uploads\/2023\/10\/Capture-decran-2023-10-19-152739-827x795.png\" class=\"attachment-large size-large wp-image-6469\" alt=\"\" srcset=\"https:\/\/www.association-ore.fr\/fr\/wp-content\/uploads\/2023\/10\/Capture-decran-2023-10-19-152739.png 827w, https:\/\/www.association-ore.fr\/fr\/wp-content\/uploads\/2023\/10\/Capture-decran-2023-10-19-152739-300x288.png 300w\" sizes=\"(max-width: 827px) 100vw, 827px\" \/>\t\t\t\t\t\t\t\t\t\t\t\t\t\t\t<\/div>\n\t\t\t\t<\/div>\n\t\t\t\t<div class=\"elementor-element elementor-element-de8ebbd jltma-glass-effect-no elementor-widget elementor-widget-spacer\" data-id=\"de8ebbd\" data-element_type=\"widget\" data-widget_type=\"spacer.default\">\n\t\t\t\t<div class=\"elementor-widget-container\">\n\t\t\t\t\t\t\t<div class=\"elementor-spacer\">\n\t\t\t<div class=\"elementor-spacer-inner\"><\/div>\n\t\t<\/div>\n\t\t\t\t\t\t<\/div>\n\t\t\t\t<\/div>\n\t\t\t\t<div class=\"elementor-element elementor-element-d983e7d jltma-glass-effect-no elementor-widget elementor-widget-text-editor\" data-id=\"d983e7d\" data-element_type=\"widget\" data-widget_type=\"text-editor.default\">\n\t\t\t\t<div class=\"elementor-widget-container\">\n\t\t\t\t\t\t\t\t\t<p><strong>9.<\/strong> Merci de remettre le casque et les manettes sur le socle de charge, de brancher le casque et de s\u2019assurer que les lumi\u00e8res indiquant qu\u2019ils sont en charge soient allum\u00e9es et de remettre les scratchs.<\/p>\t\t\t\t\t\t\t\t<\/div>\n\t\t\t\t<\/div>\n\t\t\t\t<div class=\"elementor-element elementor-element-a2520a4 jltma-glass-effect-no elementor-widget elementor-widget-image\" data-id=\"a2520a4\" data-element_type=\"widget\" data-widget_type=\"image.default\">\n\t\t\t\t<div class=\"elementor-widget-container\">\n\t\t\t\t\t\t\t\t\t\t\t\t\t\t\t<img loading=\"lazy\" decoding=\"async\" width=\"1024\" height=\"461\" src=\"https:\/\/www.association-ore.fr\/fr\/wp-content\/uploads\/2023\/10\/IMG_20231019_12211101-scaled-1-1024x461.jpg\" class=\"attachment-large size-large wp-image-6475\" alt=\"\" srcset=\"https:\/\/www.association-ore.fr\/fr\/wp-content\/uploads\/2023\/10\/IMG_20231019_12211101-scaled-1-1024x461.jpg 1024w, https:\/\/www.association-ore.fr\/fr\/wp-content\/uploads\/2023\/10\/IMG_20231019_12211101-scaled-1-300x135.jpg 300w, https:\/\/www.association-ore.fr\/fr\/wp-content\/uploads\/2023\/10\/IMG_20231019_12211101-scaled-1-1536x691.jpg 1536w, https:\/\/www.association-ore.fr\/fr\/wp-content\/uploads\/2023\/10\/IMG_20231019_12211101-scaled-1-2048x922.jpg 2048w\" sizes=\"(max-width: 1024px) 100vw, 1024px\" \/>\t\t\t\t\t\t\t\t\t\t\t\t\t\t\t<\/div>\n\t\t\t\t<\/div>\n\t\t\t\t\t<\/div>\n\t\t<\/div>\n\t\t\t\t\t<\/div>\n\t\t<\/section>\n\t\t\t\t<\/div>\n\t\t","protected":false},"excerpt":{"rendered":"<p>Prise en main du Meta Quest Pro Pr\u00e9cautions Si vous \u00eates \u00e9pileptique ou que vous avez d\u00e9j\u00e0 eu des convulsions, veuillez pr\u00e9venir l\u2019animateur pr\u00e9sent au FabLab. Important : si vous utilisez les casques VR pour la premi\u00e8re fois, veuillez ne pas vous attarder car le cerveau a besoin d\u2019adaptation \u00e0 ce genre de technologie. Ne&#8230;<\/p>\n","protected":false},"author":2,"featured_media":0,"parent":6395,"menu_order":0,"comment_status":"closed","ping_status":"closed","template":"","meta":{"footnotes":""},"class_list":["post-9497","page","type-page","status-publish","hentry"],"_links":{"self":[{"href":"https:\/\/www.association-ore.fr\/fr\/wp-json\/wp\/v2\/pages\/9497","targetHints":{"allow":["GET"]}}],"collection":[{"href":"https:\/\/www.association-ore.fr\/fr\/wp-json\/wp\/v2\/pages"}],"about":[{"href":"https:\/\/www.association-ore.fr\/fr\/wp-json\/wp\/v2\/types\/page"}],"author":[{"embeddable":true,"href":"https:\/\/www.association-ore.fr\/fr\/wp-json\/wp\/v2\/users\/2"}],"replies":[{"embeddable":true,"href":"https:\/\/www.association-ore.fr\/fr\/wp-json\/wp\/v2\/comments?post=9497"}],"version-history":[{"count":3,"href":"https:\/\/www.association-ore.fr\/fr\/wp-json\/wp\/v2\/pages\/9497\/revisions"}],"predecessor-version":[{"id":10598,"href":"https:\/\/www.association-ore.fr\/fr\/wp-json\/wp\/v2\/pages\/9497\/revisions\/10598"}],"up":[{"embeddable":true,"href":"https:\/\/www.association-ore.fr\/fr\/wp-json\/wp\/v2\/pages\/6395"}],"wp:attachment":[{"href":"https:\/\/www.association-ore.fr\/fr\/wp-json\/wp\/v2\/media?parent=9497"}],"curies":[{"name":"wp","href":"https:\/\/api.w.org\/{rel}","templated":true}]}}