{"id":9494,"date":"2023-02-24T13:30:29","date_gmt":"2023-02-24T12:30:29","guid":{"rendered":"https:\/\/fablab21.fr\/?page_id=5806"},"modified":"2023-02-24T13:30:29","modified_gmt":"2023-02-24T12:30:29","slug":"modeliser-un-engrenage","status":"publish","type":"page","link":"https:\/\/www.association-ore.fr\/fr\/tutos\/tutos-blender\/modeliser-un-engrenage\/","title":{"rendered":"Mod\u00e9liser un engrenage"},"content":{"rendered":"\t\t<div data-elementor-type=\"wp-page\" data-elementor-id=\"9494\" class=\"elementor elementor-9494\" data-elementor-post-type=\"page\">\n\t\t\t\t\t\t<section class=\"elementor-section elementor-top-section elementor-element elementor-element-de92574 elementor-section-boxed elementor-section-height-default elementor-section-height-default jltma-glass-effect-no\" data-id=\"de92574\" data-element_type=\"section\">\n\t\t\t\t\t\t<div class=\"elementor-container elementor-column-gap-default\">\n\t\t\t\t\t<div class=\"elementor-column elementor-col-100 elementor-top-column elementor-element elementor-element-35fde6a jltma-glass-effect-no\" data-id=\"35fde6a\" data-element_type=\"column\">\n\t\t\t<div class=\"elementor-widget-wrap elementor-element-populated\">\n\t\t\t\t\t\t<div class=\"elementor-element elementor-element-4e9ef14 jltma-glass-effect-no elementor-widget elementor-widget-heading\" data-id=\"4e9ef14\" data-element_type=\"widget\" data-widget_type=\"heading.default\">\n\t\t\t\t<div class=\"elementor-widget-container\">\n\t\t\t\t\t<h2 class=\"elementor-heading-title elementor-size-default\">Mod\u00e9liser un engrenage<\/h2>\t\t\t\t<\/div>\n\t\t\t\t<\/div>\n\t\t\t\t\t<\/div>\n\t\t<\/div>\n\t\t\t\t\t<\/div>\n\t\t<\/section>\n\t\t\t\t<section class=\"elementor-section elementor-top-section elementor-element elementor-element-5525ffd elementor-section-boxed elementor-section-height-default elementor-section-height-default jltma-glass-effect-no\" data-id=\"5525ffd\" data-element_type=\"section\">\n\t\t\t\t\t\t<div class=\"elementor-container elementor-column-gap-default\">\n\t\t\t\t\t<div class=\"elementor-column elementor-col-100 elementor-top-column elementor-element elementor-element-120d996 jltma-glass-effect-no\" data-id=\"120d996\" data-element_type=\"column\">\n\t\t\t<div class=\"elementor-widget-wrap elementor-element-populated\">\n\t\t\t\t\t\t<div class=\"elementor-element elementor-element-ef6f626 jltma-glass-effect-no elementor-widget elementor-widget-image\" data-id=\"ef6f626\" data-element_type=\"widget\" data-widget_type=\"image.default\">\n\t\t\t\t<div class=\"elementor-widget-container\">\n\t\t\t\t\t\t\t\t\t\t\t\t\t\t\t<img decoding=\"async\" src=\"https:\/\/fablab21.fr\/wp-content\/uploads\/2023\/02\/resultat.png\" title=\"\" alt=\"\" loading=\"lazy\" \/>\t\t\t\t\t\t\t\t\t\t\t\t\t\t\t<\/div>\n\t\t\t\t<\/div>\n\t\t\t\t<div class=\"elementor-element elementor-element-9ea359b jltma-glass-effect-no elementor-widget elementor-widget-text-editor\" data-id=\"9ea359b\" data-element_type=\"widget\" data-widget_type=\"text-editor.default\">\n\t\t\t\t<div class=\"elementor-widget-container\">\n\t\t\t\t\t\t\t\t\t<p><a href=\"http:\/\/www.otvinta.com\/gear.html\">http:\/\/www.otvinta.com\/gear.html<\/a><\/p><p>module = 1<\/p><p>number of teeth = 40<\/p>\t\t\t\t\t\t\t\t<\/div>\n\t\t\t\t<\/div>\n\t\t\t\t<div class=\"elementor-element elementor-element-c9d4911 jltma-glass-effect-no elementor-widget elementor-widget-image\" data-id=\"c9d4911\" data-element_type=\"widget\" data-widget_type=\"image.default\">\n\t\t\t\t<div class=\"elementor-widget-container\">\n\t\t\t\t\t\t\t\t\t\t\t\t\t\t\t<img decoding=\"async\" src=\"https:\/\/fablab21.fr\/wp-content\/uploads\/2023\/02\/calcul.png\" title=\"\" alt=\"\" loading=\"lazy\" \/>\t\t\t\t\t\t\t\t\t\t\t\t\t\t\t<\/div>\n\t\t\t\t<\/div>\n\t\t\t\t<div class=\"elementor-element elementor-element-39eb01b jltma-glass-effect-no elementor-widget elementor-widget-text-editor\" data-id=\"39eb01b\" data-element_type=\"widget\" data-widget_type=\"text-editor.default\">\n\t\t\t\t<div class=\"elementor-widget-container\">\n\t\t\t\t\t\t\t\t\t<p><span style=\"background-color: #ffffff;\">Activer l&#8217;add-on extra objects<\/span><\/p>\t\t\t\t\t\t\t\t<\/div>\n\t\t\t\t<\/div>\n\t\t\t\t<div class=\"elementor-element elementor-element-3b37e47 jltma-glass-effect-no elementor-widget elementor-widget-image\" data-id=\"3b37e47\" data-element_type=\"widget\" data-widget_type=\"image.default\">\n\t\t\t\t<div class=\"elementor-widget-container\">\n\t\t\t\t\t\t\t\t\t\t\t\t\t\t\t<img decoding=\"async\" src=\"https:\/\/fablab21.fr\/wp-content\/uploads\/2023\/02\/add-on.png\" title=\"\" alt=\"\" loading=\"lazy\" \/>\t\t\t\t\t\t\t\t\t\t\t\t\t\t\t<\/div>\n\t\t\t\t<\/div>\n\t\t\t\t<div class=\"elementor-element elementor-element-14beed6 jltma-glass-effect-no elementor-widget elementor-widget-text-editor\" data-id=\"14beed6\" data-element_type=\"widget\" data-widget_type=\"text-editor.default\">\n\t\t\t\t<div class=\"elementor-widget-container\">\n\t\t\t\t\t\t\t\t\t<p><span style=\"background-color: #ffffff;\">point de pivot curseur 3d<\/span><\/p>\t\t\t\t\t\t\t\t<\/div>\n\t\t\t\t<\/div>\n\t\t\t\t<div class=\"elementor-element elementor-element-a41882a jltma-glass-effect-no elementor-widget elementor-widget-image\" data-id=\"a41882a\" data-element_type=\"widget\" data-widget_type=\"image.default\">\n\t\t\t\t<div class=\"elementor-widget-container\">\n\t\t\t\t\t\t\t\t\t\t\t\t\t\t\t<img fetchpriority=\"high\" decoding=\"async\" width=\"1024\" height=\"600\" src=\"https:\/\/www.association-ore.fr\/fr\/wp-content\/uploads\/2023\/02\/pivot-1-1024x600.png\" class=\"attachment-large size-large wp-image-5850\" alt=\"\" srcset=\"https:\/\/www.association-ore.fr\/fr\/wp-content\/uploads\/2023\/02\/pivot-1-1024x600.png 1024w, https:\/\/www.association-ore.fr\/fr\/wp-content\/uploads\/2023\/02\/pivot-1.png 1842w\" sizes=\"(max-width: 1024px) 100vw, 1024px\" \/>\t\t\t\t\t\t\t\t\t\t\t\t\t\t\t<\/div>\n\t\t\t\t<\/div>\n\t\t\t\t<div class=\"elementor-element elementor-element-e1942ad jltma-glass-effect-no elementor-widget elementor-widget-text-editor\" data-id=\"e1942ad\" data-element_type=\"widget\" data-widget_type=\"text-editor.default\">\n\t\t\t\t<div class=\"elementor-widget-container\">\n\t\t\t\t\t\t\t\t\t<p>vue de dessus &gt; ajouter un objet &gt; maillage &gt; math function &gt; XYZ math surface<\/p><p>recopier les \u00e9quations du site, ne pas oublier de d\u00e9cocher U warp<\/p>\t\t\t\t\t\t\t\t<\/div>\n\t\t\t\t<\/div>\n\t\t\t\t<div class=\"elementor-element elementor-element-6c45410 jltma-glass-effect-no elementor-widget elementor-widget-image\" data-id=\"6c45410\" data-element_type=\"widget\" data-widget_type=\"image.default\">\n\t\t\t\t<div class=\"elementor-widget-container\">\n\t\t\t\t\t\t\t\t\t\t\t\t\t\t\t<img decoding=\"async\" src=\"https:\/\/fablab21.fr\/wp-content\/uploads\/2023\/02\/math-function.png\" title=\"\" alt=\"\" loading=\"lazy\" \/>\t\t\t\t\t\t\t\t\t\t\t\t\t\t\t<\/div>\n\t\t\t\t<\/div>\n\t\t\t\t<div class=\"elementor-element elementor-element-b45e858 jltma-glass-effect-no elementor-widget elementor-widget-text-editor\" data-id=\"b45e858\" data-element_type=\"widget\" data-widget_type=\"text-editor.default\">\n\t\t\t\t<div class=\"elementor-widget-container\">\n\t\t\t\t\t\t\t\t\t<p>A &gt; M &gt; selon proximit\u00e9<\/p><p>Shift D &gt; Ctrl M &gt; cocher Y<\/p>\t\t\t\t\t\t\t\t<\/div>\n\t\t\t\t<\/div>\n\t\t\t\t<div class=\"elementor-element elementor-element-1ca33f4 jltma-glass-effect-no elementor-widget elementor-widget-image\" data-id=\"1ca33f4\" data-element_type=\"widget\" data-widget_type=\"image.default\">\n\t\t\t\t<div class=\"elementor-widget-container\">\n\t\t\t\t\t\t\t\t\t\t\t\t\t\t\t<img decoding=\"async\" src=\"https:\/\/fablab21.fr\/wp-content\/uploads\/2023\/02\/miroir_1.png\" title=\"\" alt=\"\" loading=\"lazy\" \/>\t\t\t\t\t\t\t\t\t\t\t\t\t\t\t<\/div>\n\t\t\t\t<\/div>\n\t\t\t\t<div class=\"elementor-element elementor-element-f8ecd74 jltma-glass-effect-no elementor-widget elementor-widget-text-editor\" data-id=\"f8ecd74\" data-element_type=\"widget\" data-widget_type=\"text-editor.default\">\n\t\t\t\t<div class=\"elementor-widget-container\">\n\t\t\t\t\t\t\t\t\t<p><span style=\"background-color: #ffffff;\">R &gt; angle = &#8211; \u03c8b<\/span><\/p>\t\t\t\t\t\t\t\t<\/div>\n\t\t\t\t<\/div>\n\t\t\t\t<div class=\"elementor-element elementor-element-9a7841f jltma-glass-effect-no elementor-widget elementor-widget-image\" data-id=\"9a7841f\" data-element_type=\"widget\" data-widget_type=\"image.default\">\n\t\t\t\t<div class=\"elementor-widget-container\">\n\t\t\t\t\t\t\t\t\t\t\t\t\t\t\t<img decoding=\"async\" width=\"1024\" height=\"600\" src=\"https:\/\/www.association-ore.fr\/fr\/wp-content\/uploads\/2023\/02\/rotation_1-1024x600.png\" class=\"attachment-large size-large wp-image-5844\" alt=\"\" srcset=\"https:\/\/www.association-ore.fr\/fr\/wp-content\/uploads\/2023\/02\/rotation_1-1024x600.png 1024w, https:\/\/www.association-ore.fr\/fr\/wp-content\/uploads\/2023\/02\/rotation_1.png 1842w\" sizes=\"(max-width: 1024px) 100vw, 1024px\" \/>\t\t\t\t\t\t\t\t\t\t\t\t\t\t\t<\/div>\n\t\t\t\t<\/div>\n\t\t\t\t<div class=\"elementor-element elementor-element-5eb355e jltma-glass-effect-no elementor-widget elementor-widget-text-editor\" data-id=\"5eb355e\" data-element_type=\"widget\" data-widget_type=\"text-editor.default\">\n\t\t\t\t<div class=\"elementor-widget-container\">\n\t\t\t\t\t\t\t\t\t<p>A &gt; Outil faire tourner : \u00e9tapes = 1, utiliser copies = oui, angle = 360\/40 (360\/nombre de dents)<\/p>\t\t\t\t\t\t\t\t<\/div>\n\t\t\t\t<\/div>\n\t\t\t\t<div class=\"elementor-element elementor-element-1674bf9 jltma-glass-effect-no elementor-widget elementor-widget-image\" data-id=\"1674bf9\" data-element_type=\"widget\" data-widget_type=\"image.default\">\n\t\t\t\t<div class=\"elementor-widget-container\">\n\t\t\t\t\t\t\t\t\t\t\t\t\t\t\t<img decoding=\"async\" width=\"1024\" height=\"600\" src=\"https:\/\/www.association-ore.fr\/fr\/wp-content\/uploads\/2023\/02\/spin_1-1024x600.png\" class=\"attachment-large size-large wp-image-5845\" alt=\"\" srcset=\"https:\/\/www.association-ore.fr\/fr\/wp-content\/uploads\/2023\/02\/spin_1-1024x600.png 1024w, https:\/\/www.association-ore.fr\/fr\/wp-content\/uploads\/2023\/02\/spin_1.png 1842w\" sizes=\"(max-width: 1024px) 100vw, 1024px\" \/>\t\t\t\t\t\t\t\t\t\t\t\t\t\t\t<\/div>\n\t\t\t\t<\/div>\n\t\t\t\t<div class=\"elementor-element elementor-element-34076b0 jltma-glass-effect-no elementor-widget elementor-widget-text-editor\" data-id=\"34076b0\" data-element_type=\"widget\" data-widget_type=\"text-editor.default\">\n\t\t\t\t<div class=\"elementor-widget-container\">\n\t\t\t\t\t\t\t\t\t<p>S\u00e9lectionner les\u00a0 sommets \u00e0 la base des dents<\/p><p>Shift S &gt; curseur vers s\u00e9lection<\/p>\t\t\t\t\t\t\t\t<\/div>\n\t\t\t\t<\/div>\n\t\t\t\t<div class=\"elementor-element elementor-element-6e60997 jltma-glass-effect-no elementor-widget elementor-widget-image\" data-id=\"6e60997\" data-element_type=\"widget\" data-widget_type=\"image.default\">\n\t\t\t\t<div class=\"elementor-widget-container\">\n\t\t\t\t\t\t\t\t\t\t\t\t\t\t\t<img decoding=\"async\" src=\"https:\/\/fablab21.fr\/wp-content\/uploads\/2023\/02\/curseur_1.png\" title=\"\" alt=\"\" loading=\"lazy\" \/>\t\t\t\t\t\t\t\t\t\t\t\t\t\t\t<\/div>\n\t\t\t\t<\/div>\n\t\t\t\t<div class=\"elementor-element elementor-element-1e1eba5 jltma-glass-effect-no elementor-widget elementor-widget-text-editor\" data-id=\"1e1eba5\" data-element_type=\"widget\" data-widget_type=\"text-editor.default\">\n\t\t\t\t<div class=\"elementor-widget-container\">\n\t\t\t\t\t\t\t\t\t<p style=\"background-color: #ffffff;\">S\u00e9lectionner le sommet du bas<\/p><p style=\"background-color: #ffffff;\">Outil faire tourner : \u00e9tapes = 4, utiliser copies = non, angle = 90<\/p>\t\t\t\t\t\t\t\t<\/div>\n\t\t\t\t<\/div>\n\t\t\t\t<div class=\"elementor-element elementor-element-d1aefa8 jltma-glass-effect-no elementor-widget elementor-widget-image\" data-id=\"d1aefa8\" data-element_type=\"widget\" data-widget_type=\"image.default\">\n\t\t\t\t<div class=\"elementor-widget-container\">\n\t\t\t\t\t\t\t\t\t\t\t\t\t\t\t<img loading=\"lazy\" decoding=\"async\" width=\"1024\" height=\"600\" src=\"https:\/\/www.association-ore.fr\/fr\/wp-content\/uploads\/2023\/02\/spin_2-1024x600.png\" class=\"attachment-large size-large wp-image-5846\" alt=\"\" srcset=\"https:\/\/www.association-ore.fr\/fr\/wp-content\/uploads\/2023\/02\/spin_2-1024x600.png 1024w, https:\/\/www.association-ore.fr\/fr\/wp-content\/uploads\/2023\/02\/spin_2.png 1842w\" sizes=\"(max-width: 1024px) 100vw, 1024px\" \/>\t\t\t\t\t\t\t\t\t\t\t\t\t\t\t<\/div>\n\t\t\t\t<\/div>\n\t\t\t\t<div class=\"elementor-element elementor-element-1c8d212 jltma-glass-effect-no elementor-widget elementor-widget-text-editor\" data-id=\"1c8d212\" data-element_type=\"widget\" data-widget_type=\"text-editor.default\">\n\t\t\t\t<div class=\"elementor-widget-container\">\n\t\t\t\t\t\t\t\t\t<p>relier sommets dent<\/p><p>subdiviser pointe<\/p>\t\t\t\t\t\t\t\t<\/div>\n\t\t\t\t<\/div>\n\t\t\t\t<div class=\"elementor-element elementor-element-f9f1e51 jltma-glass-effect-no elementor-widget elementor-widget-image\" data-id=\"f9f1e51\" data-element_type=\"widget\" data-widget_type=\"image.default\">\n\t\t\t\t<div class=\"elementor-widget-container\">\n\t\t\t\t\t\t\t\t\t\t\t\t\t\t\t<img loading=\"lazy\" decoding=\"async\" width=\"1024\" height=\"600\" src=\"https:\/\/www.association-ore.fr\/fr\/wp-content\/uploads\/2023\/02\/subdivide-1024x600.png\" class=\"attachment-large size-large wp-image-5848\" alt=\"\" srcset=\"https:\/\/www.association-ore.fr\/fr\/wp-content\/uploads\/2023\/02\/subdivide-1024x600.png 1024w, https:\/\/www.association-ore.fr\/fr\/wp-content\/uploads\/2023\/02\/subdivide.png 1842w\" sizes=\"(max-width: 1024px) 100vw, 1024px\" \/>\t\t\t\t\t\t\t\t\t\t\t\t\t\t\t<\/div>\n\t\t\t\t<\/div>\n\t\t\t\t<div class=\"elementor-element elementor-element-2f651dc jltma-glass-effect-no elementor-widget elementor-widget-text-editor\" data-id=\"2f651dc\" data-element_type=\"widget\" data-widget_type=\"text-editor.default\">\n\t\t\t\t<div class=\"elementor-widget-container\">\n\t\t\t\t\t\t\t\t\t<p>supprimer moiti\u00e9 et les autres courbes<\/p><p>curseur vers origine du monde<\/p><p>A &gt; R &gt; angle = \u03c8b\/2<\/p>\t\t\t\t\t\t\t\t<\/div>\n\t\t\t\t<\/div>\n\t\t\t\t<div class=\"elementor-element elementor-element-0c94bfa jltma-glass-effect-no elementor-widget elementor-widget-image\" data-id=\"0c94bfa\" data-element_type=\"widget\" data-widget_type=\"image.default\">\n\t\t\t\t<div class=\"elementor-widget-container\">\n\t\t\t\t\t\t\t\t\t\t\t\t\t\t\t<img loading=\"lazy\" decoding=\"async\" width=\"1024\" height=\"600\" src=\"https:\/\/www.association-ore.fr\/fr\/wp-content\/uploads\/2023\/02\/tourner_2-1024x600.png\" class=\"attachment-large size-large wp-image-5849\" alt=\"\" srcset=\"https:\/\/www.association-ore.fr\/fr\/wp-content\/uploads\/2023\/02\/tourner_2-1024x600.png 1024w, https:\/\/www.association-ore.fr\/fr\/wp-content\/uploads\/2023\/02\/tourner_2.png 1842w\" sizes=\"(max-width: 1024px) 100vw, 1024px\" \/>\t\t\t\t\t\t\t\t\t\t\t\t\t\t\t<\/div>\n\t\t\t\t<\/div>\n\t\t\t\t<div class=\"elementor-element elementor-element-c32a7e3 jltma-glass-effect-no elementor-widget elementor-widget-text-editor\" data-id=\"c32a7e3\" data-element_type=\"widget\" data-widget_type=\"text-editor.default\">\n\t\t\t\t<div class=\"elementor-widget-container\">\n\t\t\t\t\t\t\t\t\t<p>A &gt; Shift D &gt; Ctrl M &gt;\u00a0 cocher Y<\/p>\t\t\t\t\t\t\t\t<\/div>\n\t\t\t\t<\/div>\n\t\t\t\t<div class=\"elementor-element elementor-element-7a2d7ba jltma-glass-effect-no elementor-widget elementor-widget-image\" data-id=\"7a2d7ba\" data-element_type=\"widget\" data-widget_type=\"image.default\">\n\t\t\t\t<div class=\"elementor-widget-container\">\n\t\t\t\t\t\t\t\t\t\t\t\t\t\t\t<img decoding=\"async\" src=\"https:\/\/fablab21.fr\/wp-content\/uploads\/2023\/02\/miroir_2.png\" title=\"\" alt=\"\" loading=\"lazy\" \/>\t\t\t\t\t\t\t\t\t\t\t\t\t\t\t<\/div>\n\t\t\t\t<\/div>\n\t\t\t\t<div class=\"elementor-element elementor-element-4d3c77c jltma-glass-effect-no elementor-widget elementor-widget-text-editor\" data-id=\"4d3c77c\" data-element_type=\"widget\" data-widget_type=\"text-editor.default\">\n\t\t\t\t<div class=\"elementor-widget-container\">\n\t\t\t\t\t\t\t\t\t<p>A &gt; M &gt; selon proximit\u00e9<\/p><p>A &gt; F<\/p>\t\t\t\t\t\t\t\t<\/div>\n\t\t\t\t<\/div>\n\t\t\t\t<div class=\"elementor-element elementor-element-ee8d07f jltma-glass-effect-no elementor-widget elementor-widget-image\" data-id=\"ee8d07f\" data-element_type=\"widget\" data-widget_type=\"image.default\">\n\t\t\t\t<div class=\"elementor-widget-container\">\n\t\t\t\t\t\t\t\t\t\t\t\t\t\t\t<img decoding=\"async\" src=\"https:\/\/fablab21.fr\/wp-content\/uploads\/2023\/02\/face_1.png\" title=\"\" alt=\"\" loading=\"lazy\" \/>\t\t\t\t\t\t\t\t\t\t\t\t\t\t\t<\/div>\n\t\t\t\t<\/div>\n\t\t\t\t<div class=\"elementor-element elementor-element-fbd61b2 jltma-glass-effect-no elementor-widget elementor-widget-text-editor\" data-id=\"fbd61b2\" data-element_type=\"widget\" data-widget_type=\"text-editor.default\">\n\t\t\t\t<div class=\"elementor-widget-container\">\n\t\t\t\t\t\t\t\t\t<p>Outil faire tourner : \u00e9tapes = 40 (nombre de dents), utiliser copies = oui, angle = 360<\/p>\t\t\t\t\t\t\t\t<\/div>\n\t\t\t\t<\/div>\n\t\t\t\t<div class=\"elementor-element elementor-element-c47ba46 jltma-glass-effect-no elementor-widget elementor-widget-image\" data-id=\"c47ba46\" data-element_type=\"widget\" data-widget_type=\"image.default\">\n\t\t\t\t<div class=\"elementor-widget-container\">\n\t\t\t\t\t\t\t\t\t\t\t\t\t\t\t<img loading=\"lazy\" decoding=\"async\" width=\"1024\" height=\"600\" src=\"https:\/\/www.association-ore.fr\/fr\/wp-content\/uploads\/2023\/02\/spin_3-1024x600.png\" class=\"attachment-large size-large wp-image-5847\" alt=\"\" srcset=\"https:\/\/www.association-ore.fr\/fr\/wp-content\/uploads\/2023\/02\/spin_3-1024x600.png 1024w, https:\/\/www.association-ore.fr\/fr\/wp-content\/uploads\/2023\/02\/spin_3.png 1842w\" sizes=\"(max-width: 1024px) 100vw, 1024px\" \/>\t\t\t\t\t\t\t\t\t\t\t\t\t\t\t<\/div>\n\t\t\t\t<\/div>\n\t\t\t\t<div class=\"elementor-element elementor-element-630d124 jltma-glass-effect-no elementor-widget elementor-widget-text-editor\" data-id=\"630d124\" data-element_type=\"widget\" data-widget_type=\"text-editor.default\">\n\t\t\t\t<div class=\"elementor-widget-container\">\n\t\t\t\t\t\t\t\t\t<p>A &gt; M &gt; selon proximit\u00e9<\/p><p>s\u00e9lectionner une arr\u00eate int\u00e9rieure &gt; Shift G &gt; longueur &gt; F<\/p>\t\t\t\t\t\t\t\t<\/div>\n\t\t\t\t<\/div>\n\t\t\t\t<div class=\"elementor-element elementor-element-e3584be jltma-glass-effect-no elementor-widget elementor-widget-image\" data-id=\"e3584be\" data-element_type=\"widget\" data-widget_type=\"image.default\">\n\t\t\t\t<div class=\"elementor-widget-container\">\n\t\t\t\t\t\t\t\t\t\t\t\t\t\t\t<img decoding=\"async\" src=\"https:\/\/fablab21.fr\/wp-content\/uploads\/2023\/02\/face_2.png\" title=\"\" alt=\"\" loading=\"lazy\" \/>\t\t\t\t\t\t\t\t\t\t\t\t\t\t\t<\/div>\n\t\t\t\t<\/div>\n\t\t\t\t<div class=\"elementor-element elementor-element-3be1511 jltma-glass-effect-no elementor-widget elementor-widget-text-editor\" data-id=\"3be1511\" data-element_type=\"widget\" data-widget_type=\"text-editor.default\">\n\t\t\t\t<div class=\"elementor-widget-container\">\n\t\t\t\t\t\t\t\t\t<p>A &gt; E &gt; \u00e9paisseur voulue<\/p>\t\t\t\t\t\t\t\t<\/div>\n\t\t\t\t<\/div>\n\t\t\t\t<div class=\"elementor-element elementor-element-0b6689b jltma-glass-effect-no elementor-widget elementor-widget-image\" data-id=\"0b6689b\" data-element_type=\"widget\" data-widget_type=\"image.default\">\n\t\t\t\t<div class=\"elementor-widget-container\">\n\t\t\t\t\t\t\t\t\t\t\t\t\t\t\t<img decoding=\"async\" src=\"https:\/\/fablab21.fr\/wp-content\/uploads\/2023\/02\/extruder.png\" title=\"\" alt=\"\" loading=\"lazy\" \/>\t\t\t\t\t\t\t\t\t\t\t\t\t\t\t<\/div>\n\t\t\t\t<\/div>\n\t\t\t\t<div class=\"elementor-element elementor-element-f43cee6 jltma-glass-effect-no elementor-widget elementor-widget-text-editor\" data-id=\"f43cee6\" data-element_type=\"widget\" data-widget_type=\"text-editor.default\">\n\t\t\t\t<div class=\"elementor-widget-container\">\n\t\t\t\t\t\t\t\t\t<p>Faire de m\u00eame une deuxieme fois avec un nombre de dents diff\u00e9rent<\/p>\t\t\t\t\t\t\t\t<\/div>\n\t\t\t\t<\/div>\n\t\t\t\t\t<\/div>\n\t\t<\/div>\n\t\t\t\t\t<\/div>\n\t\t<\/section>\n\t\t\t\t<\/div>\n\t\t","protected":false},"excerpt":{"rendered":"<p>Mod\u00e9liser un engrenage http:\/\/www.otvinta.com\/gear.html module = 1 number of teeth = 40 Activer l&#8217;add-on extra objects point de pivot curseur 3d vue de dessus &gt; ajouter un objet &gt; maillage &gt; math function &gt; XYZ math surface recopier les \u00e9quations du site, ne pas oublier de d\u00e9cocher U warp A &gt; M &gt; selon proximit\u00e9&#8230;<\/p>\n","protected":false},"author":2,"featured_media":0,"parent":6284,"menu_order":0,"comment_status":"closed","ping_status":"closed","template":"","meta":{"footnotes":""},"class_list":["post-9494","page","type-page","status-publish","hentry"],"_links":{"self":[{"href":"https:\/\/www.association-ore.fr\/fr\/wp-json\/wp\/v2\/pages\/9494","targetHints":{"allow":["GET"]}}],"collection":[{"href":"https:\/\/www.association-ore.fr\/fr\/wp-json\/wp\/v2\/pages"}],"about":[{"href":"https:\/\/www.association-ore.fr\/fr\/wp-json\/wp\/v2\/types\/page"}],"author":[{"embeddable":true,"href":"https:\/\/www.association-ore.fr\/fr\/wp-json\/wp\/v2\/users\/2"}],"replies":[{"embeddable":true,"href":"https:\/\/www.association-ore.fr\/fr\/wp-json\/wp\/v2\/comments?post=9494"}],"version-history":[{"count":0,"href":"https:\/\/www.association-ore.fr\/fr\/wp-json\/wp\/v2\/pages\/9494\/revisions"}],"up":[{"embeddable":true,"href":"https:\/\/www.association-ore.fr\/fr\/wp-json\/wp\/v2\/pages\/6284"}],"wp:attachment":[{"href":"https:\/\/www.association-ore.fr\/fr\/wp-json\/wp\/v2\/media?parent=9494"}],"curies":[{"name":"wp","href":"https:\/\/api.w.org\/{rel}","templated":true}]}}