{"id":9323,"date":"2022-11-06T14:42:08","date_gmt":"2022-11-06T14:42:08","guid":{"rendered":"https:\/\/themetesting.devsvibe.com\/?page_id=4361"},"modified":"2025-12-02T16:07:24","modified_gmt":"2025-12-02T15:07:24","slug":"contact","status":"publish","type":"page","link":"https:\/\/www.association-ore.fr\/fr\/contact\/","title":{"rendered":"Contact"},"content":{"rendered":"\t\t<div data-elementor-type=\"wp-page\" data-elementor-id=\"9323\" class=\"elementor elementor-9323\" data-elementor-post-type=\"page\">\n\t\t\t\t\t\t<section class=\"elementor-section elementor-top-section elementor-element elementor-element-a3b7a6f elementor-section-boxed elementor-section-height-default elementor-section-height-default jltma-glass-effect-no\" data-id=\"a3b7a6f\" data-element_type=\"section\">\n\t\t\t\t\t\t<div class=\"elementor-container elementor-column-gap-extended\">\n\t\t\t\t\t<div class=\"elementor-column elementor-col-100 elementor-top-column elementor-element elementor-element-f08a70d jltma-glass-effect-no\" data-id=\"f08a70d\" data-element_type=\"column\">\n\t\t\t<div class=\"elementor-widget-wrap elementor-element-populated\">\n\t\t\t\t\t\t<div class=\"elementor-element elementor-element-ec6d440 jltma-glass-effect-no elementor-invisible elementor-widget elementor-widget-eduvibe-section-title\" data-id=\"ec6d440\" data-element_type=\"widget\" data-settings=\"{&quot;_animation&quot;:&quot;slide-up&quot;}\" data-widget_type=\"eduvibe-section-title.default\">\n\t\t\t\t<div class=\"elementor-widget-container\">\n\t\t\t\t\t<div class=\"section-title\"><span class=\"pre-title\">Une question ? Une demande d&#039;inscription ?<\/span><h3 class=\"title\">Comment nous contacter ?<\/h3><\/div>\t\t\t\t<\/div>\n\t\t\t\t<\/div>\n\t\t\t\t<section class=\"elementor-section elementor-inner-section elementor-element elementor-element-e7e399e elementor-section-full_width elementor-section-height-default elementor-section-height-default jltma-glass-effect-no\" data-id=\"e7e399e\" data-element_type=\"section\">\n\t\t\t\t\t\t<div class=\"elementor-container elementor-column-gap-no\">\n\t\t\t\t\t<div class=\"elementor-column elementor-col-50 elementor-inner-column elementor-element elementor-element-06a481e jltma-glass-effect-no\" data-id=\"06a481e\" data-element_type=\"column\">\n\t\t\t<div class=\"elementor-widget-wrap elementor-element-populated\">\n\t\t\t\t\t\t<section class=\"elementor-section elementor-inner-section elementor-element elementor-element-601c376 elementor-section-boxed elementor-section-height-default elementor-section-height-default jltma-glass-effect-no\" data-id=\"601c376\" data-element_type=\"section\" data-settings=\"{&quot;animation&quot;:&quot;none&quot;}\">\n\t\t\t\t\t\t<div class=\"elementor-container elementor-column-gap-no\">\n\t\t\t\t\t<div class=\"elementor-column elementor-col-100 elementor-inner-column elementor-element elementor-element-636cbda jltma-glass-effect-no\" data-id=\"636cbda\" data-element_type=\"column\" data-settings=\"{&quot;background_background&quot;:&quot;classic&quot;}\">\n\t\t\t<div class=\"elementor-widget-wrap elementor-element-populated\">\n\t\t\t\t\t\t<div class=\"elementor-element elementor-element-eabffed jltma-glass-effect-no elementor-invisible elementor-widget elementor-widget-eduvibe-contact-info\" data-id=\"eabffed\" data-element_type=\"widget\" data-settings=\"{&quot;_animation&quot;:&quot;slide-up&quot;}\" data-widget_type=\"eduvibe-contact-info.default\">\n\t\t\t\t<div class=\"elementor-widget-container\">\n\t\t\t\t\t<div class=\"contact-info-card eduvibe-contact-info-card-style-1\"><div class=\"inner\"><div class=\"icon\"><i aria-hidden=\"true\" class=\"ri ri-mail-open-fill\"><\/i><\/div><div class=\"content\"><h6 class=\"title\">T\u00e9l\u00e9phone &amp; email<\/h6>03.80.48.23.96<br>\nassociation.ore@gmail.com\n\n<\/div><\/div><\/div>\t\t\t\t<\/div>\n\t\t\t\t<\/div>\n\t\t\t\t<div class=\"elementor-element elementor-element-38d8886 jltma-glass-effect-no elementor-invisible elementor-widget elementor-widget-eduvibe-contact-info\" data-id=\"38d8886\" data-element_type=\"widget\" data-settings=\"{&quot;_animation&quot;:&quot;slide-up&quot;}\" data-widget_type=\"eduvibe-contact-info.default\">\n\t\t\t\t<div class=\"elementor-widget-container\">\n\t\t\t\t\t<div class=\"contact-info-card eduvibe-contact-info-card-style-1\"><div class=\"inner\"><div class=\"icon\"><i aria-hidden=\"true\" class=\"ri ri-map-pin-fill\"><\/i><\/div><div class=\"content\"><h6 class=\"title\">Adresse<\/h6>3 all\u00e9e des jardins<br \/>\n21800 QUETIGNY<\/div><\/div><\/div>\t\t\t\t<\/div>\n\t\t\t\t<\/div>\n\t\t\t\t<div class=\"elementor-element elementor-element-ed96e62 jltma-glass-effect-no elementor-invisible elementor-widget elementor-widget-eduvibe-contact-info\" data-id=\"ed96e62\" data-element_type=\"widget\" data-settings=\"{&quot;_animation&quot;:&quot;slide-up&quot;}\" data-widget_type=\"eduvibe-contact-info.default\">\n\t\t\t\t<div class=\"elementor-widget-container\">\n\t\t\t\t\t<div class=\"contact-info-card eduvibe-contact-info-card-style-1\"><div class=\"inner\"><div class=\"icon\"><i aria-hidden=\"true\" class=\"far fa-clock\"><\/i><\/div><div class=\"content\"><h6 class=\"title\">\u00a0Horaires d&#039;ouverture<\/h6><b> du Mardi au Samedi <\/b> <br>\nde 9h \u00e0 12h et de 13h \u00e0 17h <br>\n<b>  Mercredi <\/b><br>\nde 10h \u00e0 12h et de14h \u00e0 19h<\/div><\/div><\/div>\t\t\t\t<\/div>\n\t\t\t\t<\/div>\n\t\t\t\t\t<\/div>\n\t\t<\/div>\n\t\t\t\t\t<\/div>\n\t\t<\/section>\n\t\t\t\t<section class=\"elementor-section elementor-inner-section elementor-element elementor-element-83b8843 elementor-section-boxed elementor-section-height-default elementor-section-height-default jltma-glass-effect-no\" data-id=\"83b8843\" data-element_type=\"section\">\n\t\t\t\t\t\t<div class=\"elementor-container elementor-column-gap-no\">\n\t\t\t\t\t<div class=\"elementor-column elementor-col-50 elementor-inner-column elementor-element elementor-element-07cd3a2 jltma-glass-effect-no\" data-id=\"07cd3a2\" data-element_type=\"column\" data-settings=\"{&quot;background_background&quot;:&quot;classic&quot;}\">\n\t\t\t<div class=\"elementor-widget-wrap\">\n\t\t\t\t\t\t\t<\/div>\n\t\t<\/div>\n\t\t\t\t<div class=\"elementor-column elementor-col-50 elementor-inner-column elementor-element elementor-element-113565f jltma-glass-effect-no\" data-id=\"113565f\" data-element_type=\"column\" data-settings=\"{&quot;background_background&quot;:&quot;classic&quot;}\">\n\t\t\t<div class=\"elementor-widget-wrap\">\n\t\t\t\t\t\t\t<\/div>\n\t\t<\/div>\n\t\t\t\t\t<\/div>\n\t\t<\/section>\n\t\t\t\t<div class=\"elementor-element elementor-element-2420d9b elementor-widget__width-auto elementor-absolute elementor-hidden-tablet elementor-hidden-mobile jltma-glass-effect-no elementor-widget elementor-widget-image\" data-id=\"2420d9b\" data-element_type=\"widget\" data-settings=\"{&quot;_position&quot;:&quot;absolute&quot;}\" data-widget_type=\"image.default\">\n\t\t\t\t<div class=\"elementor-widget-container\">\n\t\t\t\t\t\t\t\t\t\t\t\t\t\t\t<img decoding=\"async\" src=\"https:\/\/themetesting.devsvibe.com\/wp-content\/uploads\/2022\/10\/shape-04-01.png\" title=\"\" alt=\"\" loading=\"lazy\" \/>\t\t\t\t\t\t\t\t\t\t\t\t\t\t\t<\/div>\n\t\t\t\t<\/div>\n\t\t\t\t\t<\/div>\n\t\t<\/div>\n\t\t\t\t<div class=\"elementor-column elementor-col-50 elementor-inner-column elementor-element elementor-element-75cb777 jltma-glass-effect-no\" data-id=\"75cb777\" data-element_type=\"column\">\n\t\t\t<div class=\"elementor-widget-wrap elementor-element-populated\">\n\t\t\t\t\t\t<div class=\"elementor-element elementor-element-3e14569 elementor-widget__width-auto elementor-absolute elementor-hidden-tablet elementor-hidden-mobile jltma-glass-effect-no elementor-widget elementor-widget-image\" data-id=\"3e14569\" data-element_type=\"widget\" data-settings=\"{&quot;_position&quot;:&quot;absolute&quot;}\" data-widget_type=\"image.default\">\n\t\t\t\t<div class=\"elementor-widget-container\">\n\t\t\t\t\t\t\t\t\t\t\t\t\t\t\t<img decoding=\"async\" src=\"https:\/\/themetesting.devsvibe.com\/wp-content\/uploads\/2022\/10\/shape-02-08.png\" title=\"\" alt=\"\" loading=\"lazy\" \/>\t\t\t\t\t\t\t\t\t\t\t\t\t\t\t<\/div>\n\t\t\t\t<\/div>\n\t\t\t\t<div class=\"elementor-element elementor-element-add2192 elementor-widget__width-auto elementor-absolute elementor-hidden-tablet elementor-hidden-mobile jltma-glass-effect-no elementor-widget elementor-widget-image\" data-id=\"add2192\" data-element_type=\"widget\" data-settings=\"{&quot;_position&quot;:&quot;absolute&quot;}\" data-widget_type=\"image.default\">\n\t\t\t\t<div class=\"elementor-widget-container\">\n\t\t\t\t\t\t\t\t\t\t\t\t\t\t\t<img decoding=\"async\" src=\"https:\/\/themetesting.devsvibe.com\/wp-content\/uploads\/2022\/10\/shape-15.png\" title=\"\" alt=\"\" loading=\"lazy\" \/>\t\t\t\t\t\t\t\t\t\t\t\t\t\t\t<\/div>\n\t\t\t\t<\/div>\n\t\t\t\t<div class=\"elementor-element elementor-element-8f7a61e jltma-glass-effect-no elementor-widget elementor-widget-google_maps\" data-id=\"8f7a61e\" data-element_type=\"widget\" data-widget_type=\"google_maps.default\">\n\t\t\t\t<div class=\"elementor-widget-container\">\n\t\t\t\t\t\t\t<div class=\"elementor-custom-embed\">\n\t\t\t<iframe loading=\"lazy\"\n\t\t\t\t\tsrc=\"https:\/\/maps.google.com\/maps?q=3%20all%C3%A9e%20des%20jardins%2021800%20quetigny&#038;t=m&#038;z=11&#038;output=embed&#038;iwloc=near\"\n\t\t\t\t\ttitle=\"3 all\u00e9e des jardins 21800 quetigny\"\n\t\t\t\t\taria-label=\"3 all\u00e9e des jardins 21800 quetigny\"\n\t\t\t><\/iframe>\n\t\t<\/div>\n\t\t\t\t\t\t<\/div>\n\t\t\t\t<\/div>\n\t\t\t\t\t<\/div>\n\t\t<\/div>\n\t\t\t\t\t<\/div>\n\t\t<\/section>\n\t\t\t\t\t<\/div>\n\t\t<\/div>\n\t\t\t\t\t<\/div>\n\t\t<\/section>\n\t\t\t\t<\/div>\n\t\t","protected":false},"excerpt":{"rendered":"<p>Une question ? Une demande d&#039;inscription ? Comment nous contacter ? T\u00e9l\u00e9phone &amp; email 03.80.48.23.96 association.ore@gmail.com Adresse 3 all\u00e9e des jardins 21800 QUETIGNY \u00a0Horaires d&#039;ouverture du Mardi au Samedi de 9h \u00e0 12h et de 13h \u00e0 17h Mercredi de 10h \u00e0 12h et de14h \u00e0 19h<\/p>\n","protected":false},"author":2,"featured_media":0,"parent":0,"menu_order":0,"comment_status":"closed","ping_status":"closed","template":"","meta":{"footnotes":""},"class_list":["post-9323","page","type-page","status-publish","hentry"],"_links":{"self":[{"href":"https:\/\/www.association-ore.fr\/fr\/wp-json\/wp\/v2\/pages\/9323","targetHints":{"allow":["GET"]}}],"collection":[{"href":"https:\/\/www.association-ore.fr\/fr\/wp-json\/wp\/v2\/pages"}],"about":[{"href":"https:\/\/www.association-ore.fr\/fr\/wp-json\/wp\/v2\/types\/page"}],"author":[{"embeddable":true,"href":"https:\/\/www.association-ore.fr\/fr\/wp-json\/wp\/v2\/users\/2"}],"replies":[{"embeddable":true,"href":"https:\/\/www.association-ore.fr\/fr\/wp-json\/wp\/v2\/comments?post=9323"}],"version-history":[{"count":22,"href":"https:\/\/www.association-ore.fr\/fr\/wp-json\/wp\/v2\/pages\/9323\/revisions"}],"predecessor-version":[{"id":10605,"href":"https:\/\/www.association-ore.fr\/fr\/wp-json\/wp\/v2\/pages\/9323\/revisions\/10605"}],"wp:attachment":[{"href":"https:\/\/www.association-ore.fr\/fr\/wp-json\/wp\/v2\/media?parent=9323"}],"curies":[{"name":"wp","href":"https:\/\/api.w.org\/{rel}","templated":true}]}}