{"id":7074,"date":"2023-12-13T12:05:47","date_gmt":"2023-12-13T11:05:47","guid":{"rendered":"https:\/\/fablab21.fr\/?page_id=7074"},"modified":"2025-12-04T09:16:27","modified_gmt":"2025-12-04T08:16:27","slug":"titans-of-space-vr","status":"publish","type":"page","link":"https:\/\/www.association-ore.fr\/fr\/tutos\/tutos-realite-virtuelle\/titans-of-space-vr\/","title":{"rendered":"Titans of space VR"},"content":{"rendered":"\t\t<div data-elementor-type=\"wp-page\" data-elementor-id=\"7074\" class=\"elementor elementor-7074\" data-elementor-post-type=\"page\">\n\t\t\t\t\t\t<section class=\"elementor-section elementor-top-section elementor-element elementor-element-797551a elementor-section-boxed elementor-section-height-default elementor-section-height-default jltma-glass-effect-no\" data-id=\"797551a\" data-element_type=\"section\">\n\t\t\t\t\t\t<div class=\"elementor-container elementor-column-gap-default\">\n\t\t\t\t\t<div class=\"elementor-column elementor-col-100 elementor-top-column elementor-element elementor-element-6899099 jltma-glass-effect-no\" data-id=\"6899099\" data-element_type=\"column\">\n\t\t\t<div class=\"elementor-widget-wrap elementor-element-populated\">\n\t\t\t\t\t\t<div class=\"elementor-element elementor-element-dd3e9d9 jltma-glass-effect-no elementor-widget elementor-widget-spacer\" data-id=\"dd3e9d9\" data-element_type=\"widget\" data-widget_type=\"spacer.default\">\n\t\t\t\t<div class=\"elementor-widget-container\">\n\t\t\t\t\t\t\t<div class=\"elementor-spacer\">\n\t\t\t<div class=\"elementor-spacer-inner\"><\/div>\n\t\t<\/div>\n\t\t\t\t\t\t<\/div>\n\t\t\t\t<\/div>\n\t\t\t\t<div class=\"elementor-element elementor-element-4bff5bf jltma-glass-effect-no elementor-widget elementor-widget-heading\" data-id=\"4bff5bf\" data-element_type=\"widget\" data-widget_type=\"heading.default\">\n\t\t\t\t<div class=\"elementor-widget-container\">\n\t\t\t\t\t<h1 class=\"elementor-heading-title elementor-size-default\">Titans of space VR<\/h1>\t\t\t\t<\/div>\n\t\t\t\t<\/div>\n\t\t\t\t<div class=\"elementor-element elementor-element-6d247bf jltma-glass-effect-no elementor-widget elementor-widget-spacer\" data-id=\"6d247bf\" data-element_type=\"widget\" data-widget_type=\"spacer.default\">\n\t\t\t\t<div class=\"elementor-widget-container\">\n\t\t\t\t\t\t\t<div class=\"elementor-spacer\">\n\t\t\t<div class=\"elementor-spacer-inner\"><\/div>\n\t\t<\/div>\n\t\t\t\t\t\t<\/div>\n\t\t\t\t<\/div>\n\t\t\t\t<div class=\"elementor-element elementor-element-6b4d809 jltma-glass-effect-no elementor-widget elementor-widget-text-editor\" data-id=\"6b4d809\" data-element_type=\"widget\" data-widget_type=\"text-editor.default\">\n\t\t\t\t<div class=\"elementor-widget-container\">\n\t\t\t\t\t\t\t\t\t<p>Parcourez ce syst\u00e8me solaire holographique et plissez les yeux devant la lumi\u00e8re intense de certaines des plus grandes \u00e9toiles connues. Profitez de plusieurs activit\u00e9s \u00e9ducatives au fil de votre exploration. Un grand soin a \u00e9t\u00e9 apport\u00e9 pour garantir une exp\u00e9rience en r\u00e9alit\u00e9 virtuelle confortable.<\/p>\t\t\t\t\t\t\t\t<\/div>\n\t\t\t\t<\/div>\n\t\t\t\t<div class=\"elementor-element elementor-element-f4b61de elementor-widget-divider--view-line jltma-glass-effect-no elementor-widget elementor-widget-divider\" data-id=\"f4b61de\" data-element_type=\"widget\" data-widget_type=\"divider.default\">\n\t\t\t\t<div class=\"elementor-widget-container\">\n\t\t\t\t\t\t\t<div class=\"elementor-divider\">\n\t\t\t<span class=\"elementor-divider-separator\">\n\t\t\t\t\t\t<\/span>\n\t\t<\/div>\n\t\t\t\t\t\t<\/div>\n\t\t\t\t<\/div>\n\t\t\t\t\t<\/div>\n\t\t<\/div>\n\t\t\t\t\t<\/div>\n\t\t<\/section>\n\t\t\t\t<section class=\"elementor-section elementor-top-section elementor-element elementor-element-e64c2c7 elementor-section-boxed elementor-section-height-default elementor-section-height-default jltma-glass-effect-no\" data-id=\"e64c2c7\" data-element_type=\"section\">\n\t\t\t\t\t\t<div class=\"elementor-container elementor-column-gap-default\">\n\t\t\t\t\t<div class=\"elementor-column elementor-col-100 elementor-top-column elementor-element elementor-element-47b4db5 jltma-glass-effect-no\" data-id=\"47b4db5\" data-element_type=\"column\">\n\t\t\t<div class=\"elementor-widget-wrap elementor-element-populated\">\n\t\t\t\t\t\t<div class=\"elementor-element elementor-element-17fd0a0 jltma-glass-effect-no elementor-widget elementor-widget-heading\" data-id=\"17fd0a0\" data-element_type=\"widget\" data-widget_type=\"heading.default\">\n\t\t\t\t<div class=\"elementor-widget-container\">\n\t\t\t\t\t<h2 class=\"elementor-heading-title elementor-size-default\">Prise en Main de l'application Titans of Space VR<\/h2>\t\t\t\t<\/div>\n\t\t\t\t<\/div>\n\t\t\t\t<div class=\"elementor-element elementor-element-7e36384 jltma-glass-effect-no elementor-widget elementor-widget-text-editor\" data-id=\"7e36384\" data-element_type=\"widget\" data-widget_type=\"text-editor.default\">\n\t\t\t\t<div class=\"elementor-widget-container\">\n\t\t\t\t\t\t\t\t\t<h4>Dans cette application, nous allons faire un voyage dans l\u2019espace pour une exploration riche en sensations. L\u2019application regorge d\u2019informations. Pour commencer, ouvrez l\u2019app Library et s\u00e9lectionnez Titans of Space<\/h4>\t\t\t\t\t\t\t\t<\/div>\n\t\t\t\t<\/div>\n\t\t\t\t<div class=\"elementor-element elementor-element-532e505 jltma-glass-effect-no elementor-widget elementor-widget-image\" data-id=\"532e505\" data-element_type=\"widget\" data-widget_type=\"image.default\">\n\t\t\t\t<div class=\"elementor-widget-container\">\n\t\t\t\t\t\t\t\t\t\t\t\t\t\t\t<img fetchpriority=\"high\" decoding=\"async\" width=\"605\" height=\"529\" src=\"https:\/\/www.association-ore.fr\/fr\/wp-content\/uploads\/2023\/12\/21-2-605x529.png\" class=\"attachment-large size-large wp-image-7162\" alt=\"\" srcset=\"https:\/\/www.association-ore.fr\/fr\/wp-content\/uploads\/2023\/12\/21-2.png 605w, https:\/\/www.association-ore.fr\/fr\/wp-content\/uploads\/2023\/12\/21-2-300x262.png 300w\" sizes=\"(max-width: 605px) 100vw, 605px\" \/>\t\t\t\t\t\t\t\t\t\t\t\t\t\t\t<\/div>\n\t\t\t\t<\/div>\n\t\t\t\t<div class=\"elementor-element elementor-element-deabe86 jltma-glass-effect-no elementor-widget elementor-widget-spacer\" data-id=\"deabe86\" data-element_type=\"widget\" data-widget_type=\"spacer.default\">\n\t\t\t\t<div class=\"elementor-widget-container\">\n\t\t\t\t\t\t\t<div class=\"elementor-spacer\">\n\t\t\t<div class=\"elementor-spacer-inner\"><\/div>\n\t\t<\/div>\n\t\t\t\t\t\t<\/div>\n\t\t\t\t<\/div>\n\t\t\t\t<div class=\"elementor-element elementor-element-367cc84 jltma-glass-effect-no elementor-widget elementor-widget-text-editor\" data-id=\"367cc84\" data-element_type=\"widget\" data-widget_type=\"text-editor.default\">\n\t\t\t\t<div class=\"elementor-widget-container\">\n\t\t\t\t\t\t\t\t\t<h4>Ensuite, cette interface vous permettra de choisir la langue. S\u00e9lectionnez la langue souhait\u00e9e, puis cliquez sur <strong data-start=\"158\" data-end=\"171\">Continuer<\/strong>.<\/h4>\t\t\t\t\t\t\t\t<\/div>\n\t\t\t\t<\/div>\n\t\t\t\t<div class=\"elementor-element elementor-element-e1fc675 jltma-glass-effect-no elementor-widget elementor-widget-image\" data-id=\"e1fc675\" data-element_type=\"widget\" data-widget_type=\"image.default\">\n\t\t\t\t<div class=\"elementor-widget-container\">\n\t\t\t\t\t\t\t\t\t\t\t\t\t\t\t<img decoding=\"async\" width=\"599\" height=\"599\" src=\"https:\/\/www.association-ore.fr\/fr\/wp-content\/uploads\/2023\/12\/22-1-1-599x599.png\" class=\"attachment-large size-large wp-image-7152\" alt=\"\" srcset=\"https:\/\/www.association-ore.fr\/fr\/wp-content\/uploads\/2023\/12\/22-1-1.png 599w, https:\/\/www.association-ore.fr\/fr\/wp-content\/uploads\/2023\/12\/22-1-1-150x150.png 150w, https:\/\/www.association-ore.fr\/fr\/wp-content\/uploads\/2023\/12\/22-1-1-300x300.png 300w\" sizes=\"(max-width: 599px) 100vw, 599px\" \/>\t\t\t\t\t\t\t\t\t\t\t\t\t\t\t<\/div>\n\t\t\t\t<\/div>\n\t\t\t\t<div class=\"elementor-element elementor-element-e78ff09 jltma-glass-effect-no elementor-widget elementor-widget-spacer\" data-id=\"e78ff09\" data-element_type=\"widget\" data-widget_type=\"spacer.default\">\n\t\t\t\t<div class=\"elementor-widget-container\">\n\t\t\t\t\t\t\t<div class=\"elementor-spacer\">\n\t\t\t<div class=\"elementor-spacer-inner\"><\/div>\n\t\t<\/div>\n\t\t\t\t\t\t<\/div>\n\t\t\t\t<\/div>\n\t\t\t\t<div class=\"elementor-element elementor-element-65206b4 jltma-glass-effect-no elementor-widget elementor-widget-text-editor\" data-id=\"65206b4\" data-element_type=\"widget\" data-widget_type=\"text-editor.default\">\n\t\t\t\t<div class=\"elementor-widget-container\">\n\t\t\t\t\t\t\t\t\t<h4>Vous pouvez choisir une d\u00e9couverte courte du syst\u00e8me solaire ou une exploration plus longue. La version courte dure environ 25 minutes et la version longue environ 35 minutes. \u00c0 droite, vous trouverez la carte des plan\u00e8tes que vous allez visiter.<\/h4>\t\t\t\t\t\t\t\t<\/div>\n\t\t\t\t<\/div>\n\t\t\t\t<div class=\"elementor-element elementor-element-16fd56e jltma-glass-effect-no elementor-widget elementor-widget-image\" data-id=\"16fd56e\" data-element_type=\"widget\" data-widget_type=\"image.default\">\n\t\t\t\t<div class=\"elementor-widget-container\">\n\t\t\t\t\t\t\t\t\t\t\t\t\t\t\t<img decoding=\"async\" width=\"498\" height=\"741\" src=\"https:\/\/www.association-ore.fr\/fr\/wp-content\/uploads\/2023\/12\/23-1-498x741.png\" class=\"attachment-large size-large wp-image-7153\" alt=\"\" srcset=\"https:\/\/www.association-ore.fr\/fr\/wp-content\/uploads\/2023\/12\/23-1.png 498w, https:\/\/www.association-ore.fr\/fr\/wp-content\/uploads\/2023\/12\/23-1-202x300.png 202w\" sizes=\"(max-width: 498px) 100vw, 498px\" \/>\t\t\t\t\t\t\t\t\t\t\t\t\t\t\t<\/div>\n\t\t\t\t<\/div>\n\t\t\t\t<div class=\"elementor-element elementor-element-58055f2 jltma-glass-effect-no elementor-widget elementor-widget-spacer\" data-id=\"58055f2\" data-element_type=\"widget\" data-widget_type=\"spacer.default\">\n\t\t\t\t<div class=\"elementor-widget-container\">\n\t\t\t\t\t\t\t<div class=\"elementor-spacer\">\n\t\t\t<div class=\"elementor-spacer-inner\"><\/div>\n\t\t<\/div>\n\t\t\t\t\t\t<\/div>\n\t\t\t\t<\/div>\n\t\t\t\t<div class=\"elementor-element elementor-element-239bd77 jltma-glass-effect-no elementor-widget elementor-widget-text-editor\" data-id=\"239bd77\" data-element_type=\"widget\" data-widget_type=\"text-editor.default\">\n\t\t\t\t<div class=\"elementor-widget-container\">\n\t\t\t\t\t\t\t\t\t<h4>Ensuite, \u00e0 droite, vous trouverez la carte des plan\u00e8tes que vous allez visiter<\/h4>\t\t\t\t\t\t\t\t<\/div>\n\t\t\t\t<\/div>\n\t\t\t\t<div class=\"elementor-element elementor-element-70b8602 jltma-glass-effect-no elementor-widget elementor-widget-image\" data-id=\"70b8602\" data-element_type=\"widget\" data-widget_type=\"image.default\">\n\t\t\t\t<div class=\"elementor-widget-container\">\n\t\t\t\t\t\t\t\t\t\t\t\t\t\t\t<img loading=\"lazy\" decoding=\"async\" width=\"550\" height=\"557\" src=\"https:\/\/www.association-ore.fr\/fr\/wp-content\/uploads\/2023\/12\/24-1-1-550x557.png\" class=\"attachment-large size-large wp-image-7154\" alt=\"\" srcset=\"https:\/\/www.association-ore.fr\/fr\/wp-content\/uploads\/2023\/12\/24-1-1.png 550w, https:\/\/www.association-ore.fr\/fr\/wp-content\/uploads\/2023\/12\/24-1-1-296x300.png 296w\" sizes=\"(max-width: 550px) 100vw, 550px\" \/>\t\t\t\t\t\t\t\t\t\t\t\t\t\t\t<\/div>\n\t\t\t\t<\/div>\n\t\t\t\t<div class=\"elementor-element elementor-element-0c24a2b jltma-glass-effect-no elementor-widget elementor-widget-spacer\" data-id=\"0c24a2b\" data-element_type=\"widget\" data-widget_type=\"spacer.default\">\n\t\t\t\t<div class=\"elementor-widget-container\">\n\t\t\t\t\t\t\t<div class=\"elementor-spacer\">\n\t\t\t<div class=\"elementor-spacer-inner\"><\/div>\n\t\t<\/div>\n\t\t\t\t\t\t<\/div>\n\t\t\t\t<\/div>\n\t\t\t\t<div class=\"elementor-element elementor-element-99e02b7 jltma-glass-effect-no elementor-widget elementor-widget-text-editor\" data-id=\"99e02b7\" data-element_type=\"widget\" data-widget_type=\"text-editor.default\">\n\t\t\t\t<div class=\"elementor-widget-container\">\n\t\t\t\t\t\t\t\t\t<h4>Voil\u00e0, nous sommes maintenant pr\u00eats \u00e0 commencer la visite. Il vous suffit de cliquer sur <strong data-start=\"134\" data-end=\"146\">D\u00e9marrer<\/strong>, puis sur <strong data-start=\"157\" data-end=\"165\">Pr\u00eat<\/strong>, et la visite d\u00e9bute.<\/h4>\t\t\t\t\t\t\t\t<\/div>\n\t\t\t\t<\/div>\n\t\t\t\t<div class=\"elementor-element elementor-element-8388b16 jltma-glass-effect-no elementor-widget elementor-widget-image\" data-id=\"8388b16\" data-element_type=\"widget\" data-widget_type=\"image.default\">\n\t\t\t\t<div class=\"elementor-widget-container\">\n\t\t\t\t\t\t\t\t\t\t\t\t\t\t\t<img loading=\"lazy\" decoding=\"async\" width=\"605\" height=\"629\" src=\"https:\/\/www.association-ore.fr\/fr\/wp-content\/uploads\/2023\/12\/25-1-1-605x629.png\" class=\"attachment-large size-large wp-image-7155\" alt=\"\" srcset=\"https:\/\/www.association-ore.fr\/fr\/wp-content\/uploads\/2023\/12\/25-1-1.png 605w, https:\/\/www.association-ore.fr\/fr\/wp-content\/uploads\/2023\/12\/25-1-1-289x300.png 289w\" sizes=\"(max-width: 605px) 100vw, 605px\" \/>\t\t\t\t\t\t\t\t\t\t\t\t\t\t\t<\/div>\n\t\t\t\t<\/div>\n\t\t\t\t<div class=\"elementor-element elementor-element-d30c32d jltma-glass-effect-no elementor-widget elementor-widget-spacer\" data-id=\"d30c32d\" data-element_type=\"widget\" data-widget_type=\"spacer.default\">\n\t\t\t\t<div class=\"elementor-widget-container\">\n\t\t\t\t\t\t\t<div class=\"elementor-spacer\">\n\t\t\t<div class=\"elementor-spacer-inner\"><\/div>\n\t\t<\/div>\n\t\t\t\t\t\t<\/div>\n\t\t\t\t<\/div>\n\t\t\t\t<div class=\"elementor-element elementor-element-dc5c552 jltma-glass-effect-no elementor-widget elementor-widget-text-editor\" data-id=\"dc5c552\" data-element_type=\"widget\" data-widget_type=\"text-editor.default\">\n\t\t\t\t<div class=\"elementor-widget-container\">\n\t\t\t\t\t\t\t\t\t<h4>Pour chaque arr\u00eat sur une plan\u00e8te, vous trouverez de nombreuses informations \u00e0 son sujet. Vous pouvez \u00e9galement manipuler la plan\u00e8te comme vous le souhaitez, la faire tourner \u00e0 l\u2019angle de votre choix. Il vous suffit de cliquer sur <strong data-start=\"278\" data-end=\"286\">Pr\u00eat<\/strong> ou sur le bouton <strong data-start=\"304\" data-end=\"312\">Play<\/strong> pour avancer et continuer la visite.<\/h4>\t\t\t\t\t\t\t\t<\/div>\n\t\t\t\t<\/div>\n\t\t\t\t<div class=\"elementor-element elementor-element-4793e81 jltma-glass-effect-no elementor-widget elementor-widget-image\" data-id=\"4793e81\" data-element_type=\"widget\" data-widget_type=\"image.default\">\n\t\t\t\t<div class=\"elementor-widget-container\">\n\t\t\t\t\t\t\t\t\t\t\t\t\t\t\t<img loading=\"lazy\" decoding=\"async\" width=\"702\" height=\"567\" src=\"https:\/\/www.association-ore.fr\/fr\/wp-content\/uploads\/2023\/12\/26-1-1-702x567.png\" class=\"attachment-large size-large wp-image-7156\" alt=\"\" srcset=\"https:\/\/www.association-ore.fr\/fr\/wp-content\/uploads\/2023\/12\/26-1-1.png 702w, https:\/\/www.association-ore.fr\/fr\/wp-content\/uploads\/2023\/12\/26-1-1-300x242.png 300w\" sizes=\"(max-width: 702px) 100vw, 702px\" \/>\t\t\t\t\t\t\t\t\t\t\t\t\t\t\t<\/div>\n\t\t\t\t<\/div>\n\t\t\t\t<div class=\"elementor-element elementor-element-b2806d0 jltma-glass-effect-no elementor-widget elementor-widget-spacer\" data-id=\"b2806d0\" data-element_type=\"widget\" data-widget_type=\"spacer.default\">\n\t\t\t\t<div class=\"elementor-widget-container\">\n\t\t\t\t\t\t\t<div class=\"elementor-spacer\">\n\t\t\t<div class=\"elementor-spacer-inner\"><\/div>\n\t\t<\/div>\n\t\t\t\t\t\t<\/div>\n\t\t\t\t<\/div>\n\t\t\t\t<div class=\"elementor-element elementor-element-6b55d53 jltma-glass-effect-no elementor-widget elementor-widget-text-editor\" data-id=\"6b55d53\" data-element_type=\"widget\" data-widget_type=\"text-editor.default\">\n\t\t\t\t<div class=\"elementor-widget-container\">\n\t\t\t\t\t\t\t\t\t<h4>Comme vous pouvez le constater, les images sont tr\u00e8s belles et r\u00e9alistes, avec des d\u00e9tails soigneusement r\u00e9alis\u00e9s. Les plan\u00e8tes d\u00e9fileront devant vous, accompagn\u00e9es de nombreuses informations telles que la distance qui les s\u00e9pare, leur surface ou encore leur diam\u00e8tre.<\/h4>\t\t\t\t\t\t\t\t<\/div>\n\t\t\t\t<\/div>\n\t\t\t\t<div class=\"elementor-element elementor-element-6fa71db jltma-glass-effect-no elementor-widget elementor-widget-image\" data-id=\"6fa71db\" data-element_type=\"widget\" data-widget_type=\"image.default\">\n\t\t\t\t<div class=\"elementor-widget-container\">\n\t\t\t\t\t\t\t\t\t\t\t\t\t\t\t<img loading=\"lazy\" decoding=\"async\" width=\"613\" height=\"422\" src=\"https:\/\/www.association-ore.fr\/fr\/wp-content\/uploads\/2023\/12\/27-1-1-613x422.png\" class=\"attachment-large size-large wp-image-7157\" alt=\"\" srcset=\"https:\/\/www.association-ore.fr\/fr\/wp-content\/uploads\/2023\/12\/27-1-1.png 613w, https:\/\/www.association-ore.fr\/fr\/wp-content\/uploads\/2023\/12\/27-1-1-300x207.png 300w\" sizes=\"(max-width: 613px) 100vw, 613px\" \/>\t\t\t\t\t\t\t\t\t\t\t\t\t\t\t<\/div>\n\t\t\t\t<\/div>\n\t\t\t\t<div class=\"elementor-element elementor-element-f9f9690 jltma-glass-effect-no elementor-widget elementor-widget-spacer\" data-id=\"f9f9690\" data-element_type=\"widget\" data-widget_type=\"spacer.default\">\n\t\t\t\t<div class=\"elementor-widget-container\">\n\t\t\t\t\t\t\t<div class=\"elementor-spacer\">\n\t\t\t<div class=\"elementor-spacer-inner\"><\/div>\n\t\t<\/div>\n\t\t\t\t\t\t<\/div>\n\t\t\t\t<\/div>\n\t\t\t\t<div class=\"elementor-element elementor-element-90a8369 jltma-glass-effect-no elementor-widget elementor-widget-text-editor\" data-id=\"90a8369\" data-element_type=\"widget\" data-widget_type=\"text-editor.default\">\n\t\t\t\t<div class=\"elementor-widget-container\">\n\t\t\t\t\t\t\t\t\t<h4>Pour en savoir plus sur la plan\u00e8te qui se trouve devant vous, utilisez le bouton &#8220;<strong data-start=\"128\" data-end=\"133\">i<\/strong>&#8221; situ\u00e9 \u00e0 gauche du tableau de bord. Chaque clic vous fournira des informations suppl\u00e9mentaires.<\/h4>\t\t\t\t\t\t\t\t<\/div>\n\t\t\t\t<\/div>\n\t\t\t\t<div class=\"elementor-element elementor-element-c1b36be jltma-glass-effect-no elementor-widget elementor-widget-image\" data-id=\"c1b36be\" data-element_type=\"widget\" data-widget_type=\"image.default\">\n\t\t\t\t<div class=\"elementor-widget-container\">\n\t\t\t\t\t\t\t\t\t\t\t\t\t\t\t<img loading=\"lazy\" decoding=\"async\" width=\"582\" height=\"304\" src=\"https:\/\/www.association-ore.fr\/fr\/wp-content\/uploads\/2023\/12\/28-1-1-582x304.png\" class=\"attachment-large size-large wp-image-7158\" alt=\"\" srcset=\"https:\/\/www.association-ore.fr\/fr\/wp-content\/uploads\/2023\/12\/28-1-1.png 582w, https:\/\/www.association-ore.fr\/fr\/wp-content\/uploads\/2023\/12\/28-1-1-300x157.png 300w\" sizes=\"(max-width: 582px) 100vw, 582px\" \/>\t\t\t\t\t\t\t\t\t\t\t\t\t\t\t<\/div>\n\t\t\t\t<\/div>\n\t\t\t\t<div class=\"elementor-element elementor-element-7f5cfb3 jltma-glass-effect-no elementor-widget elementor-widget-spacer\" data-id=\"7f5cfb3\" data-element_type=\"widget\" data-widget_type=\"spacer.default\">\n\t\t\t\t<div class=\"elementor-widget-container\">\n\t\t\t\t\t\t\t<div class=\"elementor-spacer\">\n\t\t\t<div class=\"elementor-spacer-inner\"><\/div>\n\t\t<\/div>\n\t\t\t\t\t\t<\/div>\n\t\t\t\t<\/div>\n\t\t\t\t<div class=\"elementor-element elementor-element-5f16db9 jltma-glass-effect-no elementor-widget elementor-widget-text-editor\" data-id=\"5f16db9\" data-element_type=\"widget\" data-widget_type=\"text-editor.default\">\n\t\t\t\t<div class=\"elementor-widget-container\">\n\t\t\t\t\t\t\t\t\t<h4>Nous avons devant nous Saturne. Comme vous pouvez le voir sur l\u2019image, je peux manipuler l\u2019orientation de la plan\u00e8te et la rapprocher pour mieux l\u2019observer.<br data-start=\"203\" data-end=\"206\" \/>Vous pouvez \u00e9galement solliciter un assistant \u00e0 tout moment en cliquant sur le bouton orange \u00e0 gauche de l\u2019\u00e9cran. Comme illustr\u00e9 sur l\u2019image, il appara\u00eetra pour vous fournir des explications d\u00e9taill\u00e9es sur la plan\u00e8te, l\u2019origine de son nom, et bien d\u2019autres informations pour enrichir vos connaissances sur le syst\u00e8me solaire.<\/h4>\t\t\t\t\t\t\t\t<\/div>\n\t\t\t\t<\/div>\n\t\t\t\t<div class=\"elementor-element elementor-element-cae643e jltma-glass-effect-no elementor-widget elementor-widget-image\" data-id=\"cae643e\" data-element_type=\"widget\" data-widget_type=\"image.default\">\n\t\t\t\t<div class=\"elementor-widget-container\">\n\t\t\t\t\t\t\t\t\t\t\t\t\t\t\t<img loading=\"lazy\" decoding=\"async\" width=\"507\" height=\"358\" src=\"https:\/\/www.association-ore.fr\/fr\/wp-content\/uploads\/2023\/12\/29-1-1-507x358.png\" class=\"attachment-large size-large wp-image-7159\" alt=\"\" srcset=\"https:\/\/www.association-ore.fr\/fr\/wp-content\/uploads\/2023\/12\/29-1-1.png 507w, https:\/\/www.association-ore.fr\/fr\/wp-content\/uploads\/2023\/12\/29-1-1-300x212.png 300w\" sizes=\"(max-width: 507px) 100vw, 507px\" \/>\t\t\t\t\t\t\t\t\t\t\t\t\t\t\t<\/div>\n\t\t\t\t<\/div>\n\t\t\t\t<div class=\"elementor-element elementor-element-ca140ff jltma-glass-effect-no elementor-widget elementor-widget-spacer\" data-id=\"ca140ff\" data-element_type=\"widget\" data-widget_type=\"spacer.default\">\n\t\t\t\t<div class=\"elementor-widget-container\">\n\t\t\t\t\t\t\t<div class=\"elementor-spacer\">\n\t\t\t<div class=\"elementor-spacer-inner\"><\/div>\n\t\t<\/div>\n\t\t\t\t\t\t<\/div>\n\t\t\t\t<\/div>\n\t\t\t\t<div class=\"elementor-element elementor-element-e06e866 jltma-glass-effect-no elementor-widget elementor-widget-image\" data-id=\"e06e866\" data-element_type=\"widget\" data-widget_type=\"image.default\">\n\t\t\t\t<div class=\"elementor-widget-container\">\n\t\t\t\t\t\t\t\t\t\t\t\t\t\t\t<img loading=\"lazy\" decoding=\"async\" width=\"516\" height=\"510\" src=\"https:\/\/www.association-ore.fr\/fr\/wp-content\/uploads\/2023\/12\/30-1-516x510.png\" class=\"attachment-large size-large wp-image-7160\" alt=\"\" srcset=\"https:\/\/www.association-ore.fr\/fr\/wp-content\/uploads\/2023\/12\/30-1.png 516w, https:\/\/www.association-ore.fr\/fr\/wp-content\/uploads\/2023\/12\/30-1-300x297.png 300w\" sizes=\"(max-width: 516px) 100vw, 516px\" \/>\t\t\t\t\t\t\t\t\t\t\t\t\t\t\t<\/div>\n\t\t\t\t<\/div>\n\t\t\t\t\t<\/div>\n\t\t<\/div>\n\t\t\t\t\t<\/div>\n\t\t<\/section>\n\t\t\t\t<\/div>\n\t\t","protected":false},"excerpt":{"rendered":"<p>Titans of space VR Parcourez ce syst\u00e8me solaire holographique et plissez les yeux devant la lumi\u00e8re intense de certaines des plus grandes \u00e9toiles connues. Profitez de plusieurs activit\u00e9s \u00e9ducatives au fil de votre exploration. Un grand soin a \u00e9t\u00e9 apport\u00e9 pour garantir une exp\u00e9rience en r\u00e9alit\u00e9 virtuelle confortable. Prise en Main de l&#8217;application Titans of&#8230;<\/p>\n","protected":false},"author":2,"featured_media":0,"parent":6395,"menu_order":0,"comment_status":"closed","ping_status":"closed","template":"","meta":{"footnotes":""},"class_list":["post-7074","page","type-page","status-publish","hentry"],"_links":{"self":[{"href":"https:\/\/www.association-ore.fr\/fr\/wp-json\/wp\/v2\/pages\/7074","targetHints":{"allow":["GET"]}}],"collection":[{"href":"https:\/\/www.association-ore.fr\/fr\/wp-json\/wp\/v2\/pages"}],"about":[{"href":"https:\/\/www.association-ore.fr\/fr\/wp-json\/wp\/v2\/types\/page"}],"author":[{"embeddable":true,"href":"https:\/\/www.association-ore.fr\/fr\/wp-json\/wp\/v2\/users\/2"}],"replies":[{"embeddable":true,"href":"https:\/\/www.association-ore.fr\/fr\/wp-json\/wp\/v2\/comments?post=7074"}],"version-history":[{"count":3,"href":"https:\/\/www.association-ore.fr\/fr\/wp-json\/wp\/v2\/pages\/7074\/revisions"}],"predecessor-version":[{"id":10638,"href":"https:\/\/www.association-ore.fr\/fr\/wp-json\/wp\/v2\/pages\/7074\/revisions\/10638"}],"up":[{"embeddable":true,"href":"https:\/\/www.association-ore.fr\/fr\/wp-json\/wp\/v2\/pages\/6395"}],"wp:attachment":[{"href":"https:\/\/www.association-ore.fr\/fr\/wp-json\/wp\/v2\/media?parent=7074"}],"curies":[{"name":"wp","href":"https:\/\/api.w.org\/{rel}","templated":true}]}}