{"id":7069,"date":"2023-12-13T12:04:38","date_gmt":"2023-12-13T11:04:38","guid":{"rendered":"https:\/\/fablab21.fr\/?page_id=7069"},"modified":"2025-12-04T08:55:01","modified_gmt":"2025-12-04T07:55:01","slug":"puzzling-places","status":"publish","type":"page","link":"https:\/\/www.association-ore.fr\/fr\/tutos\/tutos-realite-virtuelle\/puzzling-places\/","title":{"rendered":"Puzzling places"},"content":{"rendered":"\t\t<div data-elementor-type=\"wp-page\" data-elementor-id=\"7069\" class=\"elementor elementor-7069\" data-elementor-post-type=\"page\">\n\t\t\t\t\t\t<section class=\"elementor-section elementor-top-section elementor-element elementor-element-5109943 elementor-section-boxed elementor-section-height-default elementor-section-height-default jltma-glass-effect-no\" data-id=\"5109943\" data-element_type=\"section\">\n\t\t\t\t\t\t<div class=\"elementor-container elementor-column-gap-default\">\n\t\t\t\t\t<div class=\"elementor-column elementor-col-100 elementor-top-column elementor-element elementor-element-88e0f71 jltma-glass-effect-no\" data-id=\"88e0f71\" data-element_type=\"column\">\n\t\t\t<div class=\"elementor-widget-wrap elementor-element-populated\">\n\t\t\t\t\t\t<div class=\"elementor-element elementor-element-7f3a854 jltma-glass-effect-no elementor-widget elementor-widget-spacer\" data-id=\"7f3a854\" data-element_type=\"widget\" data-widget_type=\"spacer.default\">\n\t\t\t\t<div class=\"elementor-widget-container\">\n\t\t\t\t\t\t\t<div class=\"elementor-spacer\">\n\t\t\t<div class=\"elementor-spacer-inner\"><\/div>\n\t\t<\/div>\n\t\t\t\t\t\t<\/div>\n\t\t\t\t<\/div>\n\t\t\t\t<div class=\"elementor-element elementor-element-2c50ffb jltma-glass-effect-no elementor-widget elementor-widget-heading\" data-id=\"2c50ffb\" data-element_type=\"widget\" data-widget_type=\"heading.default\">\n\t\t\t\t<div class=\"elementor-widget-container\">\n\t\t\t\t\t<h1 class=\"elementor-heading-title elementor-size-default\">Puzzling places<\/h1>\t\t\t\t<\/div>\n\t\t\t\t<\/div>\n\t\t\t\t<div class=\"elementor-element elementor-element-30ef733 jltma-glass-effect-no elementor-widget elementor-widget-text-editor\" data-id=\"30ef733\" data-element_type=\"widget\" data-widget_type=\"text-editor.default\">\n\t\t\t\t<div class=\"elementor-widget-container\">\n\t\t\t\t\t\t\t\t\t<h4>Sur cette application, nous allons voir des puzzles 3D, une application tr\u00e8s int\u00e9ressante. Vous allez \u00e0 la fois apprendre \u00e0 conna\u00eetre des sites g\u00e9ographiques, des monuments et des images \u00e0 reproduire \u00e0 la main.\u00a0<\/h4>\t\t\t\t\t\t\t\t<\/div>\n\t\t\t\t<\/div>\n\t\t\t\t<div class=\"elementor-element elementor-element-0282682 jltma-glass-effect-no elementor-widget elementor-widget-heading\" data-id=\"0282682\" data-element_type=\"widget\" data-widget_type=\"heading.default\">\n\t\t\t\t<div class=\"elementor-widget-container\">\n\t\t\t\t\t<h3 class=\"elementor-heading-title elementor-size-default\"> Un puzzle 3D relaxant, des lieux d\u00e9routants.\nAssemblez des miniatures hyper r\u00e9alistes, de beaux endroits du monde entier. Entrez dans le flux m\u00e9ditatif des \u00e9nigmes et profitez de chaque lieu qui prend vie avec ses paysages sonores uniques et immersifs, au fur et \u00e0 mesure que vous les compl\u00e9tez.<\/h3>\t\t\t\t<\/div>\n\t\t\t\t<\/div>\n\t\t\t\t<div class=\"elementor-element elementor-element-c9c6e13 jltma-glass-effect-no elementor-widget elementor-widget-spacer\" data-id=\"c9c6e13\" data-element_type=\"widget\" data-widget_type=\"spacer.default\">\n\t\t\t\t<div class=\"elementor-widget-container\">\n\t\t\t\t\t\t\t<div class=\"elementor-spacer\">\n\t\t\t<div class=\"elementor-spacer-inner\"><\/div>\n\t\t<\/div>\n\t\t\t\t\t\t<\/div>\n\t\t\t\t<\/div>\n\t\t\t\t<div class=\"elementor-element elementor-element-d9a7a11 elementor-widget-divider--view-line jltma-glass-effect-no elementor-widget elementor-widget-divider\" data-id=\"d9a7a11\" data-element_type=\"widget\" data-widget_type=\"divider.default\">\n\t\t\t\t<div class=\"elementor-widget-container\">\n\t\t\t\t\t\t\t<div class=\"elementor-divider\">\n\t\t\t<span class=\"elementor-divider-separator\">\n\t\t\t\t\t\t<\/span>\n\t\t<\/div>\n\t\t\t\t\t\t<\/div>\n\t\t\t\t<\/div>\n\t\t\t\t\t<\/div>\n\t\t<\/div>\n\t\t\t\t\t<\/div>\n\t\t<\/section>\n\t\t\t\t<section class=\"elementor-section elementor-top-section elementor-element elementor-element-cc1c111 elementor-section-boxed elementor-section-height-default elementor-section-height-default jltma-glass-effect-no\" data-id=\"cc1c111\" data-element_type=\"section\">\n\t\t\t\t\t\t<div class=\"elementor-container elementor-column-gap-default\">\n\t\t\t\t\t<div class=\"elementor-column elementor-col-100 elementor-top-column elementor-element elementor-element-d873f99 jltma-glass-effect-no\" data-id=\"d873f99\" data-element_type=\"column\">\n\t\t\t<div class=\"elementor-widget-wrap elementor-element-populated\">\n\t\t\t\t\t\t<div class=\"elementor-element elementor-element-fed9738 jltma-glass-effect-no elementor-widget elementor-widget-heading\" data-id=\"fed9738\" data-element_type=\"widget\" data-widget_type=\"heading.default\">\n\t\t\t\t<div class=\"elementor-widget-container\">\n\t\t\t\t\t<h2 class=\"elementor-heading-title elementor-size-default\">Prise en main de l'application VR Puzzling <\/h2>\t\t\t\t<\/div>\n\t\t\t\t<\/div>\n\t\t\t\t<div class=\"elementor-element elementor-element-7407ccf jltma-glass-effect-no elementor-widget elementor-widget-text-editor\" data-id=\"7407ccf\" data-element_type=\"widget\" data-widget_type=\"text-editor.default\">\n\t\t\t\t<div class=\"elementor-widget-container\">\n\t\t\t\t\t\t\t\t\t<h4>Nous allons ouvrir l&#8217;App Library qui se trouve \u00e0 droite de votre barre de t\u00e2che, et choisir Puzzling Places avec l&#8217;image des pyramides d&#8217;\u00c9gypte.<\/h4>\t\t\t\t\t\t\t\t<\/div>\n\t\t\t\t<\/div>\n\t\t\t\t<div class=\"elementor-element elementor-element-f7b4b75 jltma-glass-effect-no elementor-widget elementor-widget-image\" data-id=\"f7b4b75\" data-element_type=\"widget\" data-widget_type=\"image.default\">\n\t\t\t\t<div class=\"elementor-widget-container\">\n\t\t\t\t\t\t\t\t\t\t\t\t\t\t\t<img fetchpriority=\"high\" decoding=\"async\" width=\"619\" height=\"576\" src=\"https:\/\/www.association-ore.fr\/fr\/wp-content\/uploads\/2023\/12\/16-1-619x576.png\" class=\"attachment-large size-large wp-image-7138\" alt=\"\" srcset=\"https:\/\/www.association-ore.fr\/fr\/wp-content\/uploads\/2023\/12\/16-1.png 619w, https:\/\/www.association-ore.fr\/fr\/wp-content\/uploads\/2023\/12\/16-1-300x279.png 300w\" sizes=\"(max-width: 619px) 100vw, 619px\" \/>\t\t\t\t\t\t\t\t\t\t\t\t\t\t\t<\/div>\n\t\t\t\t<\/div>\n\t\t\t\t<div class=\"elementor-element elementor-element-6b4f6fd jltma-glass-effect-no elementor-widget elementor-widget-text-editor\" data-id=\"6b4f6fd\" data-element_type=\"widget\" data-widget_type=\"text-editor.default\">\n\t\t\t\t<div class=\"elementor-widget-container\">\n\t\t\t\t\t\t\t\t\t<h4>Par la suite, nous aurons l&#8217;accueil de l&#8217;application. Nous avons une s\u00e9rie d&#8217;images en face de vous. Une fois que vous avez choisi, vous avez la possibilit\u00e9 de changer le d\u00e9coupage du puzzle.<\/h4>\t\t\t\t\t\t\t\t<\/div>\n\t\t\t\t<\/div>\n\t\t\t\t<div class=\"elementor-element elementor-element-98e0cbc jltma-glass-effect-no elementor-widget elementor-widget-text-editor\" data-id=\"98e0cbc\" data-element_type=\"widget\" data-widget_type=\"text-editor.default\">\n\t\t\t\t<div class=\"elementor-widget-container\">\n\t\t\t\t\t\t\t\t\t<h4><strong data-start=\"63\" data-end=\"75\">Rappel :<\/strong> vous pouvez choisir d\u2019utiliser la manette ou votre main. Toutefois, il est pr\u00e9f\u00e9rable d\u2019opter pour la main, car vous aurez une meilleure ma\u00eetrise des pi\u00e8ces du puzzle.<br data-start=\"243\" data-end=\"246\" data-is-only-node=\"\" \/>Une fois le nombre de pi\u00e8ces s\u00e9lectionn\u00e9, cliquez sur <strong data-start=\"300\" data-end=\"313\">Continuer<\/strong> ou <strong data-start=\"317\" data-end=\"329\">D\u00e9marrer<\/strong> (\u00e0 droite de votre barre des t\u00e2ches), puis choisissez <strong data-start=\"384\" data-end=\"403\">Puzzling Places<\/strong> avec l\u2019image des pyramides d\u2019\u00c9gypte.<\/h4>\t\t\t\t\t\t\t\t<\/div>\n\t\t\t\t<\/div>\n\t\t\t\t<div class=\"elementor-element elementor-element-f85434b jltma-glass-effect-no elementor-widget elementor-widget-spacer\" data-id=\"f85434b\" data-element_type=\"widget\" data-widget_type=\"spacer.default\">\n\t\t\t\t<div class=\"elementor-widget-container\">\n\t\t\t\t\t\t\t<div class=\"elementor-spacer\">\n\t\t\t<div class=\"elementor-spacer-inner\"><\/div>\n\t\t<\/div>\n\t\t\t\t\t\t<\/div>\n\t\t\t\t<\/div>\n\t\t\t\t<div class=\"elementor-element elementor-element-331b7c4 jltma-glass-effect-no elementor-widget elementor-widget-image\" data-id=\"331b7c4\" data-element_type=\"widget\" data-widget_type=\"image.default\">\n\t\t\t\t<div class=\"elementor-widget-container\">\n\t\t\t\t\t\t\t\t\t\t\t\t\t\t\t<img decoding=\"async\" width=\"663\" height=\"608\" src=\"https:\/\/www.association-ore.fr\/fr\/wp-content\/uploads\/2023\/12\/17-1-1-663x608.png\" class=\"attachment-large size-large wp-image-7139\" alt=\"\" srcset=\"https:\/\/www.association-ore.fr\/fr\/wp-content\/uploads\/2023\/12\/17-1-1.png 663w, https:\/\/www.association-ore.fr\/fr\/wp-content\/uploads\/2023\/12\/17-1-1-300x275.png 300w\" sizes=\"(max-width: 663px) 100vw, 663px\" \/>\t\t\t\t\t\t\t\t\t\t\t\t\t\t\t<\/div>\n\t\t\t\t<\/div>\n\t\t\t\t<div class=\"elementor-element elementor-element-18b482d jltma-glass-effect-no elementor-widget elementor-widget-spacer\" data-id=\"18b482d\" data-element_type=\"widget\" data-widget_type=\"spacer.default\">\n\t\t\t\t<div class=\"elementor-widget-container\">\n\t\t\t\t\t\t\t<div class=\"elementor-spacer\">\n\t\t\t<div class=\"elementor-spacer-inner\"><\/div>\n\t\t<\/div>\n\t\t\t\t\t\t<\/div>\n\t\t\t\t<\/div>\n\t\t\t\t<div class=\"elementor-element elementor-element-ed1da71 jltma-glass-effect-no elementor-widget elementor-widget-text-editor\" data-id=\"ed1da71\" data-element_type=\"widget\" data-widget_type=\"text-editor.default\">\n\t\t\t\t<div class=\"elementor-widget-container\">\n\t\t\t\t\t\t\t\t\t<h4>Voici \u00e0 quoi ressemble l\u2019environnement du puzzle. En haut se trouvent les diff\u00e9rentes pi\u00e8ces. Pour les manipuler, il suffit de viser une pi\u00e8ce et de pincer les doigts pour la saisir. Les images affich\u00e9es en bas indiquent les diff\u00e9rents c\u00f4t\u00e9s du puzzle \u00e0 reproduire.<\/h4>\t\t\t\t\t\t\t\t<\/div>\n\t\t\t\t<\/div>\n\t\t\t\t<div class=\"elementor-element elementor-element-a3faadd jltma-glass-effect-no elementor-widget elementor-widget-spacer\" data-id=\"a3faadd\" data-element_type=\"widget\" data-widget_type=\"spacer.default\">\n\t\t\t\t<div class=\"elementor-widget-container\">\n\t\t\t\t\t\t\t<div class=\"elementor-spacer\">\n\t\t\t<div class=\"elementor-spacer-inner\"><\/div>\n\t\t<\/div>\n\t\t\t\t\t\t<\/div>\n\t\t\t\t<\/div>\n\t\t\t\t<div class=\"elementor-element elementor-element-95d6134 jltma-glass-effect-no elementor-widget elementor-widget-image\" data-id=\"95d6134\" data-element_type=\"widget\" data-widget_type=\"image.default\">\n\t\t\t\t<div class=\"elementor-widget-container\">\n\t\t\t\t\t\t\t\t\t\t\t\t\t\t\t<img decoding=\"async\" width=\"592\" height=\"653\" src=\"https:\/\/www.association-ore.fr\/fr\/wp-content\/uploads\/2023\/12\/18-1-1-592x653.png\" class=\"attachment-large size-large wp-image-7140\" alt=\"\" srcset=\"https:\/\/www.association-ore.fr\/fr\/wp-content\/uploads\/2023\/12\/18-1-1.png 592w, https:\/\/www.association-ore.fr\/fr\/wp-content\/uploads\/2023\/12\/18-1-1-272x300.png 272w\" sizes=\"(max-width: 592px) 100vw, 592px\" \/>\t\t\t\t\t\t\t\t\t\t\t\t\t\t\t<\/div>\n\t\t\t\t<\/div>\n\t\t\t\t<div class=\"elementor-element elementor-element-c4aef64 jltma-glass-effect-no elementor-widget elementor-widget-text-editor\" data-id=\"c4aef64\" data-element_type=\"widget\" data-widget_type=\"text-editor.default\">\n\t\t\t\t<div class=\"elementor-widget-container\">\n\t\t\t\t\t\t\t\t\t<h4>Vous pouvez tenir les pi\u00e8ces dans vos mains et les manipuler librement afin que le b\u00e2timent ou l\u2019image \u00e0 reconstruire apparaisse devant vous.<br data-start=\"204\" data-end=\"207\" \/>Dans le menu de gauche, vous trouverez les param\u00e8tres de l\u2019application ainsi qu\u2019un didacticiel pour vous guider dans l\u2019utilisation de l\u2019application et de la manette. Vous avez \u00e9galement la possibilit\u00e9 d\u2019ajouter d\u2019autres packs d\u2019images, mais attention : ils sont payants.<\/h4><h4>\u00a0<\/h4>\t\t\t\t\t\t\t\t<\/div>\n\t\t\t\t<\/div>\n\t\t\t\t<div class=\"elementor-element elementor-element-b4e1447 jltma-glass-effect-no elementor-widget elementor-widget-image\" data-id=\"b4e1447\" data-element_type=\"widget\" data-widget_type=\"image.default\">\n\t\t\t\t<div class=\"elementor-widget-container\">\n\t\t\t\t\t\t\t\t\t\t\t\t\t\t\t<img loading=\"lazy\" decoding=\"async\" width=\"514\" height=\"503\" src=\"https:\/\/www.association-ore.fr\/fr\/wp-content\/uploads\/2023\/12\/19-1-1-514x503.png\" class=\"attachment-large size-large wp-image-7141\" alt=\"\" srcset=\"https:\/\/www.association-ore.fr\/fr\/wp-content\/uploads\/2023\/12\/19-1-1.png 514w, https:\/\/www.association-ore.fr\/fr\/wp-content\/uploads\/2023\/12\/19-1-1-300x294.png 300w\" sizes=\"(max-width: 514px) 100vw, 514px\" \/>\t\t\t\t\t\t\t\t\t\t\t\t\t\t\t<\/div>\n\t\t\t\t<\/div>\n\t\t\t\t<div class=\"elementor-element elementor-element-77c6b60 jltma-glass-effect-no elementor-widget elementor-widget-image\" data-id=\"77c6b60\" data-element_type=\"widget\" data-widget_type=\"image.default\">\n\t\t\t\t<div class=\"elementor-widget-container\">\n\t\t\t\t\t\t\t\t\t\t\t\t\t\t\t<img loading=\"lazy\" decoding=\"async\" width=\"432\" height=\"630\" src=\"https:\/\/www.association-ore.fr\/fr\/wp-content\/uploads\/2023\/12\/20-1-432x630.png\" class=\"attachment-large size-large wp-image-7142\" alt=\"\" srcset=\"https:\/\/www.association-ore.fr\/fr\/wp-content\/uploads\/2023\/12\/20-1.png 432w, https:\/\/www.association-ore.fr\/fr\/wp-content\/uploads\/2023\/12\/20-1-206x300.png 206w\" sizes=\"(max-width: 432px) 100vw, 432px\" \/>\t\t\t\t\t\t\t\t\t\t\t\t\t\t\t<\/div>\n\t\t\t\t<\/div>\n\t\t\t\t\t<\/div>\n\t\t<\/div>\n\t\t\t\t\t<\/div>\n\t\t<\/section>\n\t\t\t\t<\/div>\n\t\t","protected":false},"excerpt":{"rendered":"<p>Puzzling places Sur cette application, nous allons voir des puzzles 3D, une application tr\u00e8s int\u00e9ressante. Vous allez \u00e0 la fois apprendre \u00e0 conna\u00eetre des sites g\u00e9ographiques, des monuments et des images \u00e0 reproduire \u00e0 la main.\u00a0 Un puzzle 3D relaxant, des lieux d\u00e9routants. Assemblez des miniatures hyper r\u00e9alistes, de beaux endroits du monde entier. Entrez&#8230;<\/p>\n","protected":false},"author":2,"featured_media":0,"parent":6395,"menu_order":0,"comment_status":"closed","ping_status":"closed","template":"","meta":{"footnotes":""},"class_list":["post-7069","page","type-page","status-publish","hentry"],"_links":{"self":[{"href":"https:\/\/www.association-ore.fr\/fr\/wp-json\/wp\/v2\/pages\/7069","targetHints":{"allow":["GET"]}}],"collection":[{"href":"https:\/\/www.association-ore.fr\/fr\/wp-json\/wp\/v2\/pages"}],"about":[{"href":"https:\/\/www.association-ore.fr\/fr\/wp-json\/wp\/v2\/types\/page"}],"author":[{"embeddable":true,"href":"https:\/\/www.association-ore.fr\/fr\/wp-json\/wp\/v2\/users\/2"}],"replies":[{"embeddable":true,"href":"https:\/\/www.association-ore.fr\/fr\/wp-json\/wp\/v2\/comments?post=7069"}],"version-history":[{"count":3,"href":"https:\/\/www.association-ore.fr\/fr\/wp-json\/wp\/v2\/pages\/7069\/revisions"}],"predecessor-version":[{"id":10634,"href":"https:\/\/www.association-ore.fr\/fr\/wp-json\/wp\/v2\/pages\/7069\/revisions\/10634"}],"up":[{"embeddable":true,"href":"https:\/\/www.association-ore.fr\/fr\/wp-json\/wp\/v2\/pages\/6395"}],"wp:attachment":[{"href":"https:\/\/www.association-ore.fr\/fr\/wp-json\/wp\/v2\/media?parent=7069"}],"curies":[{"name":"wp","href":"https:\/\/api.w.org\/{rel}","templated":true}]}}