{"id":6965,"date":"2023-12-09T12:37:28","date_gmt":"2023-12-09T11:37:28","guid":{"rendered":"https:\/\/fablab21.fr\/?page_id=6965"},"modified":"2025-07-19T14:02:09","modified_gmt":"2025-07-19T12:02:09","slug":"tutos-machines","status":"publish","type":"page","link":"https:\/\/www.association-ore.fr\/fr\/tutos\/tutos-machines\/","title":{"rendered":"Tutos machines"},"content":{"rendered":"\t\t<div data-elementor-type=\"wp-page\" data-elementor-id=\"6965\" class=\"elementor elementor-6965\" data-elementor-post-type=\"page\">\n\t\t\t\t\t\t<section class=\"elementor-section elementor-top-section elementor-element elementor-element-321f91d elementor-section-boxed elementor-section-height-default elementor-section-height-default jltma-glass-effect-no\" data-id=\"321f91d\" data-element_type=\"section\">\n\t\t\t\t\t\t<div class=\"elementor-container elementor-column-gap-default\">\n\t\t\t\t\t<div class=\"elementor-column elementor-col-100 elementor-top-column elementor-element elementor-element-685b0fc jltma-glass-effect-no\" data-id=\"685b0fc\" data-element_type=\"column\">\n\t\t\t<div class=\"elementor-widget-wrap elementor-element-populated\">\n\t\t\t\t\t\t<div class=\"elementor-element elementor-element-9a00bc9 jltma-glass-effect-no elementor-widget elementor-widget-spacer\" data-id=\"9a00bc9\" data-element_type=\"widget\" data-widget_type=\"spacer.default\">\n\t\t\t\t<div class=\"elementor-widget-container\">\n\t\t\t\t\t\t\t<div class=\"elementor-spacer\">\n\t\t\t<div class=\"elementor-spacer-inner\"><\/div>\n\t\t<\/div>\n\t\t\t\t\t\t<\/div>\n\t\t\t\t<\/div>\n\t\t\t\t<div class=\"elementor-element elementor-element-52060b4 jltma-glass-effect-no elementor-widget elementor-widget-heading\" data-id=\"52060b4\" data-element_type=\"widget\" data-widget_type=\"heading.default\">\n\t\t\t\t<div class=\"elementor-widget-container\">\n\t\t\t\t\t<h1 class=\"elementor-heading-title elementor-size-default\">Tutos machines<\/h1>\t\t\t\t<\/div>\n\t\t\t\t<\/div>\n\t\t\t\t<div class=\"elementor-element elementor-element-0c627b8 jltma-glass-effect-no elementor-widget elementor-widget-spacer\" data-id=\"0c627b8\" data-element_type=\"widget\" data-widget_type=\"spacer.default\">\n\t\t\t\t<div class=\"elementor-widget-container\">\n\t\t\t\t\t\t\t<div class=\"elementor-spacer\">\n\t\t\t<div class=\"elementor-spacer-inner\"><\/div>\n\t\t<\/div>\n\t\t\t\t\t\t<\/div>\n\t\t\t\t<\/div>\n\t\t\t\t<div class=\"elementor-element elementor-element-9e49078 jltma-glass-effect-no elementor-widget elementor-widget-text-editor\" data-id=\"9e49078\" data-element_type=\"widget\" data-widget_type=\"text-editor.default\">\n\t\t\t\t<div class=\"elementor-widget-container\">\n\t\t\t\t\t\t\t\t\t<p>Ici vous pourrez apprendre \u00e0 utiliser les machines du fablab (imprimantes 3D, d\u00e9coupe laser, brodeuse, fraiseuse, etc.) ainsi que leurs logiciels associ\u00e9s.<\/p>\t\t\t\t\t\t\t\t<\/div>\n\t\t\t\t<\/div>\n\t\t\t\t<div class=\"elementor-element elementor-element-a296872 elementor-widget-divider--view-line jltma-glass-effect-no elementor-widget elementor-widget-divider\" data-id=\"a296872\" data-element_type=\"widget\" data-widget_type=\"divider.default\">\n\t\t\t\t<div class=\"elementor-widget-container\">\n\t\t\t\t\t\t\t<div class=\"elementor-divider\">\n\t\t\t<span class=\"elementor-divider-separator\">\n\t\t\t\t\t\t<\/span>\n\t\t<\/div>\n\t\t\t\t\t\t<\/div>\n\t\t\t\t<\/div>\n\t\t\t\t\t<\/div>\n\t\t<\/div>\n\t\t\t\t\t<\/div>\n\t\t<\/section>\n\t\t\t\t<section class=\"elementor-section elementor-top-section elementor-element elementor-element-5f1e0c8 elementor-section-boxed elementor-section-height-default elementor-section-height-default jltma-glass-effect-no\" data-id=\"5f1e0c8\" data-element_type=\"section\">\n\t\t\t\t\t\t<div class=\"elementor-container elementor-column-gap-default\">\n\t\t\t\t\t<div class=\"elementor-column elementor-col-33 elementor-top-column elementor-element elementor-element-a9b1fb6 jltma-glass-effect-no\" data-id=\"a9b1fb6\" data-element_type=\"column\">\n\t\t\t<div class=\"elementor-widget-wrap elementor-element-populated\">\n\t\t\t\t\t\t<div class=\"elementor-element elementor-element-cdd4532 elementor-widget__width-inherit elementor-widget-tablet__width-inherit jltma-glass-effect-no elementor-widget elementor-widget-image\" data-id=\"cdd4532\" data-element_type=\"widget\" data-widget_type=\"image.default\">\n\t\t\t\t<div class=\"elementor-widget-container\">\n\t\t\t\t\t\t\t\t\t\t\t\t\t\t\t\t<a href=\"http:\/\/association-ore.fr\/fr\/tutos\/tutos-machines\/le-slicer-cura\">\n\t\t\t\t\t\t\t<img fetchpriority=\"high\" decoding=\"async\" width=\"1024\" height=\"1024\" src=\"https:\/\/www.association-ore.fr\/fr\/wp-content\/uploads\/2023\/12\/ultimaker-cura-1.png\" class=\"attachment-full size-full wp-image-6982\" alt=\"\" srcset=\"https:\/\/www.association-ore.fr\/fr\/wp-content\/uploads\/2023\/12\/ultimaker-cura-1.png 1024w, https:\/\/www.association-ore.fr\/fr\/wp-content\/uploads\/2023\/12\/ultimaker-cura-1-150x150.png 150w, https:\/\/www.association-ore.fr\/fr\/wp-content\/uploads\/2023\/12\/ultimaker-cura-1-300x300.png 300w\" sizes=\"(max-width: 1024px) 100vw, 1024px\" \/>\t\t\t\t\t\t\t\t<\/a>\n\t\t\t\t\t\t\t\t\t\t\t\t\t\t\t<\/div>\n\t\t\t\t<\/div>\n\t\t\t\t<div class=\"elementor-element elementor-element-d2828f3 elementor-widget__width-inherit elementor-widget-tablet__width-inherit jltma-glass-effect-no elementor-widget elementor-widget-image\" data-id=\"d2828f3\" data-element_type=\"widget\" data-widget_type=\"image.default\">\n\t\t\t\t<div class=\"elementor-widget-container\">\n\t\t\t\t\t\t\t\t\t\t\t\t\t\t\t\t<a href=\"http:\/\/association-ore.fr\/fr\/wp-content\/uploads\/2022\/05\/fiche_scan_n_cut.pdf\">\n\t\t\t\t\t\t\t<img decoding=\"async\" width=\"2000\" height=\"2000\" src=\"https:\/\/www.association-ore.fr\/fr\/wp-content\/uploads\/2024\/01\/scanncut.png\" class=\"attachment-full size-full wp-image-7656\" alt=\"\" srcset=\"https:\/\/www.association-ore.fr\/fr\/wp-content\/uploads\/2024\/01\/scanncut.png 2000w, https:\/\/www.association-ore.fr\/fr\/wp-content\/uploads\/2024\/01\/scanncut-150x150.png 150w, https:\/\/www.association-ore.fr\/fr\/wp-content\/uploads\/2024\/01\/scanncut-300x300.png 300w, https:\/\/www.association-ore.fr\/fr\/wp-content\/uploads\/2024\/01\/scanncut-1024x1024.png 1024w, https:\/\/www.association-ore.fr\/fr\/wp-content\/uploads\/2024\/01\/scanncut-1536x1536.png 1536w\" sizes=\"(max-width: 2000px) 100vw, 2000px\" \/>\t\t\t\t\t\t\t\t<\/a>\n\t\t\t\t\t\t\t\t\t\t\t\t\t\t\t<\/div>\n\t\t\t\t<\/div>\n\t\t\t\t\t<\/div>\n\t\t<\/div>\n\t\t\t\t<div class=\"elementor-column elementor-col-33 elementor-top-column elementor-element elementor-element-2fa3f5b jltma-glass-effect-no\" data-id=\"2fa3f5b\" data-element_type=\"column\">\n\t\t\t<div class=\"elementor-widget-wrap elementor-element-populated\">\n\t\t\t\t\t\t<div class=\"elementor-element elementor-element-1e03532 elementor-widget__width-inherit elementor-widget-tablet__width-inherit jltma-glass-effect-no elementor-widget elementor-widget-image\" data-id=\"1e03532\" data-element_type=\"widget\" data-widget_type=\"image.default\">\n\t\t\t\t<div class=\"elementor-widget-container\">\n\t\t\t\t\t\t\t\t\t\t\t\t\t\t\t\t<a href=\"http:\/\/association-ore.fr\/fr\/wp-content\/uploads\/2022\/05\/Impression-resine.pdf\">\n\t\t\t\t\t\t\t<img decoding=\"async\" width=\"1800\" height=\"1800\" src=\"https:\/\/www.association-ore.fr\/fr\/wp-content\/uploads\/2024\/01\/Creality-LD-006-LD006-photo.jpg\" class=\"attachment-full size-full wp-image-7620\" alt=\"\" srcset=\"https:\/\/www.association-ore.fr\/fr\/wp-content\/uploads\/2024\/01\/Creality-LD-006-LD006-photo.jpg 1800w, https:\/\/www.association-ore.fr\/fr\/wp-content\/uploads\/2024\/01\/Creality-LD-006-LD006-photo-150x150.jpg 150w, https:\/\/www.association-ore.fr\/fr\/wp-content\/uploads\/2024\/01\/Creality-LD-006-LD006-photo-300x300.jpg 300w, https:\/\/www.association-ore.fr\/fr\/wp-content\/uploads\/2024\/01\/Creality-LD-006-LD006-photo-1024x1024.jpg 1024w, https:\/\/www.association-ore.fr\/fr\/wp-content\/uploads\/2024\/01\/Creality-LD-006-LD006-photo-1536x1536.jpg 1536w\" sizes=\"(max-width: 1800px) 100vw, 1800px\" \/>\t\t\t\t\t\t\t\t<\/a>\n\t\t\t\t\t\t\t\t\t\t\t\t\t\t\t<\/div>\n\t\t\t\t<\/div>\n\t\t\t\t<div class=\"elementor-element elementor-element-5222a57 elementor-widget__width-inherit elementor-widget-tablet__width-inherit jltma-glass-effect-no elementor-widget elementor-widget-image\" data-id=\"5222a57\" data-element_type=\"widget\" data-widget_type=\"image.default\">\n\t\t\t\t<div class=\"elementor-widget-container\">\n\t\t\t\t\t\t\t\t\t\t\t\t\t\t\t\t<a href=\"http:\/\/association-ore.fr\/fr\/wp-content\/uploads\/2022\/05\/Presse-a-chaud.pdf\">\n\t\t\t\t\t\t\t<img loading=\"lazy\" decoding=\"async\" width=\"1000\" height=\"1000\" src=\"https:\/\/www.association-ore.fr\/fr\/wp-content\/uploads\/2024\/01\/51-X1WPPEKL.jpg\" class=\"attachment-full size-full wp-image-7575\" alt=\"\" srcset=\"https:\/\/www.association-ore.fr\/fr\/wp-content\/uploads\/2024\/01\/51-X1WPPEKL.jpg 1000w, https:\/\/www.association-ore.fr\/fr\/wp-content\/uploads\/2024\/01\/51-X1WPPEKL-150x150.jpg 150w, https:\/\/www.association-ore.fr\/fr\/wp-content\/uploads\/2024\/01\/51-X1WPPEKL-300x300.jpg 300w\" sizes=\"(max-width: 1000px) 100vw, 1000px\" \/>\t\t\t\t\t\t\t\t<\/a>\n\t\t\t\t\t\t\t\t\t\t\t\t\t\t\t<\/div>\n\t\t\t\t<\/div>\n\t\t\t\t\t<\/div>\n\t\t<\/div>\n\t\t\t\t<div class=\"elementor-column elementor-col-33 elementor-top-column elementor-element elementor-element-43157d8 jltma-glass-effect-no\" data-id=\"43157d8\" data-element_type=\"column\">\n\t\t\t<div class=\"elementor-widget-wrap elementor-element-populated\">\n\t\t\t\t\t\t<div class=\"elementor-element elementor-element-ee9f18f elementor-widget__width-inherit elementor-widget-tablet__width-inherit jltma-glass-effect-no elementor-widget elementor-widget-image\" data-id=\"ee9f18f\" data-element_type=\"widget\" data-widget_type=\"image.default\">\n\t\t\t\t<div class=\"elementor-widget-container\">\n\t\t\t\t\t\t\t\t\t\t\t\t\t\t\t\t<a href=\"http:\/\/association-ore.fr\/fr\/wp-content\/uploads\/2022\/05\/Brodeuse.pdf\">\n\t\t\t\t\t\t\t<img loading=\"lazy\" decoding=\"async\" width=\"800\" height=\"800\" src=\"https:\/\/www.association-ore.fr\/fr\/wp-content\/uploads\/2024\/01\/brodeuse.png\" class=\"attachment-full size-full wp-image-7619\" alt=\"\" srcset=\"https:\/\/www.association-ore.fr\/fr\/wp-content\/uploads\/2024\/01\/brodeuse.png 800w, https:\/\/www.association-ore.fr\/fr\/wp-content\/uploads\/2024\/01\/brodeuse-150x150.png 150w, https:\/\/www.association-ore.fr\/fr\/wp-content\/uploads\/2024\/01\/brodeuse-300x300.png 300w\" sizes=\"(max-width: 800px) 100vw, 800px\" \/>\t\t\t\t\t\t\t\t<\/a>\n\t\t\t\t\t\t\t\t\t\t\t\t\t\t\t<\/div>\n\t\t\t\t<\/div>\n\t\t\t\t\t<\/div>\n\t\t<\/div>\n\t\t\t\t\t<\/div>\n\t\t<\/section>\n\t\t\t\t<\/div>\n\t\t","protected":false},"excerpt":{"rendered":"<p>Tutos machines Ici vous pourrez apprendre \u00e0 utiliser les machines du fablab (imprimantes 3D, d\u00e9coupe laser, brodeuse, fraiseuse, etc.) ainsi que leurs logiciels associ\u00e9s.<\/p>\n","protected":false},"author":2,"featured_media":0,"parent":9471,"menu_order":0,"comment_status":"closed","ping_status":"closed","template":"","meta":{"footnotes":""},"class_list":["post-6965","page","type-page","status-publish","hentry"],"_links":{"self":[{"href":"https:\/\/www.association-ore.fr\/fr\/wp-json\/wp\/v2\/pages\/6965","targetHints":{"allow":["GET"]}}],"collection":[{"href":"https:\/\/www.association-ore.fr\/fr\/wp-json\/wp\/v2\/pages"}],"about":[{"href":"https:\/\/www.association-ore.fr\/fr\/wp-json\/wp\/v2\/types\/page"}],"author":[{"embeddable":true,"href":"https:\/\/www.association-ore.fr\/fr\/wp-json\/wp\/v2\/users\/2"}],"replies":[{"embeddable":true,"href":"https:\/\/www.association-ore.fr\/fr\/wp-json\/wp\/v2\/comments?post=6965"}],"version-history":[{"count":6,"href":"https:\/\/www.association-ore.fr\/fr\/wp-json\/wp\/v2\/pages\/6965\/revisions"}],"predecessor-version":[{"id":10169,"href":"https:\/\/www.association-ore.fr\/fr\/wp-json\/wp\/v2\/pages\/6965\/revisions\/10169"}],"up":[{"embeddable":true,"href":"https:\/\/www.association-ore.fr\/fr\/wp-json\/wp\/v2\/pages\/9471"}],"wp:attachment":[{"href":"https:\/\/www.association-ore.fr\/fr\/wp-json\/wp\/v2\/media?parent=6965"}],"curies":[{"name":"wp","href":"https:\/\/api.w.org\/{rel}","templated":true}]}}