{"id":6395,"date":"2023-10-18T12:42:52","date_gmt":"2023-10-18T10:42:52","guid":{"rendered":"https:\/\/fablab21.fr\/?page_id=6395"},"modified":"2025-07-19T13:58:45","modified_gmt":"2025-07-19T11:58:45","slug":"tutos-realite-virtuelle","status":"publish","type":"page","link":"https:\/\/www.association-ore.fr\/fr\/tutos\/tutos-realite-virtuelle\/","title":{"rendered":"Tutos r\u00e9alit\u00e9 virtuelle"},"content":{"rendered":"\t\t<div data-elementor-type=\"wp-page\" data-elementor-id=\"6395\" class=\"elementor elementor-6395\" data-elementor-post-type=\"page\">\n\t\t\t\t\t\t<section class=\"elementor-section elementor-top-section elementor-element elementor-element-0973447 elementor-section-boxed elementor-section-height-default elementor-section-height-default jltma-glass-effect-no\" data-id=\"0973447\" data-element_type=\"section\">\n\t\t\t\t\t\t<div class=\"elementor-container elementor-column-gap-default\">\n\t\t\t\t\t<div class=\"elementor-column elementor-col-100 elementor-top-column elementor-element elementor-element-3b42719 jltma-glass-effect-no\" data-id=\"3b42719\" data-element_type=\"column\">\n\t\t\t<div class=\"elementor-widget-wrap elementor-element-populated\">\n\t\t\t\t\t\t<div class=\"elementor-element elementor-element-67df7ca jltma-glass-effect-no elementor-widget elementor-widget-spacer\" data-id=\"67df7ca\" data-element_type=\"widget\" data-widget_type=\"spacer.default\">\n\t\t\t\t<div class=\"elementor-widget-container\">\n\t\t\t\t\t\t\t<div class=\"elementor-spacer\">\n\t\t\t<div class=\"elementor-spacer-inner\"><\/div>\n\t\t<\/div>\n\t\t\t\t\t\t<\/div>\n\t\t\t\t<\/div>\n\t\t\t\t<div class=\"elementor-element elementor-element-8ba6afa jltma-glass-effect-no elementor-widget elementor-widget-heading\" data-id=\"8ba6afa\" data-element_type=\"widget\" data-widget_type=\"heading.default\">\n\t\t\t\t<div class=\"elementor-widget-container\">\n\t\t\t\t\t<h1 class=\"elementor-heading-title elementor-size-default\">R\u00e9alit\u00e9 virtuelle<\/h1>\t\t\t\t<\/div>\n\t\t\t\t<\/div>\n\t\t\t\t<div class=\"elementor-element elementor-element-a7b92a9 jltma-glass-effect-no elementor-widget elementor-widget-text-editor\" data-id=\"a7b92a9\" data-element_type=\"widget\" data-widget_type=\"text-editor.default\">\n\t\t\t\t<div class=\"elementor-widget-container\">\n\t\t\t\t\t\t\t\t\t<p>La r\u00e9alit\u00e9 virtuelle est une technologie qui cr\u00e9e un environnement immersif et interactif simulant la pr\u00e9sence physique dans un monde g\u00e9n\u00e9r\u00e9 par ordinateur.<\/p>\t\t\t\t\t\t\t\t<\/div>\n\t\t\t\t<\/div>\n\t\t\t\t<div class=\"elementor-element elementor-element-532532f jltma-glass-effect-no elementor-widget elementor-widget-spacer\" data-id=\"532532f\" data-element_type=\"widget\" data-widget_type=\"spacer.default\">\n\t\t\t\t<div class=\"elementor-widget-container\">\n\t\t\t\t\t\t\t<div class=\"elementor-spacer\">\n\t\t\t<div class=\"elementor-spacer-inner\"><\/div>\n\t\t<\/div>\n\t\t\t\t\t\t<\/div>\n\t\t\t\t<\/div>\n\t\t\t\t<div class=\"elementor-element elementor-element-95a6a6c elementor-widget-divider--view-line jltma-glass-effect-no elementor-widget elementor-widget-divider\" data-id=\"95a6a6c\" data-element_type=\"widget\" data-widget_type=\"divider.default\">\n\t\t\t\t<div class=\"elementor-widget-container\">\n\t\t\t\t\t\t\t<div class=\"elementor-divider\">\n\t\t\t<span class=\"elementor-divider-separator\">\n\t\t\t\t\t\t<\/span>\n\t\t<\/div>\n\t\t\t\t\t\t<\/div>\n\t\t\t\t<\/div>\n\t\t\t\t\t<\/div>\n\t\t<\/div>\n\t\t\t\t\t<\/div>\n\t\t<\/section>\n\t\t\t\t<section class=\"elementor-section elementor-top-section elementor-element elementor-element-5cc7b9f elementor-section-boxed elementor-section-height-default elementor-section-height-default jltma-glass-effect-no\" data-id=\"5cc7b9f\" data-element_type=\"section\">\n\t\t\t\t\t\t<div class=\"elementor-container elementor-column-gap-default\">\n\t\t\t\t\t<div class=\"elementor-column elementor-col-33 elementor-top-column elementor-element elementor-element-b572ea2 jltma-glass-effect-no\" data-id=\"b572ea2\" data-element_type=\"column\">\n\t\t\t<div class=\"elementor-widget-wrap elementor-element-populated\">\n\t\t\t\t\t\t<div class=\"elementor-element elementor-element-ce226d4 elementor-widget__width-inherit jltma-glass-effect-no elementor-widget elementor-widget-image\" data-id=\"ce226d4\" data-element_type=\"widget\" data-widget_type=\"image.default\">\n\t\t\t\t<div class=\"elementor-widget-container\">\n\t\t\t\t\t\t\t\t\t\t\t\t\t\t\t\t<a href=\"https:\/\/www.association-ore.fr\/fr\/tutos\/tutos-realite-virtuelle\/prise-en-main-du-meta-quest-pro\/\">\n\t\t\t\t\t\t\t<img fetchpriority=\"high\" decoding=\"async\" width=\"1024\" height=\"1024\" src=\"https:\/\/www.association-ore.fr\/fr\/wp-content\/uploads\/2023\/12\/prise_en_main-1024x1024.png\" class=\"attachment-large size-large wp-image-7176\" alt=\"\" srcset=\"https:\/\/www.association-ore.fr\/fr\/wp-content\/uploads\/2023\/12\/prise_en_main.png 1024w, https:\/\/www.association-ore.fr\/fr\/wp-content\/uploads\/2023\/12\/prise_en_main-150x150.png 150w, https:\/\/www.association-ore.fr\/fr\/wp-content\/uploads\/2023\/12\/prise_en_main-300x300.png 300w\" sizes=\"(max-width: 1024px) 100vw, 1024px\" \/>\t\t\t\t\t\t\t\t<\/a>\n\t\t\t\t\t\t\t\t\t\t\t\t\t\t\t<\/div>\n\t\t\t\t<\/div>\n\t\t\t\t<div class=\"elementor-element elementor-element-da39434 elementor-widget__width-inherit jltma-glass-effect-no elementor-widget elementor-widget-image\" data-id=\"da39434\" data-element_type=\"widget\" data-widget_type=\"image.default\">\n\t\t\t\t<div class=\"elementor-widget-container\">\n\t\t\t\t\t\t\t\t\t\t\t\t\t\t\t\t<a href=\"https:\/\/www.association-ore.fr\/fr\/tutos\/tutos-realite-virtuelle\/titans-of-space-vr\">\n\t\t\t\t\t\t\t<img decoding=\"async\" width=\"1024\" height=\"1024\" src=\"https:\/\/www.association-ore.fr\/fr\/wp-content\/uploads\/2023\/12\/titans_of_space-1024x1024.png\" class=\"attachment-large size-large wp-image-7178\" alt=\"\" srcset=\"https:\/\/www.association-ore.fr\/fr\/wp-content\/uploads\/2023\/12\/titans_of_space.png 1024w, https:\/\/www.association-ore.fr\/fr\/wp-content\/uploads\/2023\/12\/titans_of_space-150x150.png 150w, https:\/\/www.association-ore.fr\/fr\/wp-content\/uploads\/2023\/12\/titans_of_space-300x300.png 300w\" sizes=\"(max-width: 1024px) 100vw, 1024px\" \/>\t\t\t\t\t\t\t\t<\/a>\n\t\t\t\t\t\t\t\t\t\t\t\t\t\t\t<\/div>\n\t\t\t\t<\/div>\n\t\t\t\t\t<\/div>\n\t\t<\/div>\n\t\t\t\t<div class=\"elementor-column elementor-col-33 elementor-top-column elementor-element elementor-element-533dab7 jltma-glass-effect-no\" data-id=\"533dab7\" data-element_type=\"column\">\n\t\t\t<div class=\"elementor-widget-wrap elementor-element-populated\">\n\t\t\t\t\t\t<div class=\"elementor-element elementor-element-78ca97f elementor-widget__width-inherit jltma-glass-effect-no elementor-widget elementor-widget-image\" data-id=\"78ca97f\" data-element_type=\"widget\" data-widget_type=\"image.default\">\n\t\t\t\t<div class=\"elementor-widget-container\">\n\t\t\t\t\t\t\t\t\t\t\t\t\t\t\t\t<a href=\"https:\/\/www.association-ore.fr\/fr\/tutos\/tutos-realite-virtuelle\/quest-pro-monitoring\">\n\t\t\t\t\t\t\t<img decoding=\"async\" width=\"1024\" height=\"1024\" src=\"https:\/\/www.association-ore.fr\/fr\/wp-content\/uploads\/2024\/01\/quest_pro_monitoring-1024x1024.png\" class=\"attachment-large size-large wp-image-7786\" alt=\"\" srcset=\"https:\/\/www.association-ore.fr\/fr\/wp-content\/uploads\/2024\/01\/quest_pro_monitoring.png 1024w, https:\/\/www.association-ore.fr\/fr\/wp-content\/uploads\/2024\/01\/quest_pro_monitoring-150x150.png 150w, https:\/\/www.association-ore.fr\/fr\/wp-content\/uploads\/2024\/01\/quest_pro_monitoring-300x300.png 300w\" sizes=\"(max-width: 1024px) 100vw, 1024px\" \/>\t\t\t\t\t\t\t\t<\/a>\n\t\t\t\t\t\t\t\t\t\t\t\t\t\t\t<\/div>\n\t\t\t\t<\/div>\n\t\t\t\t<div class=\"elementor-element elementor-element-bee5cfb elementor-widget__width-inherit jltma-glass-effect-no elementor-widget elementor-widget-image\" data-id=\"bee5cfb\" data-element_type=\"widget\" data-widget_type=\"image.default\">\n\t\t\t\t<div class=\"elementor-widget-container\">\n\t\t\t\t\t\t\t\t\t\t\t\t\t\t\t\t<a href=\"https:\/\/www.association-ore.fr\/fr\/tutos\/tutos-realite-virtuelle\/pottery-vr\">\n\t\t\t\t\t\t\t<img loading=\"lazy\" decoding=\"async\" width=\"1024\" height=\"1024\" src=\"https:\/\/www.association-ore.fr\/fr\/wp-content\/uploads\/2023\/12\/pottery_vr-1024x1024.png\" class=\"attachment-large size-large wp-image-7175\" alt=\"\" srcset=\"https:\/\/www.association-ore.fr\/fr\/wp-content\/uploads\/2023\/12\/pottery_vr.png 1024w, https:\/\/www.association-ore.fr\/fr\/wp-content\/uploads\/2023\/12\/pottery_vr-150x150.png 150w, https:\/\/www.association-ore.fr\/fr\/wp-content\/uploads\/2023\/12\/pottery_vr-300x300.png 300w\" sizes=\"(max-width: 1024px) 100vw, 1024px\" \/>\t\t\t\t\t\t\t\t<\/a>\n\t\t\t\t\t\t\t\t\t\t\t\t\t\t\t<\/div>\n\t\t\t\t<\/div>\n\t\t\t\t\t<\/div>\n\t\t<\/div>\n\t\t\t\t<div class=\"elementor-column elementor-col-33 elementor-top-column elementor-element elementor-element-ceb4c45 jltma-glass-effect-no\" data-id=\"ceb4c45\" data-element_type=\"column\">\n\t\t\t<div class=\"elementor-widget-wrap elementor-element-populated\">\n\t\t\t\t\t\t<div class=\"elementor-element elementor-element-1a5fb14 elementor-widget__width-inherit jltma-glass-effect-no elementor-widget elementor-widget-image\" data-id=\"1a5fb14\" data-element_type=\"widget\" data-widget_type=\"image.default\">\n\t\t\t\t<div class=\"elementor-widget-container\">\n\t\t\t\t\t\t\t\t\t\t\t\t\t\t\t\t<a href=\"https:\/\/www.association-ore.fr\/fr\/tutos\/tutos-realite-virtuelle\/puzzling-places\">\n\t\t\t\t\t\t\t<img loading=\"lazy\" decoding=\"async\" width=\"1024\" height=\"1024\" src=\"https:\/\/www.association-ore.fr\/fr\/wp-content\/uploads\/2023\/12\/puzzling_places-1024x1024.png\" class=\"attachment-large size-large wp-image-7177\" alt=\"\" srcset=\"https:\/\/www.association-ore.fr\/fr\/wp-content\/uploads\/2023\/12\/puzzling_places.png 1024w, https:\/\/www.association-ore.fr\/fr\/wp-content\/uploads\/2023\/12\/puzzling_places-150x150.png 150w, https:\/\/www.association-ore.fr\/fr\/wp-content\/uploads\/2023\/12\/puzzling_places-300x300.png 300w\" sizes=\"(max-width: 1024px) 100vw, 1024px\" \/>\t\t\t\t\t\t\t\t<\/a>\n\t\t\t\t\t\t\t\t\t\t\t\t\t\t\t<\/div>\n\t\t\t\t<\/div>\n\t\t\t\t\t<\/div>\n\t\t<\/div>\n\t\t\t\t\t<\/div>\n\t\t<\/section>\n\t\t\t\t<section class=\"elementor-section elementor-top-section elementor-element elementor-element-795377c elementor-section-boxed elementor-section-height-default elementor-section-height-default jltma-glass-effect-no\" data-id=\"795377c\" data-element_type=\"section\">\n\t\t\t\t\t\t<div class=\"elementor-container elementor-column-gap-default\">\n\t\t\t\t\t<div class=\"elementor-column elementor-col-100 elementor-top-column elementor-element elementor-element-5e12bbd jltma-glass-effect-no\" data-id=\"5e12bbd\" data-element_type=\"column\">\n\t\t\t<div class=\"elementor-widget-wrap\">\n\t\t\t\t\t\t\t<\/div>\n\t\t<\/div>\n\t\t\t\t\t<\/div>\n\t\t<\/section>\n\t\t\t\t<\/div>\n\t\t","protected":false},"excerpt":{"rendered":"<p>R\u00e9alit\u00e9 virtuelle La r\u00e9alit\u00e9 virtuelle est une technologie qui cr\u00e9e un environnement immersif et interactif simulant la pr\u00e9sence physique dans un monde g\u00e9n\u00e9r\u00e9 par ordinateur.<\/p>\n","protected":false},"author":2,"featured_media":0,"parent":9471,"menu_order":0,"comment_status":"closed","ping_status":"closed","template":"","meta":{"footnotes":""},"class_list":["post-6395","page","type-page","status-publish","hentry"],"_links":{"self":[{"href":"https:\/\/www.association-ore.fr\/fr\/wp-json\/wp\/v2\/pages\/6395","targetHints":{"allow":["GET"]}}],"collection":[{"href":"https:\/\/www.association-ore.fr\/fr\/wp-json\/wp\/v2\/pages"}],"about":[{"href":"https:\/\/www.association-ore.fr\/fr\/wp-json\/wp\/v2\/types\/page"}],"author":[{"embeddable":true,"href":"https:\/\/www.association-ore.fr\/fr\/wp-json\/wp\/v2\/users\/2"}],"replies":[{"embeddable":true,"href":"https:\/\/www.association-ore.fr\/fr\/wp-json\/wp\/v2\/comments?post=6395"}],"version-history":[{"count":3,"href":"https:\/\/www.association-ore.fr\/fr\/wp-json\/wp\/v2\/pages\/6395\/revisions"}],"predecessor-version":[{"id":10163,"href":"https:\/\/www.association-ore.fr\/fr\/wp-json\/wp\/v2\/pages\/6395\/revisions\/10163"}],"up":[{"embeddable":true,"href":"https:\/\/www.association-ore.fr\/fr\/wp-json\/wp\/v2\/pages\/9471"}],"wp:attachment":[{"href":"https:\/\/www.association-ore.fr\/fr\/wp-json\/wp\/v2\/media?parent=6395"}],"curies":[{"name":"wp","href":"https:\/\/api.w.org\/{rel}","templated":true}]}}