{"id":5437,"date":"2025-07-09T11:16:21","date_gmt":"2025-07-09T09:16:21","guid":{"rendered":"https:\/\/www.association-ore.fr\/fr\/?page_id=5437"},"modified":"2025-08-02T09:37:12","modified_gmt":"2025-08-02T07:37:12","slug":"politique-de-la-confidentialite","status":"publish","type":"page","link":"https:\/\/www.association-ore.fr\/fr\/politique-de-la-confidentialite\/","title":{"rendered":"Politique de la confidentialit\u00e9"},"content":{"rendered":"\r\n<p><strong>Derni\u00e8re mise \u00e0 jour : 09\/07\/2025<\/strong><\/p>\r\n\r\n\r\n\r\n<p>Bienvenue sur <strong>association-ore.fr<\/strong>.<br \/>Nous attachons une grande importance \u00e0 la protection de vos donn\u00e9es personnelles. Cette politique de confidentialit\u00e9 vous informe sur les donn\u00e9es que nous collectons, leur usage, et vos droits.<\/p>\r\n\r\n\r\n\r\n<h3 class=\"wp-block-heading\">1. Donn\u00e9es collect\u00e9es<\/h3>\r\n\r\n\r\n\r\n<p>Lorsque vous utilisez notre site, nous pouvons collecter les donn\u00e9es suivantes :<\/p>\r\n\r\n\r\n\r\n<ul class=\"wp-block-list\">\r\n<li>Informations que vous nous transmettez via les formulaires (nom, pr\u00e9nom, e-mail, message, etc.)<\/li>\r\n\r\n\r\n\r\n<li>Donn\u00e9es de navigation (adresse IP, navigateur utilis\u00e9, pages visit\u00e9es, temps de connexion) via des cookies ou outils d\u2019analyse.<\/li>\r\n<\/ul>\r\n\r\n\r\n\r\n<h3 class=\"wp-block-heading\">2. Utilisation des donn\u00e9es<\/h3>\r\n\r\n\r\n\r\n<p>Les donn\u00e9es collect\u00e9es nous permettent de :<\/p>\r\n\r\n\r\n\r\n<ul class=\"wp-block-list\">\r\n<li>R\u00e9pondre \u00e0 vos messages et demandes d&#8217;information<\/li>\r\n\r\n\r\n\r\n<li>G\u00e9rer les inscriptions \u00e0 nos \u00e9v\u00e9nements ou newsletters<\/li>\r\n\r\n\r\n\r\n<li>Am\u00e9liorer le fonctionnement du site et l\u2019exp\u00e9rience utilisateur<\/li>\r\n<\/ul>\r\n\r\n\r\n\r\n<p>Nous ne vendons ni ne louons vos donn\u00e9es personnelles.<\/p>\r\n\r\n\r\n\r\n<h3 class=\"wp-block-heading\">3. Cookies<\/h3>\r\n\r\n\r\n\r\n<p>Notre site peut utiliser des <strong>cookies<\/strong> pour :<\/p>\r\n\r\n\r\n\r\n<ul class=\"wp-block-list\">\r\n<li>Mesurer l\u2019audience (via Google Analytics ou outil similaire)<\/li>\r\n\r\n\r\n\r\n<li>Am\u00e9liorer votre navigation<\/li>\r\n<\/ul>\r\n\r\n\r\n\r\n<p>Vous pouvez \u00e0 tout moment refuser ou supprimer les cookies via les param\u00e8tres de votre navigateur.<\/p>\r\n\r\n\r\n\r\n<h3 class=\"wp-block-heading\">4. Conservation des donn\u00e9es<\/h3>\r\n\r\n\r\n\r\n<p>Vos donn\u00e9es sont conserv\u00e9es pendant une dur\u00e9e limit\u00e9e, strictement n\u00e9cessaire aux finalit\u00e9s d\u00e9crites ci-dessus, et dans le respect de la l\u00e9gislation en vigueur.<\/p>\r\n\r\n\r\n\r\n<h3 class=\"wp-block-heading\">5. Vos droits<\/h3>\r\n\r\n\r\n\r\n<p>Conform\u00e9ment au <strong>R\u00e8glement G\u00e9n\u00e9ral sur la Protection des Donn\u00e9es (RGPD)<\/strong>, vous disposez des droits suivants :<\/p>\r\n\r\n\r\n\r\n<ul class=\"wp-block-list\">\r\n<li>Droit d\u2019acc\u00e8s, de rectification ou d\u2019effacement de vos donn\u00e9es<\/li>\r\n\r\n\r\n\r\n<li>Droit d\u2019opposition ou de limitation du traitement<\/li>\r\n\r\n\r\n\r\n<li>Droit de portabilit\u00e9<\/li>\r\n<\/ul>\r\n\r\n\r\n\r\n<p>Pour exercer vos droits, vous pouvez nous contacter \u00e0 :<br \/><strong>association.ore@gmail.com<\/strong><\/p>\r\n\r\n\r\n\r\n<h3 class=\"wp-block-heading\">6. Responsable des donn\u00e9es<\/h3>\r\n\r\n\r\n\r\n<p><strong>Association O.R.E.<\/strong><br \/>3 all\u00e9e des jardins 21800 Quetigny<\/p>\r\n\r\n\r\n\r\n<p>E-mail : association.ore@gmail.com<\/p>\r\n\r\n\r\n\r\n<p>&nbsp;<\/p>\r\n","protected":false},"excerpt":{"rendered":"<p>Derni\u00e8re mise \u00e0 jour : 09\/07\/2025 Bienvenue sur association-ore.fr.Nous attachons une grande importance \u00e0 la protection de vos donn\u00e9es personnelles. Cette politique de confidentialit\u00e9 vous informe sur les donn\u00e9es que nous collectons, leur usage, et vos droits. 1. Donn\u00e9es collect\u00e9es Lorsque vous utilisez notre site, nous pouvons collecter les donn\u00e9es suivantes : 2. Utilisation des&#8230;<\/p>\n","protected":false},"author":2,"featured_media":0,"parent":0,"menu_order":0,"comment_status":"closed","ping_status":"closed","template":"","meta":{"footnotes":""},"class_list":["post-5437","page","type-page","status-publish","hentry"],"_links":{"self":[{"href":"https:\/\/www.association-ore.fr\/fr\/wp-json\/wp\/v2\/pages\/5437","targetHints":{"allow":["GET"]}}],"collection":[{"href":"https:\/\/www.association-ore.fr\/fr\/wp-json\/wp\/v2\/pages"}],"about":[{"href":"https:\/\/www.association-ore.fr\/fr\/wp-json\/wp\/v2\/types\/page"}],"author":[{"embeddable":true,"href":"https:\/\/www.association-ore.fr\/fr\/wp-json\/wp\/v2\/users\/2"}],"replies":[{"embeddable":true,"href":"https:\/\/www.association-ore.fr\/fr\/wp-json\/wp\/v2\/comments?post=5437"}],"version-history":[{"count":2,"href":"https:\/\/www.association-ore.fr\/fr\/wp-json\/wp\/v2\/pages\/5437\/revisions"}],"predecessor-version":[{"id":10261,"href":"https:\/\/www.association-ore.fr\/fr\/wp-json\/wp\/v2\/pages\/5437\/revisions\/10261"}],"wp:attachment":[{"href":"https:\/\/www.association-ore.fr\/fr\/wp-json\/wp\/v2\/media?parent=5437"}],"curies":[{"name":"wp","href":"https:\/\/api.w.org\/{rel}","templated":true}]}}