{"id":366,"date":"2019-08-13T13:42:25","date_gmt":"2019-08-13T13:42:25","guid":{"rendered":"http:\/\/ed.aislinthemes.com\/classes\/?page_id=5423"},"modified":"2025-12-02T14:46:43","modified_gmt":"2025-12-02T13:46:43","slug":"our-academics","status":"publish","type":"page","link":"https:\/\/www.association-ore.fr\/fr\/our-academics\/","title":{"rendered":"Activit\u00e9s ludiques et culturelles"},"content":{"rendered":"\t\t<div data-elementor-type=\"wp-post\" data-elementor-id=\"366\" class=\"elementor elementor-366\" data-elementor-post-type=\"page\">\n\t\t\t\t\t\t<section class=\"elementor-section elementor-top-section elementor-element elementor-element-53c62ab elementor-section-stretched elementor-section-boxed elementor-section-height-default elementor-section-height-default jltma-glass-effect-no\" data-id=\"53c62ab\" data-element_type=\"section\" data-settings=\"{&quot;stretch_section&quot;:&quot;section-stretched&quot;}\">\n\t\t\t\t\t\t<div class=\"elementor-container elementor-column-gap-default\">\n\t\t\t\t\t<div class=\"elementor-column elementor-col-100 elementor-top-column elementor-element elementor-element-8ba7be7 jltma-glass-effect-no\" data-id=\"8ba7be7\" data-element_type=\"column\">\n\t\t\t<div class=\"elementor-widget-wrap elementor-element-populated\">\n\t\t\t\t\t\t<section class=\"elementor-section elementor-inner-section elementor-element elementor-element-656ae33 elementor-section-boxed elementor-section-height-default elementor-section-height-default jltma-glass-effect-no\" data-id=\"656ae33\" data-element_type=\"section\">\n\t\t\t\t\t\t<div class=\"elementor-container elementor-column-gap-default\">\n\t\t\t\t\t<div class=\"elementor-column elementor-col-100 elementor-inner-column elementor-element elementor-element-d1d8e7e jltma-glass-effect-no\" data-id=\"d1d8e7e\" data-element_type=\"column\">\n\t\t\t<div class=\"elementor-widget-wrap elementor-element-populated\">\n\t\t\t\t\t\t<div class=\"elementor-element elementor-element-5a7c90f jltma-glass-effect-no elementor-widget elementor-widget-heading\" data-id=\"5a7c90f\" data-element_type=\"widget\" data-widget_type=\"heading.default\">\n\t\t\t\t<div class=\"elementor-widget-container\">\n\t\t\t\t\t<h4 class=\"elementor-heading-title elementor-size-default\">Les activit\u00e9s sont encadr\u00e9es par des membres de notre \u00e9quipe<\/h4>\t\t\t\t<\/div>\n\t\t\t\t<\/div>\n\t\t\t\t<div class=\"elementor-element elementor-element-fa551f5 jltma-glass-effect-no elementor-widget elementor-widget-text-editor\" data-id=\"fa551f5\" data-element_type=\"widget\" data-widget_type=\"text-editor.default\">\n\t\t\t\t<div class=\"elementor-widget-container\">\n\t\t\t\t\t\t\t\t\t<p>Parall\u00e8lement \u00e0 l\u2019accompagnement scolaire \u00a0qu\u2019elle propose, l\u2019association ORE organise de nombreuses activit\u00e9s et animations socioculturelles afin de cr\u00e9er des moments de convivialit\u00e9 et de partage.\u00a0<\/p><p><b>Certains samedis et pendant les vacances scolaires<\/b>, l\u2019association ORE accueille ses adh\u00e9rents, pour leur proposer des animations et des sorties.\u00a0<\/p><p><span style=\"letter-spacing: 0.1px;\">Certains ateliers sont r\u00e9guliers, d\u2019autres sont organis\u00e9s de fa\u00e7on plus ponctuelle.<\/span><\/p><p>\u00a0 \u00a0 \u00a0 \u00a0 \u00a0 \u00a0 \u00a0 \u00a0 \u00a0 \u00a0<img fetchpriority=\"high\" decoding=\"async\" class=\"alignnone size-medium wp-image-10567\" src=\"https:\/\/www.association-ore.fr\/fr\/wp-content\/uploads\/2025\/12\/IMG-20240725-WA0002-300x225.jpg\" alt=\"\" width=\"300\" height=\"225\" srcset=\"https:\/\/www.association-ore.fr\/fr\/wp-content\/uploads\/2025\/12\/IMG-20240725-WA0002-300x225.jpg 300w, https:\/\/www.association-ore.fr\/fr\/wp-content\/uploads\/2025\/12\/IMG-20240725-WA0002-1024x768.jpg 1024w, https:\/\/www.association-ore.fr\/fr\/wp-content\/uploads\/2025\/12\/IMG-20240725-WA0002.jpg 1600w\" sizes=\"(max-width: 300px) 100vw, 300px\" \/>\u00a0 \u00a0 \u00a0 \u00a0 \u00a0 \u00a0 \u00a0 \u00a0 \u00a0 \u00a0 \u00a0 \u00a0 \u00a0 \u00a0 \u00a0 \u00a0 \u00a0 \u00a0 \u00a0 \u00a0 \u00a0 \u00a0 \u00a0 \u00a0 \u00a0 \u00a0 \u00a0 \u00a0 \u00a0 \u00a0 \u00a0 \u00a0 \u00a0 \u00a0 \u00a0 \u00a0 \u00a0 \u00a0 \u00a0 \u00a0 \u00a0 \u00a0 \u00a0 <img decoding=\"async\" class=\"alignnone  wp-image-10484\" src=\"https:\/\/www.association-ore.fr\/fr\/wp-content\/uploads\/2025\/11\/IMG-20251029-WA0013-scaled-169x300.jpeg\" alt=\"\" width=\"160\" height=\"284\" srcset=\"https:\/\/www.association-ore.fr\/fr\/wp-content\/uploads\/2025\/11\/IMG-20251029-WA0013-scaled-169x300.jpeg 169w, https:\/\/www.association-ore.fr\/fr\/wp-content\/uploads\/2025\/11\/IMG-20251029-WA0013-scaled-576x1024.jpeg 576w, https:\/\/www.association-ore.fr\/fr\/wp-content\/uploads\/2025\/11\/IMG-20251029-WA0013-scaled-864x1536.jpeg 864w, https:\/\/www.association-ore.fr\/fr\/wp-content\/uploads\/2025\/11\/IMG-20251029-WA0013-scaled-1152x2048.jpeg 1152w, https:\/\/www.association-ore.fr\/fr\/wp-content\/uploads\/2025\/11\/IMG-20251029-WA0013-scaled.jpeg 1440w\" sizes=\"(max-width: 160px) 100vw, 160px\" \/><\/p>\t\t\t\t\t\t\t\t<\/div>\n\t\t\t\t<\/div>\n\t\t\t\t\t<\/div>\n\t\t<\/div>\n\t\t\t\t\t<\/div>\n\t\t<\/section>\n\t\t\t\t<div class=\"elementor-element elementor-element-6728a28 elementor-widget-divider--view-line jltma-glass-effect-no elementor-widget elementor-widget-divider\" data-id=\"6728a28\" data-element_type=\"widget\" data-widget_type=\"divider.default\">\n\t\t\t\t<div class=\"elementor-widget-container\">\n\t\t\t\t\t\t\t<div class=\"elementor-divider\">\n\t\t\t<span class=\"elementor-divider-separator\">\n\t\t\t\t\t\t<\/span>\n\t\t<\/div>\n\t\t\t\t\t\t<\/div>\n\t\t\t\t<\/div>\n\t\t\t\t<div class=\"elementor-element elementor-element-6cf18bd jltma-glass-effect-no elementor-widget elementor-widget-heading\" data-id=\"6cf18bd\" data-element_type=\"widget\" data-widget_type=\"heading.default\">\n\t\t\t\t<div class=\"elementor-widget-container\">\n\t\t\t\t\t<h2 class=\"elementor-heading-title elementor-size-default\">NOS ACTIVIT\u00c9S EN PHOTOS<\/h2>\t\t\t\t<\/div>\n\t\t\t\t<\/div>\n\t\t\t\t<div class=\"elementor-element elementor-element-c4f327a elementor-arrows-position-inside elementor-pagination-position-outside jltma-glass-effect-no elementor-widget elementor-widget-image-carousel\" data-id=\"c4f327a\" data-element_type=\"widget\" data-settings=\"{&quot;navigation&quot;:&quot;both&quot;,&quot;autoplay&quot;:&quot;yes&quot;,&quot;pause_on_hover&quot;:&quot;yes&quot;,&quot;pause_on_interaction&quot;:&quot;yes&quot;,&quot;autoplay_speed&quot;:5000,&quot;infinite&quot;:&quot;yes&quot;,&quot;speed&quot;:500}\" data-widget_type=\"image-carousel.default\">\n\t\t\t\t<div class=\"elementor-widget-container\">\n\t\t\t\t\t\t\t<div class=\"elementor-image-carousel-wrapper swiper\" role=\"region\" aria-roledescription=\"carousel\" aria-label=\"Carrousel d\u2019images\" dir=\"ltr\">\n\t\t\t<div class=\"elementor-image-carousel swiper-wrapper\" aria-live=\"off\">\n\t\t\t\t\t\t\t\t<div class=\"swiper-slide\" role=\"group\" aria-roledescription=\"slide\" aria-label=\"1 sur 7\"><figure class=\"swiper-slide-inner\"><img decoding=\"async\" class=\"swiper-slide-image\" src=\"https:\/\/www.association-ore.fr\/fr\/wp-content\/uploads\/2025\/12\/9-Copie-scaled-150x150.jpg\" alt=\"Atelier jardin\" \/><\/figure><\/div><div class=\"swiper-slide\" role=\"group\" aria-roledescription=\"slide\" aria-label=\"2 sur 7\"><figure class=\"swiper-slide-inner\"><img decoding=\"async\" class=\"swiper-slide-image\" src=\"https:\/\/www.association-ore.fr\/fr\/wp-content\/uploads\/2025\/12\/2532-Copie-150x150.jpg\" alt=\"Atelier ScanCut\" \/><\/figure><\/div><div class=\"swiper-slide\" role=\"group\" aria-roledescription=\"slide\" aria-label=\"3 sur 7\"><figure class=\"swiper-slide-inner\"><img decoding=\"async\" class=\"swiper-slide-image\" src=\"https:\/\/www.association-ore.fr\/fr\/wp-content\/uploads\/2025\/12\/2535-Copie-150x150.jpg\" alt=\"Atelier ScanCut\" \/><\/figure><\/div><div class=\"swiper-slide\" role=\"group\" aria-roledescription=\"slide\" aria-label=\"4 sur 7\"><figure class=\"swiper-slide-inner\"><img decoding=\"async\" class=\"swiper-slide-image\" src=\"https:\/\/www.association-ore.fr\/fr\/wp-content\/uploads\/2025\/12\/IMG-20250722-WA0018-Copie-scaled-150x150.jpg\" alt=\"Sublimation Tee-shirts\" \/><\/figure><\/div><div class=\"swiper-slide\" role=\"group\" aria-roledescription=\"slide\" aria-label=\"5 sur 7\"><figure class=\"swiper-slide-inner\"><img decoding=\"async\" class=\"swiper-slide-image\" src=\"https:\/\/www.association-ore.fr\/fr\/wp-content\/uploads\/2025\/12\/IMG_20250822_141404-scaled-150x150.jpg\" alt=\"Atelier cuisine\" \/><\/figure><\/div><div class=\"swiper-slide\" role=\"group\" aria-roledescription=\"slide\" aria-label=\"6 sur 7\"><figure class=\"swiper-slide-inner\"><img decoding=\"async\" class=\"swiper-slide-image\" src=\"https:\/\/www.association-ore.fr\/fr\/wp-content\/uploads\/2025\/12\/IMG-20240725-WA0004-150x150.jpg\" alt=\"Initiation r\u00e9alit\u00e9 virtuelle\" \/><\/figure><\/div><div class=\"swiper-slide\" role=\"group\" aria-roledescription=\"slide\" aria-label=\"7 sur 7\"><figure class=\"swiper-slide-inner\"><img decoding=\"async\" class=\"swiper-slide-image\" src=\"https:\/\/www.association-ore.fr\/fr\/wp-content\/uploads\/2025\/12\/IMG-20250430-WA0018-150x150.jpg\" alt=\"Quiz Room\" \/><\/figure><\/div>\t\t\t<\/div>\n\t\t\t\t\t\t\t\t\t\t\t\t<div class=\"elementor-swiper-button elementor-swiper-button-prev\" role=\"button\" tabindex=\"0\">\n\t\t\t\t\t\t<i aria-hidden=\"true\" class=\"eicon-chevron-left\"><\/i>\t\t\t\t\t<\/div>\n\t\t\t\t\t<div class=\"elementor-swiper-button elementor-swiper-button-next\" role=\"button\" tabindex=\"0\">\n\t\t\t\t\t\t<i aria-hidden=\"true\" class=\"eicon-chevron-right\"><\/i>\t\t\t\t\t<\/div>\n\t\t\t\t\n\t\t\t\t\t\t\t\t\t<div class=\"swiper-pagination\"><\/div>\n\t\t\t\t\t\t\t\t\t<\/div>\n\t\t\t\t\t\t<\/div>\n\t\t\t\t<\/div>\n\t\t\t\t\t<\/div>\n\t\t<\/div>\n\t\t\t\t\t<\/div>\n\t\t<\/section>\n\t\t\t\t<section class=\"elementor-section elementor-top-section elementor-element elementor-element-a544984 ak_hidden elementor-section-boxed elementor-section-height-default elementor-section-height-default jltma-glass-effect-no\" data-id=\"a544984\" data-element_type=\"section\">\n\t\t\t\t\t\t<div class=\"elementor-container elementor-column-gap-default\">\n\t\t\t\t\t<div class=\"elementor-column elementor-col-100 elementor-top-column elementor-element elementor-element-d418359 jltma-glass-effect-no\" data-id=\"d418359\" data-element_type=\"column\">\n\t\t\t<div class=\"elementor-widget-wrap elementor-element-populated\">\n\t\t\t\t\t\t<div class=\"elementor-element elementor-element-8ec5323 jltma-glass-effect-no elementor-widget elementor-widget-heading\" data-id=\"8ec5323\" data-element_type=\"widget\" data-widget_type=\"heading.default\">\n\t\t\t\t<div class=\"elementor-widget-container\">\n\t\t\t\t\t<h2 class=\"elementor-heading-title elementor-size-default\">LES ACTIVIT\u00c9S<\/h2>\t\t\t\t<\/div>\n\t\t\t\t<\/div>\n\t\t\t\t<div data-jltma-wrapper-link=\"{&quot;url&quot;:&quot;https:\\\/\\\/www.association-ore.fr\\\/fr\\\/our-academics\\\/&quot;,&quot;is_external&quot;:&quot;&quot;,&quot;nofollow&quot;:&quot;&quot;}\" style=\"cursor: pointer\" class=\"elementor-element elementor-element-6d2968e elementor-grid-eael-col-4 elementor-grid-tablet-eael-col-2 elementor-grid-mobile-eael-col-1 jltma-glass-effect-no elementor-widget elementor-widget-eael-post-grid\" data-id=\"6d2968e\" data-element_type=\"widget\" data-settings=\"{&quot;eael_post_grid_columns&quot;:&quot;eael-col-4&quot;,&quot;eael_post_grid_columns_tablet&quot;:&quot;eael-col-2&quot;,&quot;eael_post_grid_columns_mobile&quot;:&quot;eael-col-1&quot;}\" data-widget_type=\"eael-post-grid.default\">\n\t\t\t\t<div class=\"elementor-widget-container\">\n\t\t\t\t\t<div id=\"eael-post-grid-6d2968e\" class=\"eael-post-grid-container\">\n            <div class=\"eael-post-grid eael-post-appender eael-post-appender-6d2968e eael-post-grid-style-one\" data-layout-mode=\"masonry\"><p class=\"no-posts-found\">No posts found!<\/p><\/div>\n            <div class=\"clearfix\"><\/div>\n        <\/div>\t\t\t\t<\/div>\n\t\t\t\t<\/div>\n\t\t\t\t\t<\/div>\n\t\t<\/div>\n\t\t\t\t\t<\/div>\n\t\t<\/section>\n\t\t\t\t<\/div>\n\t\t","protected":false},"excerpt":{"rendered":"<p>Les activit\u00e9s sont encadr\u00e9es par des membres de notre \u00e9quipe Parall\u00e8lement \u00e0 l\u2019accompagnement scolaire \u00a0qu\u2019elle propose, l\u2019association ORE organise de nombreuses activit\u00e9s et animations socioculturelles afin de cr\u00e9er des moments de convivialit\u00e9 et de partage.\u00a0 Certains samedis et pendant les vacances scolaires, l\u2019association ORE accueille ses adh\u00e9rents, pour leur proposer des animations et des sorties.\u00a0&#8230;<\/p>\n","protected":false},"author":2,"featured_media":0,"parent":0,"menu_order":0,"comment_status":"closed","ping_status":"closed","template":"","meta":{"footnotes":""},"class_list":["post-366","page","type-page","status-publish","hentry"],"_links":{"self":[{"href":"https:\/\/www.association-ore.fr\/fr\/wp-json\/wp\/v2\/pages\/366","targetHints":{"allow":["GET"]}}],"collection":[{"href":"https:\/\/www.association-ore.fr\/fr\/wp-json\/wp\/v2\/pages"}],"about":[{"href":"https:\/\/www.association-ore.fr\/fr\/wp-json\/wp\/v2\/types\/page"}],"author":[{"embeddable":true,"href":"https:\/\/www.association-ore.fr\/fr\/wp-json\/wp\/v2\/users\/2"}],"replies":[{"embeddable":true,"href":"https:\/\/www.association-ore.fr\/fr\/wp-json\/wp\/v2\/comments?post=366"}],"version-history":[{"count":369,"href":"https:\/\/www.association-ore.fr\/fr\/wp-json\/wp\/v2\/pages\/366\/revisions"}],"predecessor-version":[{"id":10581,"href":"https:\/\/www.association-ore.fr\/fr\/wp-json\/wp\/v2\/pages\/366\/revisions\/10581"}],"wp:attachment":[{"href":"https:\/\/www.association-ore.fr\/fr\/wp-json\/wp\/v2\/media?parent=366"}],"curies":[{"name":"wp","href":"https:\/\/api.w.org\/{rel}","templated":true}]}}