{"id":356,"date":"2020-03-23T11:19:45","date_gmt":"2020-03-23T10:19:45","guid":{"rendered":"http:\/\/ed.aislinthemes.com\/classes\/?page_id=8769"},"modified":"2025-12-02T15:03:28","modified_gmt":"2025-12-02T14:03:28","slug":"formation-ateliers","status":"publish","type":"page","link":"https:\/\/www.association-ore.fr\/fr\/formation-ateliers\/","title":{"rendered":"Cours d&#8217;informatique"},"content":{"rendered":"\t\t<div data-elementor-type=\"wp-page\" data-elementor-id=\"356\" class=\"elementor elementor-356\" data-elementor-post-type=\"page\">\n\t\t\t\t\t\t<section class=\"elementor-section elementor-top-section elementor-element elementor-element-56556de elementor-section-boxed elementor-section-height-default elementor-section-height-default jltma-glass-effect-no\" data-id=\"56556de\" data-element_type=\"section\">\n\t\t\t\t\t\t<div class=\"elementor-container elementor-column-gap-default\">\n\t\t\t\t\t<div class=\"elementor-column elementor-col-100 elementor-top-column elementor-element elementor-element-32798ab jltma-glass-effect-no\" data-id=\"32798ab\" data-element_type=\"column\">\n\t\t\t<div class=\"elementor-widget-wrap elementor-element-populated\">\n\t\t\t\t\t\t<div class=\"elementor-element elementor-element-539a898 jltma-glass-effect-no elementor-widget elementor-widget-image\" data-id=\"539a898\" data-element_type=\"widget\" data-widget_type=\"image.default\">\n\t\t\t\t<div class=\"elementor-widget-container\">\n\t\t\t\t\t\t\t\t\t\t\t\t\t\t\t<img fetchpriority=\"high\" decoding=\"async\" width=\"358\" height=\"181\" src=\"https:\/\/www.association-ore.fr\/fr\/wp-content\/uploads\/2025\/12\/Image1-358x181.jpg\" class=\"attachment-large size-large wp-image-10585\" alt=\"\" srcset=\"https:\/\/www.association-ore.fr\/fr\/wp-content\/uploads\/2025\/12\/Image1.jpg 358w, https:\/\/www.association-ore.fr\/fr\/wp-content\/uploads\/2025\/12\/Image1-300x152.jpg 300w\" sizes=\"(max-width: 358px) 100vw, 358px\" \/>\t\t\t\t\t\t\t\t\t\t\t\t\t\t\t<\/div>\n\t\t\t\t<\/div>\n\t\t\t\t\t<\/div>\n\t\t<\/div>\n\t\t\t\t\t<\/div>\n\t\t<\/section>\n\t\t\t\t<section class=\"elementor-section elementor-top-section elementor-element elementor-element-cdda7ab elementor-section-boxed elementor-section-height-default elementor-section-height-default jltma-glass-effect-no\" data-id=\"cdda7ab\" data-element_type=\"section\">\n\t\t\t\t\t\t<div class=\"elementor-container elementor-column-gap-narrow\">\n\t\t\t\t\t<div class=\"elementor-column elementor-col-100 elementor-top-column elementor-element elementor-element-9ad9484 jltma-glass-effect-no\" data-id=\"9ad9484\" data-element_type=\"column\">\n\t\t\t<div class=\"elementor-widget-wrap elementor-element-populated\">\n\t\t\t\t\t\t<div class=\"elementor-element elementor-element-286d936 jltma-glass-effect-no elementor-widget elementor-widget-text-editor\" data-id=\"286d936\" data-element_type=\"widget\" data-widget_type=\"text-editor.default\">\n\t\t\t\t<div class=\"elementor-widget-container\">\n\t\t\t\t\t\t\t\t\t<p><strong>L\u2019association ORE<\/strong> organise des cours d\u2019informatique pour d\u00e9butant.es. L\u2019objectif est d&#8217;apprendre \u00e0 utiliser l\u2019outil informatique, de d\u00e9couvrir de nouvelles technologies. Et cela, au sein d\u2019une ambiance conviviale.<\/p>\t\t\t\t\t\t\t\t<\/div>\n\t\t\t\t<\/div>\n\t\t\t\t<section class=\"elementor-section elementor-inner-section elementor-element elementor-element-0d4c623 elementor-section-boxed elementor-section-height-default elementor-section-height-default jltma-glass-effect-no\" data-id=\"0d4c623\" data-element_type=\"section\">\n\t\t\t\t\t\t<div class=\"elementor-container elementor-column-gap-default\">\n\t\t\t\t\t<div class=\"elementor-column elementor-col-33 elementor-inner-column elementor-element elementor-element-f9b4be4 jltma-glass-effect-no\" data-id=\"f9b4be4\" data-element_type=\"column\" data-settings=\"{&quot;background_background&quot;:&quot;classic&quot;}\">\n\t\t\t<div class=\"elementor-widget-wrap elementor-element-populated\">\n\t\t\t\t\t\t<div class=\"elementor-element elementor-element-42f65ab jltma-glass-effect-no elementor-widget elementor-widget-heading\" data-id=\"42f65ab\" data-element_type=\"widget\" data-widget_type=\"heading.default\">\n\t\t\t\t<div class=\"elementor-widget-container\">\n\t\t\t\t\t<h5 class=\"elementor-heading-title elementor-size-default\"><b><u><i>Th\u00e8mes abord\u00e9s<\/i><\/u><\/b><\/h5>\t\t\t\t<\/div>\n\t\t\t\t<\/div>\n\t\t\t\t<div class=\"elementor-element elementor-element-4b4eb20 jltma-glass-effect-no elementor-widget elementor-widget-text-editor\" data-id=\"4b4eb20\" data-element_type=\"widget\" data-widget_type=\"text-editor.default\">\n\t\t\t\t<div class=\"elementor-widget-container\">\n\t\t\t\t\t\t\t\t\t<p>\uf0b7 D\u00e9couverte d\u2019un ordinateur (\u00e9l\u00e9ments principaux, souris, clavier, environnement Windows, organisation des fichiers et des dossiers, gestion cl\u00e9 USB)<br \/>\uf0b7 Mise en page d\u2019un texte<br \/>\uf0b7 D\u00e9couverte d\u2019un smartphone\/d\u2019une tablette<br \/>\uf0b7 Choix et gestion d\u2019un forfait de t\u00e9l\u00e9phone mobile<br \/>\uf0b7 D\u00e9couverte de l\u2019univers des applications mobiles<br \/>\uf0b7 Navigation sur internet et protection contre les fausses informations<br \/>\uf0b7 Utilisation d\u2019une adresse e-mail (cr\u00e9ation, gestion)<br \/>\uf0b7 R\u00e9seaux sociaux<br \/>\uf0b7 Utilisation de WhatsApp sur Andro\u00efd<br \/>\uf0b7 D\u00e9mat\u00e9rialisation des services administratifs<br \/>\uf0b7 Utilisation d\u2019un service administratif en ligne (imp\u00f4ts, CAF, Ameli)<br \/>\uf0b7 Demande de logement social en ligne<br \/>\uf0b7 France Connect et identit\u00e9 num\u00e9rique<br \/>\uf0b7 S\u2019informer sur ses droits sociaux<br \/>\uf0b7 D\u00e9couverte et prise de rendez-vous sur Doctolib<br \/>\uf0b7 S\u00e9curit\u00e9 sur internet (arnaques, protection des donn\u00e9es personnelles, mots de passe)<\/p>\t\t\t\t\t\t\t\t<\/div>\n\t\t\t\t<\/div>\n\t\t\t\t\t<\/div>\n\t\t<\/div>\n\t\t\t\t<div class=\"elementor-column elementor-col-33 elementor-inner-column elementor-element elementor-element-804ecdb jltma-glass-effect-no\" data-id=\"804ecdb\" data-element_type=\"column\" data-settings=\"{&quot;background_background&quot;:&quot;classic&quot;}\">\n\t\t\t<div class=\"elementor-widget-wrap elementor-element-populated\">\n\t\t\t\t\t\t<div class=\"elementor-element elementor-element-24e8007 jltma-glass-effect-no elementor-widget elementor-widget-heading\" data-id=\"24e8007\" data-element_type=\"widget\" data-widget_type=\"heading.default\">\n\t\t\t\t<div class=\"elementor-widget-container\">\n\t\t\t\t\t<h5 class=\"elementor-heading-title elementor-size-default\"><b><u><i>Horaires<\/i><\/u><\/b><\/h5>\t\t\t\t<\/div>\n\t\t\t\t<\/div>\n\t\t\t\t<div class=\"elementor-element elementor-element-c4349d5 jltma-glass-effect-no elementor-widget elementor-widget-text-editor\" data-id=\"c4349d5\" data-element_type=\"widget\" data-widget_type=\"text-editor.default\">\n\t\t\t\t<div class=\"elementor-widget-container\">\n\t\t\t\t\t\t\t\t\t<p>Les samedis de <strong>9h \u00e0 10h30<\/strong><\/p>\t\t\t\t\t\t\t\t<\/div>\n\t\t\t\t<\/div>\n\t\t\t\t\t<\/div>\n\t\t<\/div>\n\t\t\t\t<div class=\"elementor-column elementor-col-33 elementor-inner-column elementor-element elementor-element-dfe3fa8 jltma-glass-effect-no\" data-id=\"dfe3fa8\" data-element_type=\"column\" data-settings=\"{&quot;background_background&quot;:&quot;classic&quot;}\">\n\t\t\t<div class=\"elementor-widget-wrap elementor-element-populated\">\n\t\t\t\t\t\t<div class=\"elementor-element elementor-element-11afc91 jltma-glass-effect-no elementor-widget elementor-widget-heading\" data-id=\"11afc91\" data-element_type=\"widget\" data-widget_type=\"heading.default\">\n\t\t\t\t<div class=\"elementor-widget-container\">\n\t\t\t\t\t<h5 class=\"elementor-heading-title elementor-size-default\"><u><i>Prix<\/i><\/u><\/h5>\t\t\t\t<\/div>\n\t\t\t\t<\/div>\n\t\t\t\t<div class=\"elementor-element elementor-element-be148cb jltma-glass-effect-no elementor-widget elementor-widget-text-editor\" data-id=\"be148cb\" data-element_type=\"widget\" data-widget_type=\"text-editor.default\">\n\t\t\t\t<div class=\"elementor-widget-container\">\n\t\t\t\t\t\t\t\t\t<p><b>16<\/b> \u20ac par personne pour l&#8217;ann\u00e9e<br \/><b>+ 20 \u20ac adh\u00e9sion familiale annuelle (8\u20ac si quotient familial &lt; 900 \u20ac)<\/b><\/p>\t\t\t\t\t\t\t\t<\/div>\n\t\t\t\t<\/div>\n\t\t\t\t\t<\/div>\n\t\t<\/div>\n\t\t\t\t\t<\/div>\n\t\t<\/section>\n\t\t\t\t<div class=\"elementor-element elementor-element-3f5ff88 jltma-glass-effect-no elementor-widget elementor-widget-spacer\" data-id=\"3f5ff88\" data-element_type=\"widget\" data-widget_type=\"spacer.default\">\n\t\t\t\t<div class=\"elementor-widget-container\">\n\t\t\t\t\t\t\t<div class=\"elementor-spacer\">\n\t\t\t<div class=\"elementor-spacer-inner\"><\/div>\n\t\t<\/div>\n\t\t\t\t\t\t<\/div>\n\t\t\t\t<\/div>\n\t\t\t\t\t<\/div>\n\t\t<\/div>\n\t\t\t\t\t<\/div>\n\t\t<\/section>\n\t\t\t\t<\/div>\n\t\t","protected":false},"excerpt":{"rendered":"<p>L\u2019association ORE organise des cours d\u2019informatique pour d\u00e9butant.es. L\u2019objectif est d&#8217;apprendre \u00e0 utiliser l\u2019outil informatique, de d\u00e9couvrir de nouvelles technologies. Et cela, au sein d\u2019une ambiance conviviale. Th\u00e8mes abord\u00e9s \uf0b7 D\u00e9couverte d\u2019un ordinateur (\u00e9l\u00e9ments principaux, souris, clavier, environnement Windows, organisation des fichiers et des dossiers, gestion cl\u00e9 USB)\uf0b7 Mise en page d\u2019un texte\uf0b7 D\u00e9couverte d\u2019un&#8230;<\/p>\n","protected":false},"author":2,"featured_media":0,"parent":0,"menu_order":0,"comment_status":"closed","ping_status":"closed","template":"","meta":{"footnotes":""},"class_list":["post-356","page","type-page","status-publish","hentry"],"_links":{"self":[{"href":"https:\/\/www.association-ore.fr\/fr\/wp-json\/wp\/v2\/pages\/356","targetHints":{"allow":["GET"]}}],"collection":[{"href":"https:\/\/www.association-ore.fr\/fr\/wp-json\/wp\/v2\/pages"}],"about":[{"href":"https:\/\/www.association-ore.fr\/fr\/wp-json\/wp\/v2\/types\/page"}],"author":[{"embeddable":true,"href":"https:\/\/www.association-ore.fr\/fr\/wp-json\/wp\/v2\/users\/2"}],"replies":[{"embeddable":true,"href":"https:\/\/www.association-ore.fr\/fr\/wp-json\/wp\/v2\/comments?post=356"}],"version-history":[{"count":157,"href":"https:\/\/www.association-ore.fr\/fr\/wp-json\/wp\/v2\/pages\/356\/revisions"}],"predecessor-version":[{"id":10592,"href":"https:\/\/www.association-ore.fr\/fr\/wp-json\/wp\/v2\/pages\/356\/revisions\/10592"}],"wp:attachment":[{"href":"https:\/\/www.association-ore.fr\/fr\/wp-json\/wp\/v2\/media?parent=356"}],"curies":[{"name":"wp","href":"https:\/\/api.w.org\/{rel}","templated":true}]}}