{"id":3300,"date":"2022-01-19T15:11:18","date_gmt":"2022-01-19T14:11:18","guid":{"rendered":"https:\/\/www.association-ore.fr\/fr\/?page_id=3300"},"modified":"2022-02-01T21:45:12","modified_gmt":"2022-02-01T20:45:12","slug":"faire-un-don","status":"publish","type":"page","link":"https:\/\/www.association-ore.fr\/fr\/faire-un-don\/","title":{"rendered":"Faire un don"},"content":{"rendered":"\t\t<div data-elementor-type=\"wp-page\" data-elementor-id=\"3300\" class=\"elementor elementor-3300\" data-elementor-post-type=\"page\">\n\t\t\t\t\t\t<section class=\"elementor-section elementor-top-section elementor-element elementor-element-f1e01c7 elementor-section-boxed elementor-section-height-default elementor-section-height-default jltma-glass-effect-no\" data-id=\"f1e01c7\" data-element_type=\"section\">\n\t\t\t\t\t\t<div class=\"elementor-container elementor-column-gap-default\">\n\t\t\t\t\t<div class=\"elementor-column elementor-col-100 elementor-top-column elementor-element elementor-element-75c3d99 jltma-glass-effect-no\" data-id=\"75c3d99\" data-element_type=\"column\">\n\t\t\t<div class=\"elementor-widget-wrap elementor-element-populated\">\n\t\t\t\t\t\t<div class=\"elementor-element elementor-element-ecae55b jltma-glass-effect-no elementor-widget elementor-widget-text-editor\" data-id=\"ecae55b\" data-element_type=\"widget\" data-widget_type=\"text-editor.default\">\n\t\t\t\t<div class=\"elementor-widget-container\">\n\t\t\t\t\t\t\t\t\t<p style=\"text-align: center;\"><span style=\"letter-spacing: 0.1px;\">L&#8217;argent collect\u00e9 servira \u00e0 la poursuite des projets en construction : jardin connect\u00e9, fab lab. Mais, il servira \u00e9galement \u00e0 la cr\u00e9ation d&#8217;activit\u00e9, de stages de r\u00e9visions pour les enfants.<\/span><\/p><p style=\"text-align: center;\"><span style=\"color: #37474f; font-family: 'Open Sans', HelveticaNeue-Light, 'Helvetica Neue Light', 'Helvetica Neue', Helvetica, Arial, 'Lucida Grande', sans-serif; font-size: 14px; font-weight: 600; letter-spacing: normal; background-color: rgba(255, 255, 255, 0.7);\">&#8220;HelloAsso est le premier site de collecte de fonds d\u00e9di\u00e9 aux associations. Simple et s\u00e9curis\u00e9, HelloAsso permet \u00e0 toutes les associations fran\u00e7aises de disposer d\u2019outils adapt\u00e9s \u00e0 leurs besoins comme la gestion des adh\u00e9sions, le lancement de collectes de don et de campagne de financement participatif ou la cr\u00e9ation de billetterie en ligne. Enti\u00e8rement gratuit, notre site reverse 100% des montants collect\u00e9s aux associations.&#8221;<\/span><span style=\"letter-spacing: 0.1px;\"><br \/><\/span><\/p>\t\t\t\t\t\t\t\t<\/div>\n\t\t\t\t<\/div>\n\t\t\t\t\t<\/div>\n\t\t<\/div>\n\t\t\t\t\t<\/div>\n\t\t<\/section>\n\t\t\t\t<section class=\"elementor-section elementor-top-section elementor-element elementor-element-23c33e4 elementor-section-height-full elementor-section-content-middle elementor-section-boxed elementor-section-height-default elementor-section-items-middle jltma-glass-effect-no\" data-id=\"23c33e4\" data-element_type=\"section\">\n\t\t\t\t\t\t<div class=\"elementor-container elementor-column-gap-default\">\n\t\t\t\t\t<div class=\"elementor-column elementor-col-50 elementor-top-column elementor-element elementor-element-09a93b2 jltma-glass-effect-no\" data-id=\"09a93b2\" data-element_type=\"column\">\n\t\t\t<div class=\"elementor-widget-wrap elementor-element-populated\">\n\t\t\t\t\t\t<div class=\"elementor-element elementor-element-342e27e jltma-glass-effect-no elementor-widget elementor-widget-text-editor\" data-id=\"342e27e\" data-element_type=\"widget\" data-widget_type=\"text-editor.default\">\n\t\t\t\t<div class=\"elementor-widget-container\">\n\t\t\t\t\t\t\t\t\t<iframe id=\"haWidget\" allowtransparency=\"true\" scrolling=\"auto\" src=\"https:\/\/www.helloasso.com\/associations\/ouverture-rencontres-evolution\/formulaires\/1\/widget\" style=\"width:100%;height:750px;border:none;\" onload=\"window.scroll(0, this.offsetTop)\"><\/iframe>\t\t\t\t\t\t\t\t<\/div>\n\t\t\t\t<\/div>\n\t\t\t\t\t<\/div>\n\t\t<\/div>\n\t\t\t\t<div class=\"elementor-column elementor-col-50 elementor-top-column elementor-element elementor-element-58b00af jltma-glass-effect-no\" data-id=\"58b00af\" data-element_type=\"column\">\n\t\t\t<div class=\"elementor-widget-wrap elementor-element-populated\">\n\t\t\t\t\t\t\t<\/div>\n\t\t<\/div>\n\t\t\t\t\t<\/div>\n\t\t<\/section>\n\t\t\t\t<\/div>\n\t\t","protected":false},"excerpt":{"rendered":"<p>L&#8217;argent collect\u00e9 servira \u00e0 la poursuite des projets en construction : jardin connect\u00e9, fab lab. Mais, il servira \u00e9galement \u00e0 la cr\u00e9ation d&#8217;activit\u00e9, de stages de r\u00e9visions pour les enfants. &#8220;HelloAsso est le premier site de collecte de fonds d\u00e9di\u00e9 aux associations. Simple et s\u00e9curis\u00e9, HelloAsso permet \u00e0 toutes les associations fran\u00e7aises de disposer d\u2019outils&#8230;<\/p>\n","protected":false},"author":2,"featured_media":0,"parent":0,"menu_order":0,"comment_status":"closed","ping_status":"closed","template":"template-fullwidth.php","meta":{"footnotes":""},"class_list":["post-3300","page","type-page","status-publish","hentry"],"_links":{"self":[{"href":"https:\/\/www.association-ore.fr\/fr\/wp-json\/wp\/v2\/pages\/3300","targetHints":{"allow":["GET"]}}],"collection":[{"href":"https:\/\/www.association-ore.fr\/fr\/wp-json\/wp\/v2\/pages"}],"about":[{"href":"https:\/\/www.association-ore.fr\/fr\/wp-json\/wp\/v2\/types\/page"}],"author":[{"embeddable":true,"href":"https:\/\/www.association-ore.fr\/fr\/wp-json\/wp\/v2\/users\/2"}],"replies":[{"embeddable":true,"href":"https:\/\/www.association-ore.fr\/fr\/wp-json\/wp\/v2\/comments?post=3300"}],"version-history":[{"count":20,"href":"https:\/\/www.association-ore.fr\/fr\/wp-json\/wp\/v2\/pages\/3300\/revisions"}],"predecessor-version":[{"id":3425,"href":"https:\/\/www.association-ore.fr\/fr\/wp-json\/wp\/v2\/pages\/3300\/revisions\/3425"}],"wp:attachment":[{"href":"https:\/\/www.association-ore.fr\/fr\/wp-json\/wp\/v2\/media?parent=3300"}],"curies":[{"name":"wp","href":"https:\/\/api.w.org\/{rel}","templated":true}]}}