{"id":10542,"date":"2025-12-02T10:33:28","date_gmt":"2025-12-02T09:33:28","guid":{"rendered":"https:\/\/www.association-ore.fr\/fr\/?page_id=10542"},"modified":"2025-12-03T15:22:22","modified_gmt":"2025-12-03T14:22:22","slug":"telemetre_ultrason","status":"publish","type":"page","link":"https:\/\/www.association-ore.fr\/fr\/tutos\/tutos-solidworks\/telemetre_ultrason\/","title":{"rendered":"t\u00e9l\u00e9m\u00e8tre Ultrason"},"content":{"rendered":"\t\t<div data-elementor-type=\"wp-page\" data-elementor-id=\"10542\" class=\"elementor elementor-10542\" data-elementor-post-type=\"page\">\n\t\t\t\t\t\t<section class=\"elementor-section elementor-top-section elementor-element elementor-element-c8a82a7 elementor-section-boxed elementor-section-height-default elementor-section-height-default jltma-glass-effect-no\" data-id=\"c8a82a7\" data-element_type=\"section\">\n\t\t\t\t\t\t<div class=\"elementor-container elementor-column-gap-default\">\n\t\t\t\t\t<div class=\"elementor-column elementor-col-100 elementor-top-column elementor-element elementor-element-5ddfb69 jltma-glass-effect-no\" data-id=\"5ddfb69\" data-element_type=\"column\">\n\t\t\t<div class=\"elementor-widget-wrap elementor-element-populated\">\n\t\t\t\t\t\t<div class=\"elementor-element elementor-element-4af6cde jltma-glass-effect-no elementor-widget elementor-widget-video\" data-id=\"4af6cde\" data-element_type=\"widget\" data-settings=\"{&quot;video_type&quot;:&quot;hosted&quot;,&quot;controls&quot;:&quot;yes&quot;}\" data-widget_type=\"video.default\">\n\t\t\t\t<div class=\"elementor-widget-container\">\n\t\t\t\t\t\t\t<div class=\"e-hosted-video elementor-wrapper elementor-open-inline\">\n\t\t\t\t\t<video class=\"elementor-video\" src=\"https:\/\/www.association-ore.fr\/fr\/wp-content\/uploads\/2025\/12\/Tuto-boitier.mp4\" controls=\"\" preload=\"metadata\" controlsList=\"nodownload\"><\/video>\n\t\t\t\t<\/div>\n\t\t\t\t\t\t<\/div>\n\t\t\t\t<\/div>\n\t\t\t\t<div class=\"elementor-element elementor-element-eedaeb8 jltma-glass-effect-no elementor-widget elementor-widget-video\" data-id=\"eedaeb8\" data-element_type=\"widget\" data-settings=\"{&quot;video_type&quot;:&quot;hosted&quot;,&quot;controls&quot;:&quot;yes&quot;}\" data-widget_type=\"video.default\">\n\t\t\t\t<div class=\"elementor-widget-container\">\n\t\t\t\t\t\t\t<div class=\"e-hosted-video elementor-wrapper elementor-open-inline\">\n\t\t\t\t\t<video class=\"elementor-video\" src=\"https:\/\/fablab21.fr\/wp-content\/uploads\/2025\/02\/tuto-sur-support.mp4\" controls=\"\" preload=\"metadata\" controlsList=\"nodownload\"><\/video>\n\t\t\t\t<\/div>\n\t\t\t\t\t\t<\/div>\n\t\t\t\t<\/div>\n\t\t\t\t\t<\/div>\n\t\t<\/div>\n\t\t\t\t\t<\/div>\n\t\t<\/section>\n\t\t\t\t<\/div>\n\t\t","protected":false},"excerpt":{"rendered":"<p>https:\/\/www.association-ore.fr\/fr\/wp-content\/uploads\/2025\/12\/Tuto-boitier.mp4https:\/\/fablab21.fr\/wp-content\/uploads\/2025\/02\/tuto-sur-support.mp4<\/p>\n","protected":false},"author":2,"featured_media":0,"parent":6328,"menu_order":0,"comment_status":"closed","ping_status":"closed","template":"","meta":{"footnotes":""},"class_list":["post-10542","page","type-page","status-publish","hentry"],"_links":{"self":[{"href":"https:\/\/www.association-ore.fr\/fr\/wp-json\/wp\/v2\/pages\/10542","targetHints":{"allow":["GET"]}}],"collection":[{"href":"https:\/\/www.association-ore.fr\/fr\/wp-json\/wp\/v2\/pages"}],"about":[{"href":"https:\/\/www.association-ore.fr\/fr\/wp-json\/wp\/v2\/types\/page"}],"author":[{"embeddable":true,"href":"https:\/\/www.association-ore.fr\/fr\/wp-json\/wp\/v2\/users\/2"}],"replies":[{"embeddable":true,"href":"https:\/\/www.association-ore.fr\/fr\/wp-json\/wp\/v2\/comments?post=10542"}],"version-history":[{"count":4,"href":"https:\/\/www.association-ore.fr\/fr\/wp-json\/wp\/v2\/pages\/10542\/revisions"}],"predecessor-version":[{"id":10627,"href":"https:\/\/www.association-ore.fr\/fr\/wp-json\/wp\/v2\/pages\/10542\/revisions\/10627"}],"up":[{"embeddable":true,"href":"https:\/\/www.association-ore.fr\/fr\/wp-json\/wp\/v2\/pages\/6328"}],"wp:attachment":[{"href":"https:\/\/www.association-ore.fr\/fr\/wp-json\/wp\/v2\/media?parent=10542"}],"curies":[{"name":"wp","href":"https:\/\/api.w.org\/{rel}","templated":true}]}}